{"id":75464,"date":"2025-03-10T14:02:25","date_gmt":"2025-03-10T14:02:25","guid":{"rendered":"https:\/\/brandss.com.py\/index\/?post_type=product&#038;p=75464"},"modified":"2026-04-11T13:23:35","modified_gmt":"2026-04-11T13:23:35","slug":"shorts-deportivo-masculino-reebok-training-essential","status":"publish","type":"product","link":"https:\/\/brandss.com.py\/index\/producto\/shorts-deportivo-masculino-reebok-training-essential\/","title":{"rendered":"SHORTS DEPORTIVO MASCULINO REEBOK TRAINING ESSENTIAL"},"content":{"rendered":"<p><img loading=\"lazy\" decoding=\"async\" class=\"\" src=\"https:\/\/upload.wikimedia.org\/wikipedia\/commons\/thumb\/5\/53\/Reebok_2019_logo.svg\/2560px-Reebok_2019_logo.svg.png\" alt=\"Archivo:Reebok 2019 logo.svg - Wikipedia, la enciclopedia libre\" width=\"364\" height=\"184\" \/><\/p>\n<h1>GU0795-IWP06<\/h1>\n<div class=\"flex-1 grow basis-auto overflow-hidden @container\/thread\">\n<div class=\"relative h-full\">\n<div class=\"flex h-full flex-col overflow-y-auto [scrollbar-gutter:stable]\">\n<div class=\"flex flex-col text-sm md:pb-9\">\n<article class=\"w-full text-token-text-primary focus-visible:outline-2 focus-visible:outline-offset-[-4px]\" dir=\"auto\" data-testid=\"conversation-turn-9\" data-scroll-anchor=\"true\">\n<div class=\"text-base my-auto mx-auto py-[18px] px-6\">\n<div class=\"mx-auto flex flex-1 text-base gap-4 md:gap-5 lg:gap-6 md:max-w-3xl\">\n<div class=\"group\/conversation-turn relative flex w-full min-w-0 flex-col agent-turn @xs\/thread:px-0 @sm\/thread:px-1.5 @md\/thread:px-4\">\n<div class=\"flex-col gap-1 md:gap-3\">\n<div class=\"flex max-w-full flex-col flex-grow\">\n<div class=\"min-h-8 text-message relative flex w-full flex-col items-end gap-2 whitespace-normal break-words text-start [.text-message+&amp;]:mt-5\" dir=\"auto\" data-message-author-role=\"assistant\" data-message-id=\"dc941ff8-c0ff-4ac9-bfb3-8aaac07df3c7\" data-message-model-slug=\"gpt-4o\">\n<div class=\"flex w-full flex-col gap-1 empty:hidden first:pt-[3px]\">\n<div class=\"markdown prose w-full break-words dark:prose-invert light\">\n<p data-start=\"0\" data-end=\"470\">\u00e1 dise\u00f1ado para ofrecerte comodidad y seguridad en cada entrenamiento. Sabemos lo molesto que es cuando la ropa se desliza o se afloja en medio de una serie intensa, por eso este corto incorpora un <strong data-start=\"283\" data-end=\"312\">cord\u00f3n interior ajustable<\/strong> , permiti\u00e9ndote personalizar el ajuste para que permanezca en su lugar incluso durante los movimientos m\u00e1s exigentes, como escaleras de monta\u00f1a y burpees.<\/p>\n<p data-start=\"472\" data-end=\"783\">Fabricado con un tejido ligero y transpirable, este corto te mantiene fresco y seco, ayudando a evacuar el sudor r\u00e1pidamente para que puedas concentrarte en tu rendimiento sin distracciones. Su dise\u00f1o funcional incluye <strong data-start=\"691\" data-end=\"714\">bolsillos laterales<\/strong> , ideales para llevar peque\u00f1os objetos de forma segura y accesible.<\/p>\n<p data-start=\"785\" data-end=\"1204\" data-is-last-node=\"\" data-is-only-node=\"\">Adem\u00e1s de su practicidad, el dise\u00f1o en <strong data-start=\"824\" data-end=\"844\">tono gris neutro<\/strong> y el logo ic\u00f3nico de Reebok aportan un estilo moderno y vers\u00e1til, perfecto para combinar con otras prendas deportivas. Ya sea para entrenamientos de alta intensidad, sesiones en el gimnasio o actividades al aire libre,\u00a0es una opci\u00f3n confiable que te ofrece sujeci\u00f3n, comodidad y libertad de movimiento en cada repetici\u00f3n.<\/p>\n<\/div>\n<\/div>\n<\/div>\n<\/div>\n<\/div>\n<\/div>\n<\/div>\n<\/div>\n<\/article>\n<\/div>\n<\/div>\n<\/div>\n<\/div>\n","protected":false},"excerpt":{"rendered":"<p>GU0795-IWP06 \u00e1 dise\u00f1ado para ofrecerte comodidad y seguridad en cada entrenamiento. Sabemos lo molesto que es cuando la ropa se<\/p>\n","protected":false},"featured_media":75480,"comment_status":"open","ping_status":"closed","template":"","meta":{"nf_dc_page":""},"product_brand":[],"product_cat":[76],"product_tag":[],"class_list":{"0":"post-75464","1":"product","2":"type-product","3":"status-publish","4":"has-post-thumbnail","6":"product_cat-masculino","8":"first","9":"outofstock","10":"shipping-taxable","11":"purchasable","12":"product-type-simple"},"_links":{"self":[{"href":"https:\/\/brandss.com.py\/index\/wp-json\/wp\/v2\/product\/75464","targetHints":{"allow":["GET"]}}],"collection":[{"href":"https:\/\/brandss.com.py\/index\/wp-json\/wp\/v2\/product"}],"about":[{"href":"https:\/\/brandss.com.py\/index\/wp-json\/wp\/v2\/types\/product"}],"replies":[{"embeddable":true,"href":"https:\/\/brandss.com.py\/index\/wp-json\/wp\/v2\/comments?post=75464"}],"version-history":[{"count":1,"href":"https:\/\/brandss.com.py\/index\/wp-json\/wp\/v2\/product\/75464\/revisions"}],"predecessor-version":[{"id":75481,"href":"https:\/\/brandss.com.py\/index\/wp-json\/wp\/v2\/product\/75464\/revisions\/75481"}],"wp:featuredmedia":[{"embeddable":true,"href":"https:\/\/brandss.com.py\/index\/wp-json\/wp\/v2\/media\/75480"}],"wp:attachment":[{"href":"https:\/\/brandss.com.py\/index\/wp-json\/wp\/v2\/media?parent=75464"}],"wp:term":[{"taxonomy":"product_brand","embeddable":true,"href":"https:\/\/brandss.com.py\/index\/wp-json\/wp\/v2\/product_brand?post=75464"},{"taxonomy":"product_cat","embeddable":true,"href":"https:\/\/brandss.com.py\/index\/wp-json\/wp\/v2\/product_cat?post=75464"},{"taxonomy":"product_tag","embeddable":true,"href":"https:\/\/brandss.com.py\/index\/wp-json\/wp\/v2\/product_tag?post=75464"}],"curies":[{"name":"wp","href":"https:\/\/api.w.org\/{rel}","templated":true}]}}