{"id":75498,"date":"2025-03-10T14:39:40","date_gmt":"2025-03-10T14:39:40","guid":{"rendered":"https:\/\/brandss.com.py\/index\/?post_type=product&#038;p=75498"},"modified":"2025-12-22T18:13:40","modified_gmt":"2025-12-22T18:13:40","slug":"locion-corporal-lg-on-the-body-cashmere-perfume-shining-dream-400ml","status":"publish","type":"product","link":"https:\/\/brandss.com.py\/index\/producto\/locion-corporal-lg-on-the-body-cashmere-perfume-shining-dream-400ml\/","title":{"rendered":"LOCI\u00d3N CORPORAL LG ON: THE BODY CASHMERE PERFUME SHINING DREAM 400ML"},"content":{"rendered":"<p><img loading=\"lazy\" decoding=\"async\" class=\"\" src=\"https:\/\/1000marcas.net\/wp-content\/uploads\/2020\/01\/LG-simbolo.jpg\" alt=\"LG Logo - s\u00edmbolo, significado logotipo, historia, PNG\" width=\"135\" height=\"76\" \/><\/p>\n<h1>SHINING DREAM<\/h1>\n<p><span>La loci\u00f3n corporal para una piel blanca y suave Shining Dream de On The Body Cashmere Perfume se extrae de ingredientes naturales como avena, rosas, lirios y lavanda para ayudar a reponer los nutrientes para que la piel pueda recuperarse del da\u00f1o y volverse gradualmente m\u00e1s saludable.\u00a0Usos <\/span><span>de la loci\u00f3n corporal blanqueadora suave Shining Dream Smooth de On The Body Cashmere Perfume\u00a0: la loci\u00f3n corporal blanqueadora suave Shining Dream Smooth de On The Body Cashmere Perfume se extrae de ingredientes naturales como avena, rosas, lirios y lavanda para ayudar a reponer los nutrientes para que la piel pueda recuperarse del da\u00f1o y volverse gradualmente m\u00e1s saludable.\u00a0<\/span><\/p>\n<p><span>\u2013 Con una textura lechosa, el producto tambi\u00e9n ayuda a nutrir eficazmente la piel, aumentar la hidrataci\u00f3n de la piel y prevenir el envejecimiento.<\/span><\/p>\n<p><span>\u2013 Adem\u00e1s, el producto tambi\u00e9n mejora las manchas oscuras, el tono desigual de la piel, nutre la piel blanca sana, proporcion\u00e1ndole una piel fresca y radiante.<\/span><\/p>\n<p><span>\u2013 La f\u00f3rmula de r\u00e1pida absorci\u00f3n ayuda a que los nutrientes penetren r\u00e1pidamente en cada c\u00e9lula de la piel, cuidando y mimando tu piel.<\/span><\/p>\n<p><span>\u2013 La piel no solo es suave y c\u00f3moda de usar, sino que tambi\u00e9n emana un aroma muy suave y atractivo de flores naturales, lo que brinda a las ni\u00f1as m\u00e1s confianza y belleza.<\/span><\/p>\n<p><strong>Ingredientes<\/strong><\/p>\n<p><span>Manteca de karit\u00e9, aceite de semilla de macadamia.<\/span><\/p>\n<p><strong>Instrucciones<\/strong><\/p>\n<p><span>\u2013 Limpiar el cuerpo antes de usar.<\/span><br \/>\n<span>\u2013 Aplicar una peque\u00f1a cantidad de loci\u00f3n corporal sobre la piel, distribuir uniformemente y masajear suavemente para permitir su absorci\u00f3n.<\/span><br \/>\n<span>\u2013 \u00daselo regularmente todos los d\u00edas para obtener mejores resultados.<\/span><\/p>\n","protected":false},"excerpt":{"rendered":"<p>SHINING DREAM La loci\u00f3n corporal para una piel blanca y suave Shining Dream de On The Body Cashmere Perfume se<\/p>\n","protected":false},"featured_media":75499,"comment_status":"open","ping_status":"closed","template":"","meta":{"nf_dc_page":""},"product_brand":[427],"product_cat":[85],"product_tag":[432],"class_list":{"0":"post-75498","1":"product","2":"type-product","3":"status-publish","4":"has-post-thumbnail","6":"product_brand-lg","7":"product_cat-cosmeticos","8":"product_tag-432","10":"first","11":"instock","12":"shipping-taxable","13":"purchasable","14":"product-type-simple"},"_links":{"self":[{"href":"https:\/\/brandss.com.py\/index\/wp-json\/wp\/v2\/product\/75498","targetHints":{"allow":["GET"]}}],"collection":[{"href":"https:\/\/brandss.com.py\/index\/wp-json\/wp\/v2\/product"}],"about":[{"href":"https:\/\/brandss.com.py\/index\/wp-json\/wp\/v2\/types\/product"}],"replies":[{"embeddable":true,"href":"https:\/\/brandss.com.py\/index\/wp-json\/wp\/v2\/comments?post=75498"}],"version-history":[{"count":1,"href":"https:\/\/brandss.com.py\/index\/wp-json\/wp\/v2\/product\/75498\/revisions"}],"predecessor-version":[{"id":75506,"href":"https:\/\/brandss.com.py\/index\/wp-json\/wp\/v2\/product\/75498\/revisions\/75506"}],"wp:featuredmedia":[{"embeddable":true,"href":"https:\/\/brandss.com.py\/index\/wp-json\/wp\/v2\/media\/75499"}],"wp:attachment":[{"href":"https:\/\/brandss.com.py\/index\/wp-json\/wp\/v2\/media?parent=75498"}],"wp:term":[{"taxonomy":"product_brand","embeddable":true,"href":"https:\/\/brandss.com.py\/index\/wp-json\/wp\/v2\/product_brand?post=75498"},{"taxonomy":"product_cat","embeddable":true,"href":"https:\/\/brandss.com.py\/index\/wp-json\/wp\/v2\/product_cat?post=75498"},{"taxonomy":"product_tag","embeddable":true,"href":"https:\/\/brandss.com.py\/index\/wp-json\/wp\/v2\/product_tag?post=75498"}],"curies":[{"name":"wp","href":"https:\/\/api.w.org\/{rel}","templated":true}]}}