{"id":75534,"date":"2025-03-10T17:16:40","date_gmt":"2025-03-10T17:16:40","guid":{"rendered":"https:\/\/brandss.com.py\/index\/?post_type=product&#038;p=75534"},"modified":"2026-04-11T13:23:35","modified_gmt":"2026-04-11T13:23:35","slug":"camiseta-deportivo-femenino-reebok-te-graphic","status":"publish","type":"product","link":"https:\/\/brandss.com.py\/index\/producto\/camiseta-deportivo-femenino-reebok-te-graphic\/","title":{"rendered":"CAMISETA DEPORTIVO FEMENINO REEBOK TE-GRAPHIC"},"content":{"rendered":"<p><img loading=\"lazy\" decoding=\"async\" class=\"\" src=\"https:\/\/1000marcas.net\/wp-content\/uploads\/2019\/12\/logo-Reebok.png\" alt=\"Reebok Logo - s\u00edmbolo, significado logotipo, historia, PNG\" width=\"304\" height=\"171\" \/><\/p>\n<h1>HT2401<\/h1>\n<div class=\"flex-1 grow basis-auto overflow-hidden @container\/thread\">\n<div class=\"relative h-full\">\n<div class=\"flex h-full flex-col overflow-y-auto [scrollbar-gutter:stable]\">\n<div class=\"flex flex-col text-sm\">\n<article class=\"w-full text-token-text-primary focus-visible:outline-2 focus-visible:outline-offset-[-4px]\" dir=\"auto\" data-testid=\"conversation-turn-7\" data-scroll-anchor=\"true\">\n<div class=\"text-base my-auto mx-auto py-[18px] px-6\">\n<div class=\"mx-auto flex flex-1 text-base gap-4 md:gap-5 lg:gap-6 md:max-w-3xl\">\n<div class=\"group\/conversation-turn relative flex w-full min-w-0 flex-col agent-turn @xs\/thread:px-0 @sm\/thread:px-1.5 @md\/thread:px-4\">\n<div class=\"flex-col gap-1 md:gap-3\">\n<div class=\"flex max-w-full flex-col flex-grow\">\n<div class=\"min-h-8 text-message relative flex w-full flex-col items-end gap-2 whitespace-normal break-words text-start [.text-message+&amp;]:mt-5\" dir=\"auto\" data-message-author-role=\"assistant\" data-message-id=\"dc8c82d3-0d08-46c6-a8a1-29f5db6f0230\" data-message-model-slug=\"gpt-4o-mini\">\n<div class=\"flex w-full flex-col gap-1 empty:hidden first:pt-[3px]\">\n<div class=\"markdown prose w-full break-words dark:prose-invert light\">\n<p data-start=\"0\" data-end=\"404\">es una prenda que combina comodidad, estilo y rendimiento, pensada especialmente para la mujer activa que busca comodidad durante sus actividades diarias o deportivas. Esta camiseta, confeccionada en algod\u00f3n de alta calidad, ofrece una sensaci\u00f3n suave y natural al tacto, ideal para mantenerte fresco y c\u00f3modo durante todo el d\u00eda.<\/p>\n<p data-start=\"406\" data-end=\"734\">El dise\u00f1o de manga corta proporciona una libertad de movimiento excelente, lo que la hace perfecta tanto para entrenamientos en el gimnasio como para actividades al aire libre o incluso para usarla de manera casual en tu d\u00eda a d\u00eda. Su corte es moderno y c\u00f3modo, adapt\u00e1ndose bien a la figura femenina sin perder la funcionalidad.<\/p>\n<p data-start=\"736\" data-end=\"1055\">El color <strong data-start=\"745\" data-end=\"765\">naranja vibrante<\/strong> de la prenda destaca y aporta un toque de energ\u00eda, ideal para aquellos d\u00edas en los que buscas destacar y sentirte llena de vitalidad. El logotipo de <strong data-start=\"915\" data-end=\"925\">Reebok<\/strong> se encuentra discretamente ubicado en el pecho, a\u00f1adiendo un toque de autenticidad y estilo deportivo que caracteriza a la marca.<\/p>\n<p data-start=\"1057\" data-end=\"1400\">El <strong data-start=\"1060\" data-end=\"1071\">algod\u00f3n<\/strong> utilizado en su fabricaci\u00f3n permite que la piel respire, lo que hace que esta camiseta sea una opci\u00f3n ideal para entrenamientos intensos o incluso para un d\u00eda de descanso. Su versatilidad la convierte en una pieza f\u00e1cil de combinar, ya sea con pantalones deportivos, leggings, o incluso con unos jeans para un look m\u00e1s relajado.<\/p>\n<p data-start=\"1402\" data-end=\"1720\">Adem\u00e1s, el <strong data-start=\"1413\" data-end=\"1430\">corte regular<\/strong> de la camiseta proporciona un ajuste c\u00f3modo, sin ser demasiado ajustado ni demasiado suelto, lo que te permite disfrutar de la m\u00e1xima comodidad durante todo el d\u00eda. Es una prenda que se adapta perfectamente a la rutina de la mujer moderna, que busca funcionalidad sin sacrificar el estilo.<\/p>\n<p data-start=\"1722\" data-end=\"2014\" data-is-last-node=\"\" data-is-only-node=\"\">En resumen, la <strong data-start=\"1737\" data-end=\"1789\">Camiseta de Manga Corta Reebok para Mujer HT2401<\/strong> es una elecci\u00f3n ideal para las mujeres que buscan una camiseta c\u00f3moda, de calidad y con un dise\u00f1o deportivo, apta para todo tipo de actividades, ya sea para el gimnasio, salidas casuales o simplemente para relajarse en casa.<\/p>\n<\/div>\n<\/div>\n<\/div>\n<\/div>\n<\/div>\n<\/div>\n<\/div>\n<\/div>\n<\/article>\n<\/div>\n<\/div>\n<\/div>\n<\/div>\n","protected":false},"excerpt":{"rendered":"<p>HT2401 es una prenda que combina comodidad, estilo y rendimiento, pensada especialmente para la mujer activa que busca comodidad durante<\/p>\n","protected":false},"featured_media":75575,"comment_status":"open","ping_status":"closed","template":"","meta":{"nf_dc_page":""},"product_brand":[],"product_cat":[73],"product_tag":[],"class_list":{"0":"post-75534","1":"product","2":"type-product","3":"status-publish","4":"has-post-thumbnail","6":"product_cat-femenino","8":"first","9":"outofstock","10":"shipping-taxable","11":"purchasable","12":"product-type-simple"},"_links":{"self":[{"href":"https:\/\/brandss.com.py\/index\/wp-json\/wp\/v2\/product\/75534","targetHints":{"allow":["GET"]}}],"collection":[{"href":"https:\/\/brandss.com.py\/index\/wp-json\/wp\/v2\/product"}],"about":[{"href":"https:\/\/brandss.com.py\/index\/wp-json\/wp\/v2\/types\/product"}],"replies":[{"embeddable":true,"href":"https:\/\/brandss.com.py\/index\/wp-json\/wp\/v2\/comments?post=75534"}],"version-history":[{"count":2,"href":"https:\/\/brandss.com.py\/index\/wp-json\/wp\/v2\/product\/75534\/revisions"}],"predecessor-version":[{"id":75576,"href":"https:\/\/brandss.com.py\/index\/wp-json\/wp\/v2\/product\/75534\/revisions\/75576"}],"wp:featuredmedia":[{"embeddable":true,"href":"https:\/\/brandss.com.py\/index\/wp-json\/wp\/v2\/media\/75575"}],"wp:attachment":[{"href":"https:\/\/brandss.com.py\/index\/wp-json\/wp\/v2\/media?parent=75534"}],"wp:term":[{"taxonomy":"product_brand","embeddable":true,"href":"https:\/\/brandss.com.py\/index\/wp-json\/wp\/v2\/product_brand?post=75534"},{"taxonomy":"product_cat","embeddable":true,"href":"https:\/\/brandss.com.py\/index\/wp-json\/wp\/v2\/product_cat?post=75534"},{"taxonomy":"product_tag","embeddable":true,"href":"https:\/\/brandss.com.py\/index\/wp-json\/wp\/v2\/product_tag?post=75534"}],"curies":[{"name":"wp","href":"https:\/\/api.w.org\/{rel}","templated":true}]}}