{"id":75543,"date":"2025-03-10T17:33:40","date_gmt":"2025-03-10T17:33:40","guid":{"rendered":"https:\/\/brandss.com.py\/index\/?post_type=product&#038;p=75543"},"modified":"2026-04-11T13:23:35","modified_gmt":"2026-04-11T13:23:35","slug":"camiseta-deportivo-sin-mangas-masculino-reebok-running-camisilla","status":"publish","type":"product","link":"https:\/\/brandss.com.py\/index\/producto\/camiseta-deportivo-sin-mangas-masculino-reebok-running-camisilla\/","title":{"rendered":"CAMISETA DEPORTIVO SIN MANGAS MASCULINO REEBOK RUNNING (CAMISILLA)"},"content":{"rendered":"<p><img loading=\"lazy\" decoding=\"async\" class=\"\" src=\"https:\/\/1000marcas.net\/wp-content\/uploads\/2019\/12\/logo-Reebok.png\" alt=\"Reebok Logo - s\u00edmbolo, significado logotipo, historia, PNG\" width=\"402\" height=\"226\" \/><\/p>\n<h1>HT3717-CN076<\/h1>\n<p data-start=\"0\" data-end=\"565\"><span>La <\/span><strong data-start=\"3\" data-end=\"80\"><span>Camiseta sin Mangas de Running para Hombre Reebok (Colecci\u00f3n [REE]CYCLED)<\/span><\/strong><span> es la opci\u00f3n perfecta para mantenerte fresco y c\u00f3modo mientras entrenas, especialmente cuando las temperaturas suben y tu ritmo de carrera se acelera. Formando parte de la l\u00ednea <\/span><strong data-start=\"259\" data-end=\"274\"><span>[REE]CYCLED<\/span><\/strong><span> de Reebok, esta prenda est\u00e1 dise\u00f1ada con al menos un <\/span><strong data-start=\"328\" data-end=\"360\"><span>30% de materiales reciclados<\/span><\/strong><span> , lo que la convierte en una opci\u00f3n ecol\u00f3gica al mismo tiempo que mantienes tu rendimiento en su mejor nivel. Adem\u00e1s, se evita el uso de <\/span><strong data-start=\"497\" data-end=\"517\"><span>poli\u00e9ster virgen<\/span><\/strong><span> , contribuyendo a la sostenibilidad del planeta.<\/span><\/p>\n<p data-start=\"567\" data-end=\"933\"><span>El <\/span><strong data-start=\"570\" data-end=\"590\"><span>tejido Speedwick<\/span><\/strong><span> de la camiseta, fabricado en <\/span><strong data-start=\"620\" data-end=\"648\"><span>100% poli\u00e9ster reciclado<\/span><\/strong><span> , es altamente eficiente para <\/span><strong data-start=\"678\" data-end=\"700\"><span>repeler la humedad<\/span><\/strong><span> , manteni\u00e9ndote seco y c\u00f3modo, incluso durante entrenamientos intensos. Los <\/span><strong data-start=\"776\" data-end=\"796\"><span>paneles de malla<\/span><\/strong><span> en la espalda aseguran una <\/span><strong data-start=\"824\" data-end=\"846\"><span>ventilaci\u00f3n \u00f3ptima<\/span><\/strong><span> , lo que te ayuda a mantener una sensaci\u00f3n de frescura incluso cuando el calor aprieta.<\/span><\/p>\n<p data-start=\"935\" data-end=\"1380\"><span>Con su <\/span><strong data-start=\"942\" data-end=\"959\"><span>corte regular<\/span><\/strong><span> , esta camiseta ofrece un ajuste c\u00f3modo que se adapta a tu cuerpo sin restringir tu movimiento, permiti\u00e9ndote concentrarte en lo que realmente importa: tu entrenamiento. El <\/span><strong data-start=\"1132\" data-end=\"1150\"><span>cuello redondo<\/span><\/strong><span> le da un toque cl\u00e1sico y sin complicaciones, mientras que los <\/span><strong data-start=\"1213\" data-end=\"1238\"><span>detalles reflectantes<\/span><\/strong><span> en la prenda aumentan tu visibilidad en condiciones de poca luz, asegurando que corras de manera m\u00e1s segura en horas de la ma\u00f1ana o la noche.<\/span><\/p>\n<p data-start=\"1382\" data-end=\"1767\" data-is-last-node=\"\" data-is-only-node=\"\"><span>Esta camiseta sin mangas no solo es ideal para <\/span><strong data-start=\"1429\" data-end=\"1440\"><span>correr<\/span><\/strong><span> , sino que tambi\u00e9n es vers\u00e1til para otros tipos de entrenamientos o actividades deportivas. Con su combinaci\u00f3n de tecnolog\u00eda, sostenibilidad y dise\u00f1o, la <\/span><strong data-start=\"1594\" data-end=\"1635\"><span>Camiseta sin Mangas de Running Reebok<\/span><\/strong><span> es una excelente elecci\u00f3n para los corredores que buscan mejorar su rendimiento sin dejar de lado el respeto por el medio ambiente.<\/span><\/p>\n","protected":false},"excerpt":{"rendered":"<p>HT3717-CN076 La Camiseta sin Mangas de Running para Hombre Reebok (Colecci\u00f3n [REE]CYCLED) es la opci\u00f3n perfecta para mantenerte fresco y<\/p>\n","protected":false},"featured_media":75544,"comment_status":"open","ping_status":"closed","template":"","meta":{"nf_dc_page":""},"product_brand":[],"product_cat":[76],"product_tag":[],"class_list":{"0":"post-75543","1":"product","2":"type-product","3":"status-publish","4":"has-post-thumbnail","6":"product_cat-masculino","8":"first","9":"outofstock","10":"shipping-taxable","11":"purchasable","12":"product-type-simple"},"_links":{"self":[{"href":"https:\/\/brandss.com.py\/index\/wp-json\/wp\/v2\/product\/75543","targetHints":{"allow":["GET"]}}],"collection":[{"href":"https:\/\/brandss.com.py\/index\/wp-json\/wp\/v2\/product"}],"about":[{"href":"https:\/\/brandss.com.py\/index\/wp-json\/wp\/v2\/types\/product"}],"replies":[{"embeddable":true,"href":"https:\/\/brandss.com.py\/index\/wp-json\/wp\/v2\/comments?post=75543"}],"version-history":[{"count":1,"href":"https:\/\/brandss.com.py\/index\/wp-json\/wp\/v2\/product\/75543\/revisions"}],"predecessor-version":[{"id":75547,"href":"https:\/\/brandss.com.py\/index\/wp-json\/wp\/v2\/product\/75543\/revisions\/75547"}],"wp:featuredmedia":[{"embeddable":true,"href":"https:\/\/brandss.com.py\/index\/wp-json\/wp\/v2\/media\/75544"}],"wp:attachment":[{"href":"https:\/\/brandss.com.py\/index\/wp-json\/wp\/v2\/media?parent=75543"}],"wp:term":[{"taxonomy":"product_brand","embeddable":true,"href":"https:\/\/brandss.com.py\/index\/wp-json\/wp\/v2\/product_brand?post=75543"},{"taxonomy":"product_cat","embeddable":true,"href":"https:\/\/brandss.com.py\/index\/wp-json\/wp\/v2\/product_cat?post=75543"},{"taxonomy":"product_tag","embeddable":true,"href":"https:\/\/brandss.com.py\/index\/wp-json\/wp\/v2\/product_tag?post=75543"}],"curies":[{"name":"wp","href":"https:\/\/api.w.org\/{rel}","templated":true}]}}