{"id":75548,"date":"2025-03-10T17:48:11","date_gmt":"2025-03-10T17:48:11","guid":{"rendered":"https:\/\/brandss.com.py\/index\/?post_type=product&#038;p=75548"},"modified":"2025-09-25T12:20:48","modified_gmt":"2025-09-25T12:20:48","slug":"espuma-limpiadora-facial-vidivici-face-clear-perfect-120ml","status":"publish","type":"product","link":"https:\/\/brandss.com.py\/index\/producto\/espuma-limpiadora-facial-vidivici-face-clear-perfect-120ml\/","title":{"rendered":"ESPUMA LIMPIADORA FACIAL VIDIVICI FACE CLEAR PERFECT 120ML"},"content":{"rendered":"<p><img loading=\"lazy\" decoding=\"async\" class=\"\" src=\"https:\/\/encrypted-tbn0.gstatic.com\/images?q=tbn:ANd9GcQbvFXgFTDIGdCRb-Sk2OUrTMd1NtwJy-nvuA&amp;s\" alt=\"vidi vici_\u767e\u5ea6\u767e\u79d1\" width=\"90\" height=\"90\" \/><\/p>\n<h2>FACE CLEAR PERFECT<\/h2>\n<p>Esta espuma limpiadora elimina suavemente el maquillaje y las impurezas, dejando la piel limpia y fresca.<\/p>\n<p><img loading=\"lazy\" decoding=\"async\" class=\"alignleft\" src=\"https:\/\/static.lottedfs.com\/contents\/images\/brnd-img\/17793\/KO\/2022062714274656251a4deb45ec2430f8b3b2f69f6afc9a1.jpg\" width=\"731\" height=\"358\" \/><\/p>\n<p><span class=\"a-list-item\"><span><strong>LIMPIEZA SIN IRRITACI\u00d3N:<\/strong><br \/>\n<\/span><\/span><span class=\"a-list-item\"><span><br \/>\nLa espuma limpiadora facial Vidivici Face Clear Perfect contiene aceite de semilla de moringa, complejo de hierbas y \u00e1cido hialur\u00f3nico. Estos ingredientes suaves y efectivos de nuestro limpiador facial alivian la piel con problemas y eliminan las impurezas sin causar irritaci\u00f3n.<\/p>\n<p><\/span><\/span><\/p>\n<p>&nbsp;<\/p>\n<p><strong><span class=\"a-list-item\">CREA UNA ESPUMA ESPONJOSA Y MASCARABLE: <\/span><\/strong><\/p>\n<p>&nbsp;<\/p>\n<p><span class=\"a-list-item\"><span>Este limpiador para pieles sensibles crea una espuma densa y suave que se suaviza a\u00fan m\u00e1s despu\u00e9s de pasarlo por el rostro. El limpiador facial est\u00e1 formulado para ser ligero y limpiar la piel sin resecarla, mientras que la espuma burbujeante elimina las impurezas de la piel suave.<\/span><\/span><\/p>\n<p>&nbsp;<\/p>\n<p><strong><span class=\"a-list-item\">F\u00d3RMULA PARA ELIMINAR EL POLVO FINO: <\/span><\/strong><\/p>\n<p>&nbsp;<\/p>\n<p><span class=\"a-list-item\"><span>Vidivici te ofrece un limpiador facial exfoliante suave que limpiar\u00e1 a fondo y eliminar\u00e1 el polvo fino acumulado y las c\u00e9lulas cut\u00e1neas muertas. La espuma densa elimina delicadamente el exceso de grasa y las impurezas de la piel y ayuda a mejorar la textura de la misma.<\/span><\/span><\/p>\n<p>&nbsp;<\/p>\n<p><strong><span class=\"a-list-item\">CONTROL DEL SEBO Y TERMINACI\u00d3N DE LOS POROS: <\/span><\/strong><\/p>\n<p>&nbsp;<\/p>\n<p><span class=\"a-list-item\"><span>E<\/span><\/span><span class=\"a-list-item\"><span>ste limpiador hidratante para pieles secas y grasas regula la grasa de la piel. A diferencia de otras espumas faciales, nuestro limpiador facial en espuma elimina y regula el sebo y cierra los poros para que la piel luzca m\u00e1s joven, luminosa, tersa, tonificada y con textura.<\/span><\/span><\/p>\n<p>&nbsp;<\/p>\n<p><strong><span class=\"a-list-item\">ESPUMA LIMPIADORA F\u00c1CIL DE APLICAR: <\/span><\/strong><\/p>\n<p>&nbsp;<\/p>\n<p><span class=\"a-list-item\"><span>Tome una cantidad adecuada de Vidivici Face Clear Perfect Cleansing Foam y haga suficiente espuma al lavarse el rostro. Enrolle y limpie como si estuviera masajeando con la espuma suave para derretir las impurezas. Enjuague con agua tibia para obtener una textura de piel suave.<\/span><\/span><\/p>\n","protected":false},"excerpt":{"rendered":"<p>FACE CLEAR PERFECT Esta espuma limpiadora elimina suavemente el maquillaje y las impurezas, dejando la piel limpia y fresca. LIMPIEZA<\/p>\n","protected":false},"featured_media":75557,"comment_status":"open","ping_status":"closed","template":"","meta":{"nf_dc_page":""},"product_brand":[],"product_cat":[104],"product_tag":[433],"class_list":{"0":"post-75548","1":"product","2":"type-product","3":"status-publish","4":"has-post-thumbnail","6":"product_cat-skin-care","7":"product_tag-433","9":"first","10":"instock","11":"shipping-taxable","12":"purchasable","13":"product-type-simple"},"_links":{"self":[{"href":"https:\/\/brandss.com.py\/index\/wp-json\/wp\/v2\/product\/75548","targetHints":{"allow":["GET"]}}],"collection":[{"href":"https:\/\/brandss.com.py\/index\/wp-json\/wp\/v2\/product"}],"about":[{"href":"https:\/\/brandss.com.py\/index\/wp-json\/wp\/v2\/types\/product"}],"replies":[{"embeddable":true,"href":"https:\/\/brandss.com.py\/index\/wp-json\/wp\/v2\/comments?post=75548"}],"version-history":[{"count":1,"href":"https:\/\/brandss.com.py\/index\/wp-json\/wp\/v2\/product\/75548\/revisions"}],"predecessor-version":[{"id":75567,"href":"https:\/\/brandss.com.py\/index\/wp-json\/wp\/v2\/product\/75548\/revisions\/75567"}],"wp:featuredmedia":[{"embeddable":true,"href":"https:\/\/brandss.com.py\/index\/wp-json\/wp\/v2\/media\/75557"}],"wp:attachment":[{"href":"https:\/\/brandss.com.py\/index\/wp-json\/wp\/v2\/media?parent=75548"}],"wp:term":[{"taxonomy":"product_brand","embeddable":true,"href":"https:\/\/brandss.com.py\/index\/wp-json\/wp\/v2\/product_brand?post=75548"},{"taxonomy":"product_cat","embeddable":true,"href":"https:\/\/brandss.com.py\/index\/wp-json\/wp\/v2\/product_cat?post=75548"},{"taxonomy":"product_tag","embeddable":true,"href":"https:\/\/brandss.com.py\/index\/wp-json\/wp\/v2\/product_tag?post=75548"}],"curies":[{"name":"wp","href":"https:\/\/api.w.org\/{rel}","templated":true}]}}