{"id":75577,"date":"2025-03-10T18:46:56","date_gmt":"2025-03-10T18:46:56","guid":{"rendered":"https:\/\/brandss.com.py\/index\/?post_type=product&#038;p=75577"},"modified":"2026-04-21T11:37:42","modified_gmt":"2026-04-21T11:37:42","slug":"calzado-casual-nike-court-vision-mid","status":"publish","type":"product","link":"https:\/\/brandss.com.py\/index\/producto\/calzado-casual-nike-court-vision-mid\/","title":{"rendered":"CALZADO CASUAL NIKE COURT VISION MID"},"content":{"rendered":"<h1 data-start=\"0\" data-end=\"76\"><img loading=\"lazy\" decoding=\"async\" class=\"\" src=\"https:\/\/i0.wp.com\/1000marcas.net\/wp-content\/uploads\/2019\/11\/Logo-Nike.jpg?resize=112%2C63&amp;ssl=1\" alt=\"Logo de Nike: la historia y el significado del logotipo, la marca y el  s\u00edmbolo. | png, vector\" width=\"197\" height=\"111\" \/><\/h1>\n<h1 data-start=\"0\" data-end=\"76\">Nike Court Vision Mid CD5436-102<\/h1>\n<p data-start=\"78\" data-end=\"380\">Las <strong data-start=\"82\" data-end=\"107\">Nike Court Vision Mid<\/strong> (CD5436-102) combinan un dise\u00f1o cl\u00e1sico de baloncesto con detalles modernos, ofreciendo un calzado vers\u00e1til y c\u00f3modo para el d\u00eda a d\u00eda. Su construcci\u00f3n en materiales duraderos y su suela de gran tracci\u00f3n las convierten en una opci\u00f3n ideal para un estilo urbano y casual.<\/p>\n<h3 data-start=\"382\" data-end=\"408\"><strong data-start=\"386\" data-end=\"406\">Caracter\u00edsticas:<\/strong><\/h3>\n<ul data-start=\"409\" data-end=\"953\">\n<li data-start=\"409\" data-end=\"428\"><strong data-start=\"411\" data-end=\"421\">Marca:<\/strong> Nike<\/li>\n<li data-start=\"429\" data-end=\"474\"><strong data-start=\"431\" data-end=\"442\">Modelo:<\/strong> Court Vision Mid (CD5436-102)<\/li>\n<li data-start=\"475\" data-end=\"510\"><strong data-start=\"477\" data-end=\"486\">Tipo:<\/strong> Calzado casual unisex<\/li>\n<li data-start=\"511\" data-end=\"589\"><strong data-start=\"513\" data-end=\"526\">Material:<\/strong> Capellada de cuero sint\u00e9tico y textil para mayor resistencia<\/li>\n<li data-start=\"590\" data-end=\"653\"><strong data-start=\"592\" data-end=\"603\">Dise\u00f1o:<\/strong> Inspirado en el baloncesto retro de los a\u00f1os 80<\/li>\n<li data-start=\"654\" data-end=\"709\"><strong data-start=\"656\" data-end=\"667\">Ajuste:<\/strong> Cordones cl\u00e1sicos para un ajuste seguro<\/li>\n<li data-start=\"710\" data-end=\"770\"><strong data-start=\"712\" data-end=\"722\">Suela:<\/strong> Goma con patr\u00f3n de tracci\u00f3n para mayor agarre<\/li>\n<li data-start=\"771\" data-end=\"828\"><strong data-start=\"773\" data-end=\"783\">Color:<\/strong> Blanco con detalles en negro (White\/Black)<\/li>\n<li data-start=\"829\" data-end=\"881\"><strong data-start=\"831\" data-end=\"851\">Uso recomendado:<\/strong> Uso diario, casual y urbano<\/li>\n<li data-start=\"882\" data-end=\"922\"><strong data-start=\"884\" data-end=\"895\">Estilo:<\/strong> Retro y moderno a la vez<\/li>\n<li data-start=\"923\" data-end=\"953\"><strong data-start=\"925\" data-end=\"939\">Temporada:<\/strong> Todo el a\u00f1o<\/li>\n<\/ul>\n<h3 data-start=\"955\" data-end=\"984\"><strong data-start=\"959\" data-end=\"982\">El paquete incluye:<\/strong><\/h3>\n<ul>\n<li data-start=\"985\" data-end=\"1066\">1 x Par de zapatillas Nike Court Vision Mid<\/li>\n<li data-start=\"985\" data-end=\"1066\">1 x Caja original de la marca<\/li>\n<\/ul>\n<p data-start=\"1068\" data-end=\"1218\" data-is-last-node=\"\" data-is-only-node=\"\"><strong data-start=\"1068\" data-end=\"1089\">Tipo de producto:<\/strong> Calzado casual de inspiraci\u00f3n deportiva, perfecto para quienes buscan un look cl\u00e1sico con la comodidad de la tecnolog\u00eda moderna.<\/p>\n","protected":false},"excerpt":{"rendered":"<p>Nike Court Vision Mid CD5436-102 Las Nike Court Vision Mid (CD5436-102) combinan un dise\u00f1o cl\u00e1sico de baloncesto con detalles modernos,<\/p>\n","protected":false},"featured_media":75579,"comment_status":"open","ping_status":"closed","template":"","meta":{"nf_dc_page":""},"product_brand":[],"product_cat":[76],"product_tag":[],"class_list":{"0":"post-75577","1":"product","2":"type-product","3":"status-publish","4":"has-post-thumbnail","6":"product_cat-masculino","8":"first","9":"outofstock","10":"shipping-taxable","11":"purchasable","12":"product-type-simple"},"_links":{"self":[{"href":"https:\/\/brandss.com.py\/index\/wp-json\/wp\/v2\/product\/75577","targetHints":{"allow":["GET"]}}],"collection":[{"href":"https:\/\/brandss.com.py\/index\/wp-json\/wp\/v2\/product"}],"about":[{"href":"https:\/\/brandss.com.py\/index\/wp-json\/wp\/v2\/types\/product"}],"replies":[{"embeddable":true,"href":"https:\/\/brandss.com.py\/index\/wp-json\/wp\/v2\/comments?post=75577"}],"version-history":[{"count":3,"href":"https:\/\/brandss.com.py\/index\/wp-json\/wp\/v2\/product\/75577\/revisions"}],"predecessor-version":[{"id":75587,"href":"https:\/\/brandss.com.py\/index\/wp-json\/wp\/v2\/product\/75577\/revisions\/75587"}],"wp:featuredmedia":[{"embeddable":true,"href":"https:\/\/brandss.com.py\/index\/wp-json\/wp\/v2\/media\/75579"}],"wp:attachment":[{"href":"https:\/\/brandss.com.py\/index\/wp-json\/wp\/v2\/media?parent=75577"}],"wp:term":[{"taxonomy":"product_brand","embeddable":true,"href":"https:\/\/brandss.com.py\/index\/wp-json\/wp\/v2\/product_brand?post=75577"},{"taxonomy":"product_cat","embeddable":true,"href":"https:\/\/brandss.com.py\/index\/wp-json\/wp\/v2\/product_cat?post=75577"},{"taxonomy":"product_tag","embeddable":true,"href":"https:\/\/brandss.com.py\/index\/wp-json\/wp\/v2\/product_tag?post=75577"}],"curies":[{"name":"wp","href":"https:\/\/api.w.org\/{rel}","templated":true}]}}