{"id":75585,"date":"2025-03-10T18:55:10","date_gmt":"2025-03-10T18:55:10","guid":{"rendered":"https:\/\/brandss.com.py\/index\/?post_type=product&#038;p=75585"},"modified":"2025-11-24T12:09:51","modified_gmt":"2025-11-24T12:09:51","slug":"crema-dental-median-dental-care-original-120g","status":"publish","type":"product","link":"https:\/\/brandss.com.py\/index\/producto\/crema-dental-median-dental-care-original-120g\/","title":{"rendered":"CREMA DENTAL MEDIAN DENTAL CARE ORIGINAL 120G"},"content":{"rendered":"<h1>ORIGINAL<\/h1>\n<p>&nbsp;<\/p>\n<p>Pasta de dientes de limpieza profunda que previene eficazmente la formaci\u00f3n de sarro ya que su ingrediente principal es el pirofosfato de sodio, que tiene el efecto de inhibir la formaci\u00f3n de sarro.<\/p>\n<p>La pasta de dientes Median Dental IQ 93%\u00a0\u00a0es muy eficaz para prevenir las bacterias que causan el sarro y los dientes amarillos, hasta en un 93 %. Sus ingredientes de menta fresca ayudan a prevenir y reducir el mal aliento. Adem\u00e1s, el extracto de lim\u00f3n de la pasta de dientes tiene propiedades antibacterianas, lo que ayuda a prevenir las alergias y la caries dental. La pasta de dientes tambi\u00e9n crea una pel\u00edcula protectora que lucha contra la gingivitis y ayuda a proteger las enc\u00edas.<\/p>\n<div class=\"woocommerce-product-details__short-description\">\n<p>Pasta de dientes original, ideal para toda la familia. Con un suave y dulce aroma a menta.<\/p>\n<ul>\n<li data-sourcepos=\"2:5-2:89\">Hasta un 93% de eficacia para prevenir la acumulaci\u00f3n de placa y sarro.<\/li>\n<li data-sourcepos=\"3:5-3:42\">Ayuda a blanquear los dientes y eliminar manchas.<\/li>\n<li data-sourcepos=\"4:5-4:44\">Refresca el aliento con un fresco sabor a menta.<\/li>\n<li data-sourcepos=\"5:5-5:59\">Protege las enc\u00edas de la irritaci\u00f3n con una pel\u00edcula protectora.<\/li>\n<li data-sourcepos=\"6:5-6:57\">Contiene extracto de lim\u00f3n con propiedades antibacterianas.<\/li>\n<\/ul>\n<p>&nbsp;<\/p>\n<\/div>\n","protected":false},"excerpt":{"rendered":"<p>ORIGINAL &nbsp; Pasta de dientes de limpieza profunda que previene eficazmente la formaci\u00f3n de sarro ya que su ingrediente principal<\/p>\n","protected":false},"featured_media":75594,"comment_status":"open","ping_status":"closed","template":"","meta":{"nf_dc_page":""},"product_brand":[],"product_cat":[94],"product_tag":[1444],"class_list":{"0":"post-75585","1":"product","2":"type-product","3":"status-publish","4":"has-post-thumbnail","6":"product_cat-higiene-personal","7":"product_tag-1444","9":"first","10":"outofstock","11":"shipping-taxable","12":"purchasable","13":"product-type-simple"},"_links":{"self":[{"href":"https:\/\/brandss.com.py\/index\/wp-json\/wp\/v2\/product\/75585","targetHints":{"allow":["GET"]}}],"collection":[{"href":"https:\/\/brandss.com.py\/index\/wp-json\/wp\/v2\/product"}],"about":[{"href":"https:\/\/brandss.com.py\/index\/wp-json\/wp\/v2\/types\/product"}],"replies":[{"embeddable":true,"href":"https:\/\/brandss.com.py\/index\/wp-json\/wp\/v2\/comments?post=75585"}],"version-history":[{"count":2,"href":"https:\/\/brandss.com.py\/index\/wp-json\/wp\/v2\/product\/75585\/revisions"}],"predecessor-version":[{"id":75601,"href":"https:\/\/brandss.com.py\/index\/wp-json\/wp\/v2\/product\/75585\/revisions\/75601"}],"wp:featuredmedia":[{"embeddable":true,"href":"https:\/\/brandss.com.py\/index\/wp-json\/wp\/v2\/media\/75594"}],"wp:attachment":[{"href":"https:\/\/brandss.com.py\/index\/wp-json\/wp\/v2\/media?parent=75585"}],"wp:term":[{"taxonomy":"product_brand","embeddable":true,"href":"https:\/\/brandss.com.py\/index\/wp-json\/wp\/v2\/product_brand?post=75585"},{"taxonomy":"product_cat","embeddable":true,"href":"https:\/\/brandss.com.py\/index\/wp-json\/wp\/v2\/product_cat?post=75585"},{"taxonomy":"product_tag","embeddable":true,"href":"https:\/\/brandss.com.py\/index\/wp-json\/wp\/v2\/product_tag?post=75585"}],"curies":[{"name":"wp","href":"https:\/\/api.w.org\/{rel}","templated":true}]}}