{"id":75588,"date":"2025-03-10T18:53:27","date_gmt":"2025-03-10T18:53:27","guid":{"rendered":"https:\/\/brandss.com.py\/index\/?post_type=product&#038;p=75588"},"modified":"2025-03-10T18:53:27","modified_gmt":"2025-03-10T18:53:27","slug":"calzado-casual-nike-air-max-90-white-violet","status":"publish","type":"product","link":"https:\/\/brandss.com.py\/index\/producto\/calzado-casual-nike-air-max-90-white-violet\/","title":{"rendered":"CALZADO CASUAL NIKE AIR MAX 90 WHITE VIOLET"},"content":{"rendered":"<h1 data-start=\"0\" data-end=\"83\"><img decoding=\"async\" src=\"https:\/\/i0.wp.com\/1000marcas.net\/wp-content\/uploads\/2019\/11\/Logo-Nike.jpg?resize=112%2C63&amp;ssl=1\" alt=\"Logo de Nike: la historia y el significado del logotipo, la marca y el  s\u00edmbolo. | png, vector\" \/><\/h1>\n<h1 data-start=\"0\" data-end=\"83\">Nike Air Max 90 White Violet CD3834-123<\/h1>\n<p data-start=\"85\" data-end=\"366\">Las <strong data-start=\"89\" data-end=\"121\">Nike Air Max 90 White Violet<\/strong> (CD3834-123) son una versi\u00f3n moderna de un cl\u00e1sico atemporal. Con su ic\u00f3nica unidad <strong data-start=\"206\" data-end=\"217\">Air Max<\/strong>, brindan una amortiguaci\u00f3n excepcional, mientras que su dise\u00f1o retro en blanco con detalles en violeta aporta un toque de estilo \u00fanico y vers\u00e1til.<\/p>\n<h3 data-start=\"368\" data-end=\"394\"><strong data-start=\"372\" data-end=\"392\">Caracter\u00edsticas:<\/strong><\/h3>\n<ul data-start=\"395\" data-end=\"1112\">\n<li data-start=\"395\" data-end=\"414\"><strong data-start=\"397\" data-end=\"407\">Marca:<\/strong> Nike<\/li>\n<li data-start=\"415\" data-end=\"467\"><strong data-start=\"417\" data-end=\"428\">Modelo:<\/strong> Air Max 90 White Violet (CD3834-123)<\/li>\n<li data-start=\"468\" data-end=\"505\"><strong data-start=\"470\" data-end=\"479\">Tipo:<\/strong> Calzado casual femenino<\/li>\n<li data-start=\"506\" data-end=\"613\"><strong data-start=\"508\" data-end=\"521\">Material:<\/strong> Capellada de cuero, malla y detalles sint\u00e9ticos para mayor durabilidad y transpirabilidad<\/li>\n<li data-start=\"614\" data-end=\"692\"><strong data-start=\"616\" data-end=\"627\">Dise\u00f1o:<\/strong> Inspirado en los cl\u00e1sicos de los a\u00f1os 90, con un toque moderno<\/li>\n<li data-start=\"693\" data-end=\"760\"><strong data-start=\"695\" data-end=\"706\">Ajuste:<\/strong> Cordones tradicionales para un ajuste personalizado<\/li>\n<li data-start=\"761\" data-end=\"833\"><strong data-start=\"763\" data-end=\"773\">Suela:<\/strong> Goma con patr\u00f3n waffle para m\u00e1xima tracci\u00f3n y estabilidad<\/li>\n<li data-start=\"834\" data-end=\"926\"><strong data-start=\"836\" data-end=\"854\">Amortiguaci\u00f3n:<\/strong> Unidad <strong data-start=\"862\" data-end=\"873\">Air Max<\/strong> visible para una sensaci\u00f3n de confort en cada paso<\/li>\n<li data-start=\"927\" data-end=\"987\"><strong data-start=\"929\" data-end=\"939\">Color:<\/strong> Blanco con detalles en violeta (White\/Violet)<\/li>\n<li data-start=\"988\" data-end=\"1040\"><strong data-start=\"990\" data-end=\"1010\">Uso recomendado:<\/strong> Uso diario, urbano y casual<\/li>\n<li data-start=\"1041\" data-end=\"1081\"><strong data-start=\"1043\" data-end=\"1054\">Estilo:<\/strong> Retro y moderno a la vez<\/li>\n<li data-start=\"1082\" data-end=\"1112\"><strong data-start=\"1084\" data-end=\"1098\">Temporada:<\/strong> Todo el a\u00f1o<\/li>\n<\/ul>\n<h3 data-start=\"1114\" data-end=\"1143\"><strong data-start=\"1118\" data-end=\"1141\">El paquete incluye:<\/strong><\/h3>\n<ul>\n<li data-start=\"1144\" data-end=\"1232\">1 x Par de zapatillas Nike Air Max 90 White Violet<\/li>\n<li data-start=\"1144\" data-end=\"1232\">1 x Caja original de la marca<\/li>\n<\/ul>\n<p data-start=\"1234\" data-end=\"1362\" data-is-last-node=\"\" data-is-only-node=\"\"><strong data-start=\"1234\" data-end=\"1255\">Tipo de producto:<\/strong> Calzado casual femenino con dise\u00f1o ic\u00f3nico, ideal para un look moderno y confortable en cualquier ocasi\u00f3n.<\/p>\n","protected":false},"excerpt":{"rendered":"<p>Nike Air Max 90 White Violet CD3834-123 Las Nike Air Max 90 White Violet (CD3834-123) son una versi\u00f3n moderna de<\/p>\n","protected":false},"featured_media":75589,"comment_status":"open","ping_status":"closed","template":"","meta":{"nf_dc_page":""},"product_brand":[],"product_cat":[73],"product_tag":[],"class_list":{"0":"post-75588","1":"product","2":"type-product","3":"status-publish","4":"has-post-thumbnail","6":"product_cat-femenino","8":"first","9":"instock","10":"shipping-taxable","11":"purchasable","12":"product-type-simple"},"_links":{"self":[{"href":"https:\/\/brandss.com.py\/index\/wp-json\/wp\/v2\/product\/75588","targetHints":{"allow":["GET"]}}],"collection":[{"href":"https:\/\/brandss.com.py\/index\/wp-json\/wp\/v2\/product"}],"about":[{"href":"https:\/\/brandss.com.py\/index\/wp-json\/wp\/v2\/types\/product"}],"replies":[{"embeddable":true,"href":"https:\/\/brandss.com.py\/index\/wp-json\/wp\/v2\/comments?post=75588"}],"version-history":[{"count":1,"href":"https:\/\/brandss.com.py\/index\/wp-json\/wp\/v2\/product\/75588\/revisions"}],"predecessor-version":[{"id":75593,"href":"https:\/\/brandss.com.py\/index\/wp-json\/wp\/v2\/product\/75588\/revisions\/75593"}],"wp:featuredmedia":[{"embeddable":true,"href":"https:\/\/brandss.com.py\/index\/wp-json\/wp\/v2\/media\/75589"}],"wp:attachment":[{"href":"https:\/\/brandss.com.py\/index\/wp-json\/wp\/v2\/media?parent=75588"}],"wp:term":[{"taxonomy":"product_brand","embeddable":true,"href":"https:\/\/brandss.com.py\/index\/wp-json\/wp\/v2\/product_brand?post=75588"},{"taxonomy":"product_cat","embeddable":true,"href":"https:\/\/brandss.com.py\/index\/wp-json\/wp\/v2\/product_cat?post=75588"},{"taxonomy":"product_tag","embeddable":true,"href":"https:\/\/brandss.com.py\/index\/wp-json\/wp\/v2\/product_tag?post=75588"}],"curies":[{"name":"wp","href":"https:\/\/api.w.org\/{rel}","templated":true}]}}