{"id":75602,"date":"2025-03-10T19:08:28","date_gmt":"2025-03-10T19:08:28","guid":{"rendered":"https:\/\/brandss.com.py\/index\/?post_type=product&#038;p=75602"},"modified":"2025-03-10T19:08:28","modified_gmt":"2025-03-10T19:08:28","slug":"calzado-casual-unisex-nike-hyperspeed-court","status":"publish","type":"product","link":"https:\/\/brandss.com.py\/index\/producto\/calzado-casual-unisex-nike-hyperspeed-court\/","title":{"rendered":"CALZADO CASUAL UNISEX NIKE HYPERSPEED COURT"},"content":{"rendered":"<h1><img decoding=\"async\" src=\"https:\/\/i0.wp.com\/1000marcas.net\/wp-content\/uploads\/2019\/11\/Logo-Nike.jpg?resize=112%2C63&amp;ssl=1\" alt=\"Logo de Nike: la historia y el significado del logotipo, la marca y el  s\u00edmbolo. | png, vector\" \/><\/h1>\n<h1>Nike Hyperspeed Court CI2964-100<\/h1>\n<p data-start=\"81\" data-end=\"410\">Las Nike Hyperspeed Cour<strong data-start=\"85\" data-end=\"110\">t<\/strong> (CI2964-100) est\u00e1n dise\u00f1adas para ofrecer agilidad, comodidad y tracci\u00f3n, ideales para deportes en cancha y uso casual. Su construcci\u00f3n ligera y suela de gran agarre permiten movimientos r\u00e1pidos y seguros, mientras que su dise\u00f1o moderno las convierte en una excelente opci\u00f3n para el d\u00eda a d\u00eda.<\/p>\n<h3 data-start=\"412\" data-end=\"438\"><strong data-start=\"416\" data-end=\"436\">Caracter\u00edsticas:<\/strong><\/h3>\n<ul data-start=\"439\" data-end=\"1079\">\n<li data-start=\"439\" data-end=\"458\"><strong data-start=\"441\" data-end=\"451\">Marca:<\/strong> Nike<\/li>\n<li data-start=\"459\" data-end=\"504\"><strong data-start=\"461\" data-end=\"472\">Modelo:<\/strong> Hyperspeed Court (CI2964-100)<\/li>\n<li data-start=\"505\" data-end=\"543\"><strong data-start=\"507\" data-end=\"516\">Tipo:<\/strong> Calzado deportivo unisex<\/li>\n<li data-start=\"544\" data-end=\"628\"><strong data-start=\"546\" data-end=\"559\">Material:<\/strong> Malla transpirable con refuerzos sint\u00e9ticos para mayor durabilidad<\/li>\n<li data-start=\"629\" data-end=\"691\"><strong data-start=\"631\" data-end=\"642\">Dise\u00f1o:<\/strong> Ligero y aerodin\u00e1mico para movimientos r\u00e1pidos<\/li>\n<li data-start=\"692\" data-end=\"751\"><strong data-start=\"694\" data-end=\"705\">Ajuste:<\/strong> Cordones tradicionales para mayor seguridad<\/li>\n<li data-start=\"752\" data-end=\"828\"><strong data-start=\"754\" data-end=\"764\">Suela:<\/strong> Goma con patr\u00f3n de tracci\u00f3n optimizado para canchas cubiertas<\/li>\n<li data-start=\"829\" data-end=\"896\"><strong data-start=\"831\" data-end=\"849\">Amortiguaci\u00f3n:<\/strong> Entresuela con espuma para una pisada c\u00f3moda<\/li>\n<li data-start=\"897\" data-end=\"940\"><strong data-start=\"899\" data-end=\"909\">Color:<\/strong> Blanco con detalles en negro<\/li>\n<li data-start=\"941\" data-end=\"1012\"><strong data-start=\"943\" data-end=\"963\">Uso recomendado:<\/strong> Deportes de cancha, entrenamiento y uso casual<\/li>\n<li data-start=\"1013\" data-end=\"1048\"><strong data-start=\"1015\" data-end=\"1026\">Estilo:<\/strong> Deportivo y moderno<\/li>\n<li data-start=\"1049\" data-end=\"1079\"><strong data-start=\"1051\" data-end=\"1065\">Temporada:<\/strong> Todo el a\u00f1o<\/li>\n<\/ul>\n<h3 data-start=\"1081\" data-end=\"1110\"><strong data-start=\"1085\" data-end=\"1108\">El paquete incluye:<\/strong><\/h3>\n<ul>\n<li data-start=\"1111\" data-end=\"1192\">1 x Par de zapatillas Nike Hyperspeed Court<\/li>\n<li data-start=\"1111\" data-end=\"1192\">1 x Caja original de la marca<\/li>\n<\/ul>\n<p data-start=\"1194\" data-end=\"1320\" data-is-last-node=\"\" data-is-only-node=\"\"><strong data-start=\"1194\" data-end=\"1215\">Tipo de producto:<\/strong> Calzado deportivo unisex dise\u00f1ado para alto rendimiento en canchas y un estilo vers\u00e1til en el d\u00eda a d\u00eda.<\/p>\n","protected":false},"excerpt":{"rendered":"<p>Nike Hyperspeed Court CI2964-100 Las Nike Hyperspeed Court (CI2964-100) est\u00e1n dise\u00f1adas para ofrecer agilidad, comodidad y tracci\u00f3n, ideales para deportes<\/p>\n","protected":false},"featured_media":75609,"comment_status":"open","ping_status":"closed","template":"","meta":{"nf_dc_page":""},"product_brand":[],"product_cat":[73,76],"product_tag":[],"class_list":{"0":"post-75602","1":"product","2":"type-product","3":"status-publish","4":"has-post-thumbnail","6":"product_cat-femenino","7":"product_cat-masculino","9":"first","10":"instock","11":"shipping-taxable","12":"purchasable","13":"product-type-simple"},"_links":{"self":[{"href":"https:\/\/brandss.com.py\/index\/wp-json\/wp\/v2\/product\/75602","targetHints":{"allow":["GET"]}}],"collection":[{"href":"https:\/\/brandss.com.py\/index\/wp-json\/wp\/v2\/product"}],"about":[{"href":"https:\/\/brandss.com.py\/index\/wp-json\/wp\/v2\/types\/product"}],"replies":[{"embeddable":true,"href":"https:\/\/brandss.com.py\/index\/wp-json\/wp\/v2\/comments?post=75602"}],"version-history":[{"count":1,"href":"https:\/\/brandss.com.py\/index\/wp-json\/wp\/v2\/product\/75602\/revisions"}],"predecessor-version":[{"id":75615,"href":"https:\/\/brandss.com.py\/index\/wp-json\/wp\/v2\/product\/75602\/revisions\/75615"}],"wp:featuredmedia":[{"embeddable":true,"href":"https:\/\/brandss.com.py\/index\/wp-json\/wp\/v2\/media\/75609"}],"wp:attachment":[{"href":"https:\/\/brandss.com.py\/index\/wp-json\/wp\/v2\/media?parent=75602"}],"wp:term":[{"taxonomy":"product_brand","embeddable":true,"href":"https:\/\/brandss.com.py\/index\/wp-json\/wp\/v2\/product_brand?post=75602"},{"taxonomy":"product_cat","embeddable":true,"href":"https:\/\/brandss.com.py\/index\/wp-json\/wp\/v2\/product_cat?post=75602"},{"taxonomy":"product_tag","embeddable":true,"href":"https:\/\/brandss.com.py\/index\/wp-json\/wp\/v2\/product_tag?post=75602"}],"curies":[{"name":"wp","href":"https:\/\/api.w.org\/{rel}","templated":true}]}}