{"id":75628,"date":"2025-03-11T12:07:11","date_gmt":"2025-03-11T12:07:11","guid":{"rendered":"https:\/\/brandss.com.py\/index\/?post_type=product&#038;p=75628"},"modified":"2025-09-25T12:22:59","modified_gmt":"2025-09-25T12:22:59","slug":"crema-de-bano-aromatico-tesori-doriente-aegyptus-500ml","status":"publish","type":"product","link":"https:\/\/brandss.com.py\/index\/producto\/crema-de-bano-aromatico-tesori-doriente-aegyptus-500ml\/","title":{"rendered":"CREMA DE BA\u00d1O AROM\u00c1TICO CORPORAL TESORI D&#8217;ORIENTE AEGYPTUS 500ML"},"content":{"rendered":"<p><img loading=\"lazy\" decoding=\"async\" class=\"\" src=\"https:\/\/api.dudar.kz\/uploads\/tesoridoriente_621fb5df94.png\" alt=\"Distribution of Tesori d'Oriente brand in Kazakhstan \u2014 Dudar\" width=\"119\" height=\"55\" \/><\/p>\n<h1>AEGYPTUS<\/h1>\n<p>&nbsp;<\/p>\n<p>Tesori D&#8217;oriente Aegyptus Bagno Crema Aromatico Bath Cream 500ml nos sumerge en un sensual ba\u00f1o de flores blancas y p\u00e9talos de rosa, miel y toques de maderas preciosas. Un perfume intrigante y precioso nacido del m\u00e1gico encuentro de acentos frescos y florales de Agapanthus con notas c\u00e1lidas y encantadoras de especias y maderas orientales. El extracto de leche de Papiro es rico en sales minerales y vitaminas; un verdadero elixir de belleza con propiedades nutritivas y reparadoras que dejan la piel suave y aterciopelada. El Lirio Azul del Nilo era considerado &#8220;m\u00e1gico&#8221; por los egipcios y se utilizaba por sus cualidades relajantes y calmantes.<img loading=\"lazy\" decoding=\"async\" class=\"alignleft\" src=\"https:\/\/img.watsonsvn.com\/ecommerce\/ecom\/Tesori-Doriente\/Tesori-Doriente-Aegyptus-Bagno-Crema-Aromatico-Bath-Cream-500ml-2.jpg\" alt=\"Tesori D'oriente Aegyptus Bagno Crema Aromatico Crema De Ba\u00f1o\" width=\"585\" height=\"585\" \/><\/p>\n<p><strong><span>Ingredientes principales y usos:<\/span><\/strong><\/p>\n<p><span>&#8211; Extracto de Aegyptus Bagno Crema Aromatico Bath Cream de Tesori D&#8217;oriente 500 ml con propiedades nutritivas e hidratantes que suavizan la piel, dej\u00e1ndola suave y aterciopelada.<\/span><\/p>\n<p><span>&#8211; El extracto de papiro es rico en sales minerales y vitaminas, un verdadero elixir de belleza con propiedades nutritivas y reparadoras que dejan la piel suave y aterciopelada.<\/span><\/p>\n<p><span>&#8211; El agapanto, tambi\u00e9n conocido como &#8220;lirio azul del Nilo&#8221;, se utiliz\u00f3 por sus cualidades relajantes y calmantes con notas frescas y florales.<\/span><\/p>\n<p><span>&#8211; Una fragancia intrigante y preciosa que nace del encuentro m\u00e1gico de los acentos frescos y florales del agapanto con notas c\u00e1lidas y encantadoras de especias y maderas orientales.<\/span><\/p>\n<p>&nbsp;<\/p>\n<p><strong>Notas Olfativas\u00a0<\/strong><\/p>\n<p><span><strong>Notas de salida:<\/strong> bergamota, ylang-ylang, notas verdes, notas afrutadas<\/span><br \/>\n<span><strong>Notas de coraz\u00f3n:<\/strong> iris, jazm\u00edn, rosa<\/span><br \/>\n<span><strong>Notas de fondo:<\/strong> notas de almizcle, notas orientales, notas amaderadas, notas en polvo<\/span><\/p>\n","protected":false},"excerpt":{"rendered":"<p>AEGYPTUS &nbsp; Tesori D&#8217;oriente Aegyptus Bagno Crema Aromatico Bath Cream 500ml nos sumerge en un sensual ba\u00f1o de flores blancas<\/p>\n","protected":false},"featured_media":75629,"comment_status":"open","ping_status":"closed","template":"","meta":{"nf_dc_page":""},"product_brand":[434],"product_cat":[94],"product_tag":[435],"class_list":{"0":"post-75628","1":"product","2":"type-product","3":"status-publish","4":"has-post-thumbnail","6":"product_brand-tesori-doriente","7":"product_cat-higiene-personal","8":"product_tag-435","10":"first","11":"instock","12":"shipping-taxable","13":"purchasable","14":"product-type-simple"},"_links":{"self":[{"href":"https:\/\/brandss.com.py\/index\/wp-json\/wp\/v2\/product\/75628","targetHints":{"allow":["GET"]}}],"collection":[{"href":"https:\/\/brandss.com.py\/index\/wp-json\/wp\/v2\/product"}],"about":[{"href":"https:\/\/brandss.com.py\/index\/wp-json\/wp\/v2\/types\/product"}],"replies":[{"embeddable":true,"href":"https:\/\/brandss.com.py\/index\/wp-json\/wp\/v2\/comments?post=75628"}],"version-history":[{"count":2,"href":"https:\/\/brandss.com.py\/index\/wp-json\/wp\/v2\/product\/75628\/revisions"}],"predecessor-version":[{"id":91148,"href":"https:\/\/brandss.com.py\/index\/wp-json\/wp\/v2\/product\/75628\/revisions\/91148"}],"wp:featuredmedia":[{"embeddable":true,"href":"https:\/\/brandss.com.py\/index\/wp-json\/wp\/v2\/media\/75629"}],"wp:attachment":[{"href":"https:\/\/brandss.com.py\/index\/wp-json\/wp\/v2\/media?parent=75628"}],"wp:term":[{"taxonomy":"product_brand","embeddable":true,"href":"https:\/\/brandss.com.py\/index\/wp-json\/wp\/v2\/product_brand?post=75628"},{"taxonomy":"product_cat","embeddable":true,"href":"https:\/\/brandss.com.py\/index\/wp-json\/wp\/v2\/product_cat?post=75628"},{"taxonomy":"product_tag","embeddable":true,"href":"https:\/\/brandss.com.py\/index\/wp-json\/wp\/v2\/product_tag?post=75628"}],"curies":[{"name":"wp","href":"https:\/\/api.w.org\/{rel}","templated":true}]}}