{"id":75651,"date":"2025-03-11T13:44:31","date_gmt":"2025-03-11T13:44:31","guid":{"rendered":"https:\/\/brandss.com.py\/index\/?post_type=product&#038;p=75651"},"modified":"2025-09-25T12:24:11","modified_gmt":"2025-09-25T12:24:11","slug":"crema-de-bano-aromatico-tesori-doriente-white-musk-500ml","status":"publish","type":"product","link":"https:\/\/brandss.com.py\/index\/producto\/crema-de-bano-aromatico-tesori-doriente-white-musk-500ml\/","title":{"rendered":"CREMA DE BA\u00d1O AROM\u00c1TICO CORPORAL TESORI D\u2019ORIENTE WHITE MUSK 500ML"},"content":{"rendered":"<p><img loading=\"lazy\" decoding=\"async\" class=\"\" src=\"https:\/\/api.dudar.kz\/uploads\/tesoridoriente_621fb5df94.png\" alt=\"Distribution of Tesori d'Oriente brand in Kazakhstan \u2014 Dudar\" width=\"97\" height=\"45\" \/><\/p>\n<h1>WHITE MUSK<\/h1>\n<h3><span>Un momento de tranquilidad con almizcle blanco.<\/span><\/h3>\n<p><span>La crema de ba\u00f1o arom\u00e1tica de almizcle blanco Tesori d&#8217;Oriente\u00a0<\/span><span>es un lujo que transforma tu ba\u00f1o en una experiencia de spa.\u00a0<\/span><span>Su delicada fragancia de almizcle blanco te envuelve en una sensaci\u00f3n de tranquilidad,\u00a0<\/span><span>mientras que su f\u00f3rmula cremosa limpia y nutre suavemente tu piel.\u00a0<\/span><span>Reg\u00e1late un momento de relajaci\u00f3n y sal de tu ba\u00f1o sinti\u00e9ndote renovado y revitalizado.<img loading=\"lazy\" decoding=\"async\" class=\"alignleft\" src=\"https:\/\/tesori-usa.com\/cdn\/shop\/products\/WhiteMuskBathCream_900x.png?v=1671116028\" width=\"687\" height=\"687\" \/><\/span><\/p>\n<p>Una fragancia encantadora y encantadora capaz de prolongar ilimitadamente el bienestar de una ducha o un ba\u00f1o gracias a su espuma suave y esponjosa que relaja los sentidos y abraza la piel.<\/p>\n<p><strong><span class=\"a-list-item\">Ba\u00f1o de burbujas:<\/span><\/strong><\/p>\n<p><span class=\"a-list-item\">T\u00f3mate el tiempo para ti y disfruta de un ritual para el cuidado personal. Arregla un bonito ba\u00f1o espumoso y vierte un poco de la crema de burbujas suave y sedosa para mujer para crear burbujas de ba\u00f1o relajantes con un agradable olor de cuidado personal y amor propio. T\u00f3mate el tiempo para ti, te lo mereces<\/span><\/p>\n<p><strong><span class=\"a-list-item\">Armon\u00eda pura para tu piel y sentidos: <\/span><\/strong><\/p>\n<p><span class=\"a-list-item\">Transforma peque\u00f1os actos diarios en rituales de puro placer. Vierte un poco de esta crema de burbujas de ba\u00f1o para mujer para experimentar fragancias como ecos de tierras lejanas, para el bienestar f\u00edsico y espiritual. Siente la seda nutritiva desde el agua c\u00e1lida de ba\u00f1o de burbujas para mujer hasta tu piel<\/span><\/p>\n<p><span class=\"a-list-item\">La filosof\u00eda de Tesori d&#8217;Oriente se basa en el concepto de bienestar hol\u00edstico, originado en el equilibrio f\u00edsico y mental: el cuidado corporal se convierte en un momento de escape de la rutina diaria para redescubrir una sensaci\u00f3n interna de profundo placer y relajaci\u00f3n<\/span><\/p>\n","protected":false},"excerpt":{"rendered":"<p>WHITE MUSK Un momento de tranquilidad con almizcle blanco. La crema de ba\u00f1o arom\u00e1tica de almizcle blanco Tesori d&#8217;Oriente\u00a0es un<\/p>\n","protected":false},"featured_media":75653,"comment_status":"open","ping_status":"closed","template":"","meta":{"nf_dc_page":""},"product_brand":[434],"product_cat":[94],"product_tag":[437],"class_list":{"0":"post-75651","1":"product","2":"type-product","3":"status-publish","4":"has-post-thumbnail","6":"product_brand-tesori-doriente","7":"product_cat-higiene-personal","8":"product_tag-437","10":"first","11":"instock","12":"shipping-taxable","13":"purchasable","14":"product-type-simple"},"_links":{"self":[{"href":"https:\/\/brandss.com.py\/index\/wp-json\/wp\/v2\/product\/75651","targetHints":{"allow":["GET"]}}],"collection":[{"href":"https:\/\/brandss.com.py\/index\/wp-json\/wp\/v2\/product"}],"about":[{"href":"https:\/\/brandss.com.py\/index\/wp-json\/wp\/v2\/types\/product"}],"replies":[{"embeddable":true,"href":"https:\/\/brandss.com.py\/index\/wp-json\/wp\/v2\/comments?post=75651"}],"version-history":[{"count":2,"href":"https:\/\/brandss.com.py\/index\/wp-json\/wp\/v2\/product\/75651\/revisions"}],"predecessor-version":[{"id":91150,"href":"https:\/\/brandss.com.py\/index\/wp-json\/wp\/v2\/product\/75651\/revisions\/91150"}],"wp:featuredmedia":[{"embeddable":true,"href":"https:\/\/brandss.com.py\/index\/wp-json\/wp\/v2\/media\/75653"}],"wp:attachment":[{"href":"https:\/\/brandss.com.py\/index\/wp-json\/wp\/v2\/media?parent=75651"}],"wp:term":[{"taxonomy":"product_brand","embeddable":true,"href":"https:\/\/brandss.com.py\/index\/wp-json\/wp\/v2\/product_brand?post=75651"},{"taxonomy":"product_cat","embeddable":true,"href":"https:\/\/brandss.com.py\/index\/wp-json\/wp\/v2\/product_cat?post=75651"},{"taxonomy":"product_tag","embeddable":true,"href":"https:\/\/brandss.com.py\/index\/wp-json\/wp\/v2\/product_tag?post=75651"}],"curies":[{"name":"wp","href":"https:\/\/api.w.org\/{rel}","templated":true}]}}