{"id":75667,"date":"2025-03-11T14:39:20","date_gmt":"2025-03-11T14:39:20","guid":{"rendered":"https:\/\/brandss.com.py\/index\/?post_type=product&#038;p=75667"},"modified":"2025-09-25T12:25:31","modified_gmt":"2025-09-25T12:25:31","slug":"crema-de-bano-aromatico-tesori-doriente-sandalo-del-kashmir-vetiver-500ml","status":"publish","type":"product","link":"https:\/\/brandss.com.py\/index\/producto\/crema-de-bano-aromatico-tesori-doriente-sandalo-del-kashmir-vetiver-500ml\/","title":{"rendered":"CREMA DE BA\u00d1O AROM\u00c1TICO CORPORAL TESORI D\u2019ORIENTE SANDALO DEL KASHMIR &amp; VETIVER 500ML"},"content":{"rendered":"<p><img loading=\"lazy\" decoding=\"async\" class=\"\" src=\"https:\/\/api.dudar.kz\/uploads\/tesoridoriente_621fb5df94.png\" alt=\"Distribution of Tesori d'Oriente brand in Kazakhstan \u2014 Dudar\" width=\"99\" height=\"46\" \/><\/p>\n<h1>SANDALO DEL KASHMIR &amp; VETIVER<\/h1>\n<h2><span>Una fragancia fresca y exuberante.<\/span><\/h2>\n<p>La delicada frescura del vetiver se combina con la c\u00e1lida nota ambarina del s\u00e1ndalo de Cachemira para crear una crema de ba\u00f1o preciosa, intensa y seductora. Formulado con ingredientes naturales, limpia suavemente, refresca y tonifica la piel, envolviendo el cuerpo en una suave caricia.<\/p>\n<ul class=\"a-unordered-list a-vertical a-spacing-mini\">\n<li class=\"a-spacing-mini\"><span class=\"a-list-item\"><span>Ba\u00f1o de crema arom\u00e1tica con notas c\u00e1lidas y ambaradas, refresca y tonifica la piel, envolviendo el cuerpo como una suave caricia.<\/span><\/span><\/li>\n<li class=\"a-spacing-mini\"><span class=\"a-list-item\"><span>La esencia inconfundible del s\u00e1ndalo de Cachemira, una preciosa fragancia de \u00e1mbar, proporciona a la piel una sensaci\u00f3n de agradable bienestar.<\/span><\/span><\/li>\n<li class=\"a-spacing-mini\"><span class=\"a-list-item\"><span>Aplicar sobre la piel h\u00fameda, masajeando suavemente hasta formar una espuma rica, suave y envolvente, luego enjuagar abundantemente.<\/span><\/span><\/li>\n<li class=\"a-spacing-mini\"><span class=\"a-list-item\"><span>Inspirada en el ritual de la vitalidad, la l\u00ednea S\u00e1ndalo de Cachemira y Vetiver ofrece una sensaci\u00f3n regeneradora de bienestar.<\/span><\/span><\/li>\n<li class=\"a-spacing-mini\"><span class=\"a-list-item\"><span>Tesori d&#8217;Oriente nace de la voluntad de transformar los gestos de la rutina diaria en rituales de puro placer.<\/span><\/span><\/li>\n<li class=\"a-spacing-mini\"><span class=\"a-list-item\"><span>La delicada frescura del vetiver se combina con la c\u00e1lida nota ambarina del s\u00e1ndalo de Cachemira para crear una crema de ba\u00f1o preciosa, intensa y seductora. Formulado con ingredientes naturales, limpia suavemente, refresca y tonifica la piel, envolviendo el cuerpo en una suave caricia.<\/span><\/span><\/li>\n<\/ul>\n","protected":false},"excerpt":{"rendered":"<p>SANDALO DEL KASHMIR &amp; VETIVER Una fragancia fresca y exuberante. La delicada frescura del vetiver se combina con la c\u00e1lida<\/p>\n","protected":false},"featured_media":75668,"comment_status":"open","ping_status":"closed","template":"","meta":{"nf_dc_page":""},"product_brand":[434],"product_cat":[94],"product_tag":[438],"class_list":{"0":"post-75667","1":"product","2":"type-product","3":"status-publish","4":"has-post-thumbnail","6":"product_brand-tesori-doriente","7":"product_cat-higiene-personal","8":"product_tag-438","10":"first","11":"instock","12":"shipping-taxable","13":"purchasable","14":"product-type-simple"},"_links":{"self":[{"href":"https:\/\/brandss.com.py\/index\/wp-json\/wp\/v2\/product\/75667","targetHints":{"allow":["GET"]}}],"collection":[{"href":"https:\/\/brandss.com.py\/index\/wp-json\/wp\/v2\/product"}],"about":[{"href":"https:\/\/brandss.com.py\/index\/wp-json\/wp\/v2\/types\/product"}],"replies":[{"embeddable":true,"href":"https:\/\/brandss.com.py\/index\/wp-json\/wp\/v2\/comments?post=75667"}],"version-history":[{"count":2,"href":"https:\/\/brandss.com.py\/index\/wp-json\/wp\/v2\/product\/75667\/revisions"}],"predecessor-version":[{"id":91151,"href":"https:\/\/brandss.com.py\/index\/wp-json\/wp\/v2\/product\/75667\/revisions\/91151"}],"wp:featuredmedia":[{"embeddable":true,"href":"https:\/\/brandss.com.py\/index\/wp-json\/wp\/v2\/media\/75668"}],"wp:attachment":[{"href":"https:\/\/brandss.com.py\/index\/wp-json\/wp\/v2\/media?parent=75667"}],"wp:term":[{"taxonomy":"product_brand","embeddable":true,"href":"https:\/\/brandss.com.py\/index\/wp-json\/wp\/v2\/product_brand?post=75667"},{"taxonomy":"product_cat","embeddable":true,"href":"https:\/\/brandss.com.py\/index\/wp-json\/wp\/v2\/product_cat?post=75667"},{"taxonomy":"product_tag","embeddable":true,"href":"https:\/\/brandss.com.py\/index\/wp-json\/wp\/v2\/product_tag?post=75667"}],"curies":[{"name":"wp","href":"https:\/\/api.w.org\/{rel}","templated":true}]}}