{"id":75682,"date":"2025-03-11T17:16:53","date_gmt":"2025-03-11T17:16:53","guid":{"rendered":"https:\/\/brandss.com.py\/index\/?post_type=product&#038;p=75682"},"modified":"2025-09-25T12:26:53","modified_gmt":"2025-09-25T12:26:53","slug":"crema-de-bano-aromatico-tesori-doriente-byzantium-500ml","status":"publish","type":"product","link":"https:\/\/brandss.com.py\/index\/producto\/crema-de-bano-aromatico-tesori-doriente-byzantium-500ml\/","title":{"rendered":"CREMA DE BA\u00d1O AROM\u00c1TICO CORPORAL TESORI D\u2019ORIENTE BYZANTIUM 500ML"},"content":{"rendered":"<p><img loading=\"lazy\" decoding=\"async\" class=\"\" src=\"https:\/\/api.dudar.kz\/uploads\/tesoridoriente_621fb5df94.png\" alt=\"Distribution of Tesori d'Oriente brand in Kazakhstan \u2014 Dudar\" width=\"141\" height=\"65\" \/><\/p>\n<h1>BYZANTIUM<\/h1>\n<p><strong><span>Tesori D&#8217;oriente Byzantium Bagno Crema Aromatico Crema de Ba\u00f1o Arom\u00e1tica 500ml<\/span><\/strong><\/p>\n<p><span>Tesori D&#8217;oriente Byzantium inspirada en el ritual del oro y las piedras preciosas de la legendaria ciudad de Bizancio, extra\u00edda de la esencia de Rosa Negra y la rara mirra con la capacidad de hidratar, calmar, antiinflamatorio, reducir las manchas oscuras, suavizar para traer a la piel. Deja la piel suave, flexible y llena de vida.<\/span><\/p>\n<p><img loading=\"lazy\" decoding=\"async\" class=\"alignleft\" src=\"https:\/\/m.media-amazon.com\/images\/I\/81ajI0wDJWL._AC_SL1200_.jpg\" width=\"750\" height=\"750\" \/><\/p>\n<h3><strong><span>Beneficios:<\/span><\/strong><\/h3>\n<p><strong><br \/>\n<\/strong><span>&#8211; Tesori D&#8217;oriente Byzantium Bagno Crema Aromatico Crema de Ba\u00f1o Arom\u00e1tica 500ml limpia suavemente dejando la piel suave e hidratada.<br \/>\n<\/span><br \/>\n<span>&#8211; Una fragancia lujosa y de ensue\u00f1o que evoca la antigua ciudad de Bizancio. La fragancia Rosa Negra, en su variaci\u00f3n m\u00e1s rara y misteriosa, es acariciada por las c\u00e1lidas notas de L\u00e1dano para dar lugar a un aroma fascinante y multifac\u00e9tico, como un precioso mosaico bizantino.<\/span><\/p>\n<p><span>&#8211; La m\u00e1s oscura y misteriosa de las reinas de las flores, la Rosa Negra, y el L\u00e1dano, una resina arom\u00e1tica utilizada durante milenios en la preparaci\u00f3n de perfumes y ung\u00fcentos, dan lugar a una fragancia avainillada, floral y gourmand.<\/span><br \/>\n<span>&#8211; La f\u00f3rmula hidratante \u00fanica proporciona una hidrataci\u00f3n \u00f3ptima a la piel.<br \/>\n<\/span><br \/>\n<span>&#8211; Una fragancia de ensue\u00f1o y preciosa. La rosa, en su forma m\u00e1s rara y misteriosa, es acariciada por las c\u00e1lidas notas de L\u00e1dano para dar lugar a un aroma fascinante y multifac\u00e9tico, como un precioso mosaico bizantino.<\/span><\/p>\n<p>&nbsp;<\/p>\n<h3>Notas Olfativas<\/h3>\n<p><span><strong>Notas de salida:<\/strong> canela, almendra, mimosa<\/span><br \/>\n<span><strong>Notas de coraz\u00f3n:<\/strong> rosa negra, miel, heliotropo<\/span><br \/>\n<span><strong>Notas de fondo:<\/strong> vainilla, almizcle blanco, madera de agar, b\u00e1lsamo del Per\u00fa, cacao<\/span><\/p>\n","protected":false},"excerpt":{"rendered":"<p>BYZANTIUM Tesori D&#8217;oriente Byzantium Bagno Crema Aromatico Crema de Ba\u00f1o Arom\u00e1tica 500ml Tesori D&#8217;oriente Byzantium inspirada en el ritual del<\/p>\n","protected":false},"featured_media":75683,"comment_status":"open","ping_status":"closed","template":"","meta":{"nf_dc_page":""},"product_brand":[434],"product_cat":[94],"product_tag":[440],"class_list":{"0":"post-75682","1":"product","2":"type-product","3":"status-publish","4":"has-post-thumbnail","6":"product_brand-tesori-doriente","7":"product_cat-higiene-personal","8":"product_tag-440","10":"first","11":"instock","12":"shipping-taxable","13":"purchasable","14":"product-type-simple"},"_links":{"self":[{"href":"https:\/\/brandss.com.py\/index\/wp-json\/wp\/v2\/product\/75682","targetHints":{"allow":["GET"]}}],"collection":[{"href":"https:\/\/brandss.com.py\/index\/wp-json\/wp\/v2\/product"}],"about":[{"href":"https:\/\/brandss.com.py\/index\/wp-json\/wp\/v2\/types\/product"}],"replies":[{"embeddable":true,"href":"https:\/\/brandss.com.py\/index\/wp-json\/wp\/v2\/comments?post=75682"}],"version-history":[{"count":2,"href":"https:\/\/brandss.com.py\/index\/wp-json\/wp\/v2\/product\/75682\/revisions"}],"predecessor-version":[{"id":91153,"href":"https:\/\/brandss.com.py\/index\/wp-json\/wp\/v2\/product\/75682\/revisions\/91153"}],"wp:featuredmedia":[{"embeddable":true,"href":"https:\/\/brandss.com.py\/index\/wp-json\/wp\/v2\/media\/75683"}],"wp:attachment":[{"href":"https:\/\/brandss.com.py\/index\/wp-json\/wp\/v2\/media?parent=75682"}],"wp:term":[{"taxonomy":"product_brand","embeddable":true,"href":"https:\/\/brandss.com.py\/index\/wp-json\/wp\/v2\/product_brand?post=75682"},{"taxonomy":"product_cat","embeddable":true,"href":"https:\/\/brandss.com.py\/index\/wp-json\/wp\/v2\/product_cat?post=75682"},{"taxonomy":"product_tag","embeddable":true,"href":"https:\/\/brandss.com.py\/index\/wp-json\/wp\/v2\/product_tag?post=75682"}],"curies":[{"name":"wp","href":"https:\/\/api.w.org\/{rel}","templated":true}]}}