{"id":75693,"date":"2025-03-11T17:52:24","date_gmt":"2025-03-11T17:52:24","guid":{"rendered":"https:\/\/brandss.com.py\/index\/?post_type=product&#038;p=75693"},"modified":"2025-07-02T16:56:03","modified_gmt":"2025-07-02T16:56:03","slug":"calzado-deportivo-masculino-nike-air-max-270","status":"publish","type":"product","link":"https:\/\/brandss.com.py\/index\/producto\/calzado-deportivo-masculino-nike-air-max-270\/","title":{"rendered":"CALZADO DEPORTIVO MASCULINO NIKE AIR MAX 270"},"content":{"rendered":"<p><img loading=\"lazy\" decoding=\"async\" class=\"\" src=\"https:\/\/1000marcas.net\/wp-content\/uploads\/2019\/11\/Logo-Nike.jpg\" alt=\"Logo de Nike: la historia y el significado del logotipo, la ...\" width=\"582\" height=\"327\" \/><\/p>\n<h1>943345-001-5.5Y<\/h1>\n<div class=\"flex max-w-full flex-col flex-grow\">\n<div class=\"min-h-8 text-message relative flex w-full flex-col items-end gap-2 whitespace-normal break-words text-start [.text-message+&amp;]:mt-5\" dir=\"auto\" data-message-author-role=\"assistant\" data-message-id=\"73fb6fce-f2ac-4449-8098-9aaa0cb59e12\" data-message-model-slug=\"gpt-4o\">\n<div class=\"flex w-full flex-col gap-1 empty:hidden first:pt-[3px]\">\n<div class=\"markdown prose w-full break-words dark:prose-invert light\">\n<p data-start=\"0\" data-end=\"360\"><span>Los <\/span><strong data-start=\"4\" data-end=\"27\"><span>Nike Air Max 270 GS<\/span><\/strong><span> en color <\/span><strong data-start=\"37\" data-end=\"63\"><span>Black\/White\/Anthracite<\/span><\/strong><span> combinan un dise\u00f1o moderno y vers\u00e1til con la comodidad de la tecnolog\u00eda Air Max. Inspirados en los modelos ic\u00f3nicos Air Max 180 y Air Max 93, estos tenis destacan por su est\u00e9tica elegante y su <\/span><strong data-start=\"257\" data-end=\"285\"><span>unidad Air de 270 grados<\/span><\/strong><span> , ofreciendo una amortiguaci\u00f3n superior y un estilo urbano inconfundible.<\/span><\/p>\n<h3 data-start=\"362\" data-end=\"391\"><strong data-start=\"366\" data-end=\"389\"><span>Dise\u00f1o y materiales<\/span><\/strong><\/h3>\n<p data-start=\"392\" data-end=\"782\"><span>Este modelo presenta una parte superior de <\/span><strong data-start=\"435\" data-end=\"472\"><span>malla transpirable en color negro<\/span><\/strong><span> , lo que proporciona ventilaci\u00f3n y un ajuste c\u00f3modo. Los detalles en blanco y antracita a\u00f1aden un contraste sutil y sofisticado, ideal para quienes buscan un look moderno y vers\u00e1til. Su dise\u00f1o sin costuras y su ajuste tipo bot\u00f3n brindan una sensaci\u00f3n de segunda piel, mejorando la comodidad y la estabilidad.<\/span><\/p>\n<h3 data-start=\"784\" data-end=\"816\"><strong data-start=\"788\" data-end=\"814\"><span>Tecnolog\u00eda y Comodidad<\/span><\/strong><\/h3>\n<p data-start=\"817\" data-end=\"1250\"><span>El principal atractivo de los <\/span><strong data-start=\"847\" data-end=\"870\"><span>Nike Air Max 270 GS<\/span><\/strong><span> es su <\/span><strong data-start=\"877\" data-end=\"907\"><span>unidad Air Max en el tal\u00f3n<\/span><\/strong><span> , que es la m\u00e1s grande en la historia de Nike hasta la fecha. Esta tecnolog\u00eda absorbe impactos y proporciona una sensaci\u00f3n de suavidad en cada paso, siendo ideales para el uso diario. La <\/span><strong data-start=\"1099\" data-end=\"1130\"><span>entresuela de espuma ligera<\/span><\/strong><span> complementa la amortiguaci\u00f3n, mientras que la suela de goma con patr\u00f3n de tracci\u00f3n mejora el agarre y la durabilidad.<\/span><\/p>\n<h3 data-start=\"1252\" data-end=\"1279\"><strong data-start=\"1256\" data-end=\"1277\"><span>Detalles T\u00e9cnicos<\/span><\/strong><\/h3>\n<p data-start=\"1280\" data-end=\"1736\"><span>\ud83d\udd39 <\/span><strong data-start=\"1283\" data-end=\"1294\"><span>Modelo:<\/span><\/strong><span> Nike Air Max 270 GS <\/span><br data-start=\"1314\" data-end=\"1317\" \/><span>\ud83d\udd39 <\/span><strong data-start=\"1320\" data-end=\"1341\"><span>C\u00f3digo de estilo:<\/span><\/strong><span> &#8211; <\/span><br data-start=\"1343\" data-end=\"1346\" \/><span>\ud83d\udd39 <\/span><strong data-start=\"1349\" data-end=\"1359\"><span>Color:<\/span><\/strong><span> Black\/White\/Anthracite <\/span><br data-start=\"1382\" data-end=\"1385\" \/><span>\ud83d\udd39 <\/span><strong data-start=\"1388\" data-end=\"1407\" data-is-only-node=\"\"><span>Parte superior:<\/span><\/strong><span> Malla transpirable para mayor ventilaci\u00f3n <\/span><br data-start=\"1449\" data-end=\"1452\" \/><span>\ud83d\udd39 <\/span><strong data-start=\"1455\" data-end=\"1473\"><span>Amortiguaci\u00f3n:<\/span><\/strong><span> Unidad Air Max de 270\u00b0 en el tal\u00f3n <\/span><br data-start=\"1508\" data-end=\"1511\" \/><span>\ud83d\udd39 <\/span><strong data-start=\"1514\" data-end=\"1529\"><span>Entresuela:<\/span><\/strong><span> Espuma ligera para mayor confort <\/span><br data-start=\"1562\" data-end=\"1565\" \/><span>\ud83d\udd39 <\/span><strong data-start=\"1568\" data-end=\"1578\"><span>Suela:<\/span><\/strong><span> Goma con patr\u00f3n de tracci\u00f3n para mejor agarre <\/span><br data-start=\"1624\" data-end=\"1627\" \/><span>\ud83d\udd39 <\/span><strong data-start=\"1630\" data-end=\"1641\"><span>\u200b\u200bAjuste:<\/span><\/strong><span> Tipo bot\u00edn para mayor estabilidad <\/span><br data-start=\"1675\" data-end=\"1678\" \/><span>\ud83d\udd39 <\/span><strong data-start=\"1681\" data-end=\"1701\"><span>Uso recomendado:<\/span><\/strong><span> Estilo urbano y comodidad diaria<\/span><\/p>\n<h3 data-start=\"1738\" data-end=\"1772\"><strong data-start=\"1742\" data-end=\"1770\"><span>\u00bfPara qui\u00e9nes son ideales?<\/span><\/strong><\/h3>\n<p data-start=\"1773\" data-end=\"2046\" data-is-last-node=\"\" data-is-only-node=\"\"><span>Los <\/span><strong data-start=\"1777\" data-end=\"1800\"><span>Nike Air Max 270 GS<\/span><\/strong><span> son perfectos para quienes buscan un calzado c\u00f3modo y con un dise\u00f1o moderno para el d\u00eda a d\u00eda. Su combinaci\u00f3n de estilo deportivo y tecnolog\u00eda de amortiguaci\u00f3n avanzada los hace ideales tanto para la moda urbana como para largas jornadas de uso.<\/span><\/p>\n<\/div>\n<\/div>\n<\/div>\n<\/div>\n","protected":false},"excerpt":{"rendered":"<p>943345-001-5.5Y Los Nike Air Max 270 GS en color Black\/White\/Anthracite combinan un dise\u00f1o moderno y vers\u00e1til con la comodidad de<\/p>\n","protected":false},"featured_media":75694,"comment_status":"open","ping_status":"closed","template":"","meta":{"nf_dc_page":""},"product_brand":[],"product_cat":[76],"product_tag":[],"class_list":{"0":"post-75693","1":"product","2":"type-product","3":"status-publish","4":"has-post-thumbnail","6":"product_cat-masculino","8":"first","9":"instock","10":"shipping-taxable","11":"purchasable","12":"product-type-simple"},"_links":{"self":[{"href":"https:\/\/brandss.com.py\/index\/wp-json\/wp\/v2\/product\/75693","targetHints":{"allow":["GET"]}}],"collection":[{"href":"https:\/\/brandss.com.py\/index\/wp-json\/wp\/v2\/product"}],"about":[{"href":"https:\/\/brandss.com.py\/index\/wp-json\/wp\/v2\/types\/product"}],"replies":[{"embeddable":true,"href":"https:\/\/brandss.com.py\/index\/wp-json\/wp\/v2\/comments?post=75693"}],"version-history":[{"count":1,"href":"https:\/\/brandss.com.py\/index\/wp-json\/wp\/v2\/product\/75693\/revisions"}],"predecessor-version":[{"id":75700,"href":"https:\/\/brandss.com.py\/index\/wp-json\/wp\/v2\/product\/75693\/revisions\/75700"}],"wp:featuredmedia":[{"embeddable":true,"href":"https:\/\/brandss.com.py\/index\/wp-json\/wp\/v2\/media\/75694"}],"wp:attachment":[{"href":"https:\/\/brandss.com.py\/index\/wp-json\/wp\/v2\/media?parent=75693"}],"wp:term":[{"taxonomy":"product_brand","embeddable":true,"href":"https:\/\/brandss.com.py\/index\/wp-json\/wp\/v2\/product_brand?post=75693"},{"taxonomy":"product_cat","embeddable":true,"href":"https:\/\/brandss.com.py\/index\/wp-json\/wp\/v2\/product_cat?post=75693"},{"taxonomy":"product_tag","embeddable":true,"href":"https:\/\/brandss.com.py\/index\/wp-json\/wp\/v2\/product_tag?post=75693"}],"curies":[{"name":"wp","href":"https:\/\/api.w.org\/{rel}","templated":true}]}}