{"id":75701,"date":"2025-03-11T18:03:34","date_gmt":"2025-03-11T18:03:34","guid":{"rendered":"https:\/\/brandss.com.py\/index\/?post_type=product&#038;p=75701"},"modified":"2025-09-25T12:27:41","modified_gmt":"2025-09-25T12:27:41","slug":"crema-de-bano-aromatico-tesori-doriente-ayurveda-500ml","status":"publish","type":"product","link":"https:\/\/brandss.com.py\/index\/producto\/crema-de-bano-aromatico-tesori-doriente-ayurveda-500ml\/","title":{"rendered":"CREMA DE BA\u00d1O AROM\u00c1TICO CORPORAL TESORI D\u2019ORIENTE AYURVEDA 500ML"},"content":{"rendered":"<p><img loading=\"lazy\" decoding=\"async\" class=\"\" src=\"https:\/\/api.dudar.kz\/uploads\/tesoridoriente_621fb5df94.png\" alt=\"Distribution of Tesori d'Oriente brand in Kazakhstan \u2014 Dudar\" width=\"132\" height=\"61\" \/><\/p>\n<h1>AYURVEDA<\/h1>\n<p class=\"gt-block\">Una fabulosa crema limpiadora enriquecida con 5 ingredientes preciosos de la tradici\u00f3n ayurv\u00e9dica para dejarte la piel suave y maravillosamente luminosa. Para recuperar la tranquilidad, sum\u00e9rgete en la suave espuma de la crema de ba\u00f1o ayurv\u00e9dica. Una maravillosa crema de ba\u00f1o limpiadora con aceite de amla, Ylang Ylang,\u00a0pachul\u00ed y otros cinco valiosos y tradicionales ingredientes ayurv\u00e9dicos que proporcionan una piel tersa, suave y fragante. \u00a1Sum\u00e9rjase en la suave espuma de la crema de ba\u00f1o ayurv\u00e9dica para recuperar la tranquilidad!<br \/>\n<img loading=\"lazy\" decoding=\"async\" class=\"alignleft\" src=\"https:\/\/aurelijosspa.lt\/cdn\/shop\/products\/20248243_1104848116316149_1289913611774041586_o_1800x1800.jpg?v=1699730444\" width=\"436\" height=\"436\" \/><br \/>\n<strong>Una fragancia celestial y encantadora:<\/strong><\/p>\n<p class=\"gt-block\">\n<strong>ACEITE DE AMLA<\/strong>: El aceite de amla es una de las hierbas m\u00e1s utilizadas en los tratamientos de belleza ayurv\u00e9dicos. Rica en vitamina C, \u00e1cidos grasos esenciales y minerales, tiene extraordinarias propiedades antioxidantes, nutre y regenera la piel.<\/p>\n<p><strong>PATCHIUL<\/strong>: o una planta de la familia Lamiaceae, muy\u00a0arom\u00e1tico, similar a la lavanda, la menta y el or\u00e9gano. Parche\u00a0de\u00a0Regiones tropicales de Asia, cultivadas intensivamente en China, India, Tailandia, Indonesia, Malasia, Mauricio y Filipinas.<\/p>\n<p class=\"gt-block __text\"><strong>Notas Olfativas:<\/strong><\/p>\n<ul>\n<li><strong>Notas de salida:\u00a0<\/strong>Naranja, bergamota, lim\u00f3n.<\/li>\n<li><strong>Notas de coraz\u00f3n:<\/strong>\u00a0Ylang Ylang, \u00bcibuokles, especias orientales, bayas de iris, pimiento rojo.<\/li>\n<li><strong>Notas de fondo:<\/strong>\u00a0Khedra, ajointar, b\u00e1lsamo peruano, pachul\u00ed, vetiver.<\/li>\n<\/ul>\n","protected":false},"excerpt":{"rendered":"<p>AYURVEDA Una fabulosa crema limpiadora enriquecida con 5 ingredientes preciosos de la tradici\u00f3n ayurv\u00e9dica para dejarte la piel suave y<\/p>\n","protected":false},"featured_media":75704,"comment_status":"open","ping_status":"closed","template":"","meta":{"nf_dc_page":""},"product_brand":[434],"product_cat":[94],"product_tag":[441],"class_list":{"0":"post-75701","1":"product","2":"type-product","3":"status-publish","4":"has-post-thumbnail","6":"product_brand-tesori-doriente","7":"product_cat-higiene-personal","8":"product_tag-441","10":"first","11":"instock","12":"shipping-taxable","13":"purchasable","14":"product-type-simple"},"_links":{"self":[{"href":"https:\/\/brandss.com.py\/index\/wp-json\/wp\/v2\/product\/75701","targetHints":{"allow":["GET"]}}],"collection":[{"href":"https:\/\/brandss.com.py\/index\/wp-json\/wp\/v2\/product"}],"about":[{"href":"https:\/\/brandss.com.py\/index\/wp-json\/wp\/v2\/types\/product"}],"replies":[{"embeddable":true,"href":"https:\/\/brandss.com.py\/index\/wp-json\/wp\/v2\/comments?post=75701"}],"version-history":[{"count":3,"href":"https:\/\/brandss.com.py\/index\/wp-json\/wp\/v2\/product\/75701\/revisions"}],"predecessor-version":[{"id":91154,"href":"https:\/\/brandss.com.py\/index\/wp-json\/wp\/v2\/product\/75701\/revisions\/91154"}],"wp:featuredmedia":[{"embeddable":true,"href":"https:\/\/brandss.com.py\/index\/wp-json\/wp\/v2\/media\/75704"}],"wp:attachment":[{"href":"https:\/\/brandss.com.py\/index\/wp-json\/wp\/v2\/media?parent=75701"}],"wp:term":[{"taxonomy":"product_brand","embeddable":true,"href":"https:\/\/brandss.com.py\/index\/wp-json\/wp\/v2\/product_brand?post=75701"},{"taxonomy":"product_cat","embeddable":true,"href":"https:\/\/brandss.com.py\/index\/wp-json\/wp\/v2\/product_cat?post=75701"},{"taxonomy":"product_tag","embeddable":true,"href":"https:\/\/brandss.com.py\/index\/wp-json\/wp\/v2\/product_tag?post=75701"}],"curies":[{"name":"wp","href":"https:\/\/api.w.org\/{rel}","templated":true}]}}