{"id":75702,"date":"2025-03-11T18:07:01","date_gmt":"2025-03-11T18:07:01","guid":{"rendered":"https:\/\/brandss.com.py\/index\/?post_type=product&#038;p=75702"},"modified":"2025-03-11T18:07:46","modified_gmt":"2025-03-11T18:07:46","slug":"plato-de-mascota-bowl-the-main-course","status":"publish","type":"product","link":"https:\/\/brandss.com.py\/index\/producto\/plato-de-mascota-bowl-the-main-course\/","title":{"rendered":"PLATO DE MASCOTA BOWL THE MAIN COURSE"},"content":{"rendered":"<h1><img loading=\"lazy\" decoding=\"async\" class=\"\" src=\"https:\/\/t4.ftcdn.net\/jpg\/02\/98\/48\/79\/360_F_298487982_dcOFbcRaTKU49tbnDoLdO4h6Z4vbbkI4.jpg\" alt=\"Bowl Logo Images \u2013 Browse 108,090 Stock Photos, Vectors, and Video | Adobe  Stock\" width=\"136\" height=\"136\" \/><\/h1>\n<h1>9780735373624 BOWL THE MAIN COURSE<\/h1>\n<p data-start=\"0\" data-end=\"513\"><span>Este <\/span><strong data-start=\"5\" data-end=\"78\"><span>elegante y funcional cuenco de cer\u00e1mica para mascotas de Brass Monkey<\/span><\/strong><span> es la combinaci\u00f3n perfecta de estilo y practicidad para consentir a tu amigo peludo. Aunque tu mascota pueda tener h\u00e1bitos cuestionables (como intentar comer su propio v\u00f3mito de vez en cuando), eso no significa que no merezca un recipiente digno de su refinado paladar. Dise\u00f1ado con un toque de humor y sofisticaci\u00f3n, este cuenco a\u00f1ade un aire de exclusividad a los fugaces 13 segundos en los que tu perro o gato devora su comida.<\/span><\/p>\n<h3 data-start=\"515\" data-end=\"540\"><strong data-start=\"519\" data-end=\"538\"><span>Dise\u00f1o y estilo<\/span><\/strong><\/h3>\n<p data-start=\"541\" data-end=\"959\"><span>Este cuenco de cer\u00e1mica de gran peso y calidad presenta un acabado en <\/span><strong data-start=\"611\" data-end=\"630\"><span>blanco elegante<\/span><\/strong><span> , lo que lo hace ideal para complementar cualquier estilo de decoraci\u00f3n en el hogar. En el fondo del recipiente, se encuentran <\/span><strong data-start=\"757\" data-end=\"822\"><span>letras grandes escritas a mano con la frase &#8220;The Main Course&#8221;<\/span><\/strong><span> en un brillante <\/span><strong data-start=\"839\" data-end=\"870\"><span>dorado met\u00e1lico reflectante<\/span><\/strong><span> , un detalle que le da un aire exclusivo y lujoso a la hora de la comida de tu mascota.<\/span><\/p>\n<h3 data-start=\"961\" data-end=\"995\"><strong data-start=\"965\" data-end=\"993\"><span>Materiales y durabilidad<\/span><\/strong><\/h3>\n<p data-start=\"996\" data-end=\"1332\"><span>Fabricado en <\/span><strong data-start=\"1009\" data-end=\"1032\"><span>cer\u00e1mica resistente<\/span><\/strong><span> , este cuenco est\u00e1 dise\u00f1ado para soportar el uso diario sin comprometer su est\u00e9tica. Su peso evita que su mascota se desplace f\u00e1cilmente mientras viene, manteniendo el \u00e1rea de alimentaci\u00f3n m\u00e1s ordenada. Adem\u00e1s, la superficie lisa de la cer\u00e1mica facilita su limpieza, ya sea a mano o en lavavajillas.<\/span><\/p>\n<h3 data-start=\"1334\" data-end=\"1367\"><strong data-start=\"1338\" data-end=\"1365\"><span>Dimensiones y capacidad<\/span><\/strong><\/h3>\n<p data-start=\"1368\" data-end=\"1635\"><span>Con un di\u00e1metro de <\/span><strong data-start=\"1387\" data-end=\"1425\"><span>7 pulgadas (aproximadamente 18 cm)<\/span><\/strong><span> y una altura de <\/span><strong data-start=\"1442\" data-end=\"1465\"><span>3 pulgadas (7,6 cm)<\/span><\/strong><span> , este cuenco tiene una capacidad de <\/span><strong data-start=\"1502\" data-end=\"1544\"><span>40 onzas (aproximadamente 1,18 litros)<\/span><\/strong><span> , ideal tanto para perros medianos y grandes como para gatos con un apetito considerable.<\/span><\/p>\n<h3 data-start=\"1637\" data-end=\"1666\"><strong data-start=\"1641\" data-end=\"1664\"><span>Detalles especiales<\/span><\/strong><\/h3>\n<ul data-start=\"1667\" data-end=\"2074\">\n<li data-start=\"1667\" data-end=\"1784\"><strong data-start=\"1669\" data-end=\"1706\"><span>Dise\u00f1o humor\u00edstico y c\u00f3modo:<\/span><\/strong><span> La frase dorada en el fondo del cuenco a\u00f1ade un toque de humor y elegancia.<\/span><\/li>\n<li data-start=\"1785\" data-end=\"1957\"><strong data-start=\"1787\" data-end=\"1810\"><span>Ideal para regalar:<\/span><\/strong><span> Viene en un empaque cuidadosamente dise\u00f1ado, lo que lo convierte en un regalo perfecto para amantes de las mascotas que aprecian el buen dise\u00f1o.<\/span><\/li>\n<li data-start=\"1958\" data-end=\"2074\"><strong data-start=\"1960\" data-end=\"1984\"><span>Pr\u00e1ctico y vers\u00e1til:<\/span><\/strong><span> Su tama\u00f1o y capacidad lo hacen adecuado tanto para agua como para comida seca o h\u00fameda.<\/span><\/li>\n<\/ul>\n<h3 data-start=\"2076\" data-end=\"2119\"><strong data-start=\"2080\" data-end=\"2117\"><span>\u00bfPara qui\u00e9n es ideal este cuenco?<\/span><\/strong><\/h3>\n<p data-start=\"2120\" data-end=\"2517\" data-is-last-node=\"\" data-is-only-node=\"\"><span>Este cuenco de cer\u00e1mica es perfecto para due\u00f1os de mascotas que buscan un accesorio funcional pero con un toque de estilo y originalidad. Ya sea que quieras elevar la experiencia gastron\u00f3mica de tu perro o simplemente darle un toque chic al rinc\u00f3n de comida de tu gato, este cuenco har\u00e1 que su comida se vea (y tal vez se sienta) m\u00e1s especial\u2026 aunque ellos solo tardar\u00e1n unos segundos en terminarla.<\/span><\/p>\n","protected":false},"excerpt":{"rendered":"<p>9780735373624 BOWL THE MAIN COURSE Este elegante y funcional cuenco de cer\u00e1mica para mascotas de Brass Monkey es la combinaci\u00f3n<\/p>\n","protected":false},"featured_media":75703,"comment_status":"open","ping_status":"closed","template":"","meta":{"nf_dc_page":""},"product_brand":[],"product_cat":[20],"product_tag":[],"class_list":{"0":"post-75702","1":"product","2":"type-product","3":"status-publish","4":"has-post-thumbnail","6":"product_cat-otros","8":"first","9":"instock","10":"shipping-taxable","11":"purchasable","12":"product-type-simple"},"_links":{"self":[{"href":"https:\/\/brandss.com.py\/index\/wp-json\/wp\/v2\/product\/75702","targetHints":{"allow":["GET"]}}],"collection":[{"href":"https:\/\/brandss.com.py\/index\/wp-json\/wp\/v2\/product"}],"about":[{"href":"https:\/\/brandss.com.py\/index\/wp-json\/wp\/v2\/types\/product"}],"replies":[{"embeddable":true,"href":"https:\/\/brandss.com.py\/index\/wp-json\/wp\/v2\/comments?post=75702"}],"version-history":[{"count":1,"href":"https:\/\/brandss.com.py\/index\/wp-json\/wp\/v2\/product\/75702\/revisions"}],"predecessor-version":[{"id":75716,"href":"https:\/\/brandss.com.py\/index\/wp-json\/wp\/v2\/product\/75702\/revisions\/75716"}],"wp:featuredmedia":[{"embeddable":true,"href":"https:\/\/brandss.com.py\/index\/wp-json\/wp\/v2\/media\/75703"}],"wp:attachment":[{"href":"https:\/\/brandss.com.py\/index\/wp-json\/wp\/v2\/media?parent=75702"}],"wp:term":[{"taxonomy":"product_brand","embeddable":true,"href":"https:\/\/brandss.com.py\/index\/wp-json\/wp\/v2\/product_brand?post=75702"},{"taxonomy":"product_cat","embeddable":true,"href":"https:\/\/brandss.com.py\/index\/wp-json\/wp\/v2\/product_cat?post=75702"},{"taxonomy":"product_tag","embeddable":true,"href":"https:\/\/brandss.com.py\/index\/wp-json\/wp\/v2\/product_tag?post=75702"}],"curies":[{"name":"wp","href":"https:\/\/api.w.org\/{rel}","templated":true}]}}