{"id":75739,"date":"2025-03-11T18:40:56","date_gmt":"2025-03-11T18:40:56","guid":{"rendered":"https:\/\/brandss.com.py\/index\/?post_type=product&#038;p=75739"},"modified":"2025-09-25T12:28:17","modified_gmt":"2025-09-25T12:28:17","slug":"crema-de-bano-aromatico-tesori-doriente-thalasso-therapy-500ml","status":"publish","type":"product","link":"https:\/\/brandss.com.py\/index\/producto\/crema-de-bano-aromatico-tesori-doriente-thalasso-therapy-500ml\/","title":{"rendered":"CREMA DE BA\u00d1O AROM\u00c1TICO CORPORAL TESORI D\u2019ORIENTE THALASSO THERAPY 500ML"},"content":{"rendered":"<p><img loading=\"lazy\" decoding=\"async\" class=\"\" src=\"https:\/\/api.dudar.kz\/uploads\/tesoridoriente_621fb5df94.png\" alt=\"Distribution of Tesori d'Oriente brand in Kazakhstan \u2014 Dudar\" width=\"186\" height=\"86\" \/><\/p>\n<h1>THALASSO THERAPY<\/h1>\n<h3><span>Regenera y rel\u00e1jate con la Crema de Ba\u00f1o Talasoterapia de Tesori d&#8217;Oriente<\/span><\/h3>\n<p>Inspirado en los antiguos rituales de belleza de las Islas Fiji, el Ritual de Talasoterapia celebra el poder regenerador del agua de mar y sus propiedades beneficiosas para el cuerpo y la mente.<img loading=\"lazy\" decoding=\"async\" class=\"alignleft\" src=\"https:\/\/tesori-usa.com\/cdn\/shop\/products\/02-BBThalasso01-_4_900x.jpg?v=1671115878\" width=\"730\" height=\"730\" \/><\/p>\n<p><span>La Crema de Ba\u00f1o Talasoterapia de Tesori d&#8217;Oriente te lleva a un viaje sensorial por las costas del Mediterr\u00e1neo. D\u00e9jate envolver por una sinfon\u00eda de notas marinas, que se abren con una explosi\u00f3n de bergamota y lim\u00f3n, para luego evolucionar hacia un coraz\u00f3n de jazm\u00edn y azahar, y finalmente terminar con un fondo de agua de mar y sales minerales, que aportan una sensaci\u00f3n de frescor y vitalidad a la piel.<\/span><\/p>\n<div><span>Esta crema de ba\u00f1o arom\u00e1tica contiene extractos del agua m\u00e1s pura de Fiji, rica en minerales activos y oligoelementos, as\u00ed como algas marinas, que aportan a la piel un toque de hidrataci\u00f3n y frescura.<\/span><\/div>\n<div><span>No s\u00f3lo limpia el cuerpo en profundidad, sino que tambi\u00e9n le aporta flexibilidad y un aroma agradable.<\/span><\/p>\n<p><span>Cada producto tiene un embalaje hermoso y decorado que luce elegante y realza el ba\u00f1o. Tesori d&#8217;Or Bagno Thalasso es un homenaje a los antiguos rituales de belleza del archipi\u00e9lago de Fiji, donde el ritual de talasoterapia celebra el poder regenerador del agua de mar y sus efectos beneficiosos sobre el cuerpo y la mente. Este ba\u00f1o de burbujas arom\u00e1tico est\u00e1 inspirado en las aguas puras de las Islas Fiji, ricas en minerales activos y oligoelementos, as\u00ed como en algas, que aportan a la piel la hidrataci\u00f3n que necesita y una sensaci\u00f3n de frescor.<\/span><br \/>\n<span>No s\u00f3lo limpia el cuerpo en profundidad, sino que tambi\u00e9n le aporta flexibilidad y un aroma agradable.<\/span><\/div>\n","protected":false},"excerpt":{"rendered":"<p>THALASSO THERAPY Regenera y rel\u00e1jate con la Crema de Ba\u00f1o Talasoterapia de Tesori d&#8217;Oriente Inspirado en los antiguos rituales de<\/p>\n","protected":false},"featured_media":75741,"comment_status":"open","ping_status":"closed","template":"","meta":{"nf_dc_page":""},"product_brand":[434],"product_cat":[94],"product_tag":[442],"class_list":{"0":"post-75739","1":"product","2":"type-product","3":"status-publish","4":"has-post-thumbnail","6":"product_brand-tesori-doriente","7":"product_cat-higiene-personal","8":"product_tag-442","10":"first","11":"instock","12":"shipping-taxable","13":"purchasable","14":"product-type-simple"},"_links":{"self":[{"href":"https:\/\/brandss.com.py\/index\/wp-json\/wp\/v2\/product\/75739","targetHints":{"allow":["GET"]}}],"collection":[{"href":"https:\/\/brandss.com.py\/index\/wp-json\/wp\/v2\/product"}],"about":[{"href":"https:\/\/brandss.com.py\/index\/wp-json\/wp\/v2\/types\/product"}],"replies":[{"embeddable":true,"href":"https:\/\/brandss.com.py\/index\/wp-json\/wp\/v2\/comments?post=75739"}],"version-history":[{"count":2,"href":"https:\/\/brandss.com.py\/index\/wp-json\/wp\/v2\/product\/75739\/revisions"}],"predecessor-version":[{"id":91155,"href":"https:\/\/brandss.com.py\/index\/wp-json\/wp\/v2\/product\/75739\/revisions\/91155"}],"wp:featuredmedia":[{"embeddable":true,"href":"https:\/\/brandss.com.py\/index\/wp-json\/wp\/v2\/media\/75741"}],"wp:attachment":[{"href":"https:\/\/brandss.com.py\/index\/wp-json\/wp\/v2\/media?parent=75739"}],"wp:term":[{"taxonomy":"product_brand","embeddable":true,"href":"https:\/\/brandss.com.py\/index\/wp-json\/wp\/v2\/product_brand?post=75739"},{"taxonomy":"product_cat","embeddable":true,"href":"https:\/\/brandss.com.py\/index\/wp-json\/wp\/v2\/product_cat?post=75739"},{"taxonomy":"product_tag","embeddable":true,"href":"https:\/\/brandss.com.py\/index\/wp-json\/wp\/v2\/product_tag?post=75739"}],"curies":[{"name":"wp","href":"https:\/\/api.w.org\/{rel}","templated":true}]}}