{"id":75751,"date":"2025-03-11T18:45:25","date_gmt":"2025-03-11T18:45:25","guid":{"rendered":"https:\/\/brandss.com.py\/index\/?post_type=product&#038;p=75751"},"modified":"2025-03-11T18:45:52","modified_gmt":"2025-03-11T18:45:52","slug":"calzado-deportivo-femenino-nike-air-max-270","status":"publish","type":"product","link":"https:\/\/brandss.com.py\/index\/producto\/calzado-deportivo-femenino-nike-air-max-270\/","title":{"rendered":"CALZADO DEPORTIVO FEMENINO NIKE AIR MAX 270"},"content":{"rendered":"<p><img loading=\"lazy\" decoding=\"async\" class=\"\" src=\"https:\/\/1000marcas.net\/wp-content\/uploads\/2019\/11\/Logo-Nike.jpg\" alt=\"Logo de Nike: la historia y el significado del logotipo, la ...\" width=\"383\" height=\"215\" \/><\/p>\n<h1>AH6789-001<\/h1>\n<div class=\"flex max-w-full flex-col flex-grow\">\n<div class=\"min-h-8 text-message relative flex w-full flex-col items-end gap-2 whitespace-normal break-words text-start [.text-message+&amp;]:mt-5\" dir=\"auto\" data-message-author-role=\"assistant\" data-message-id=\"ad344523-00a4-4315-8e59-3a91578ee728\" data-message-model-slug=\"gpt-4o\">\n<div class=\"flex w-full flex-col gap-1 empty:hidden first:pt-[3px]\">\n<div class=\"markdown prose w-full break-words dark:prose-invert light\">\n<h3 data-start=\"0\" data-end=\"67\"><strong data-start=\"4\" data-end=\"65\"><span>Nike Air Max 270 \u2013 Estilo, Comodidad y Tecnolog\u00eda Air Max<\/span><\/strong><\/h3>\n<p data-start=\"69\" data-end=\"586\"><span>Las <\/span><strong data-start=\"73\" data-end=\"93\"><span>Nike Air Max 270<\/span><\/strong><span> combinan el ic\u00f3nico dise\u00f1o de la l\u00ednea Air Max con una comodidad excepcional y una est\u00e9tica moderna. Inspiradas en los modelos cl\u00e1sicos de Air Max, estas zapatillas se destacan por su unidad <\/span><strong data-start=\"282\" data-end=\"297\"><span>Max Air 270<\/span><\/strong><span> , la m\u00e1s grande jam\u00e1s creada por Nike, proporcionando una amortiguaci\u00f3n y un confort superiores para el uso diario. Con detalles innovadores y materiales de alta calidad, este modelo es perfecto para quienes buscan un equilibrio entre <\/span><strong data-start=\"532\" data-end=\"583\"><span>estilo urbano, rendimiento y comodidad duradera.<\/span><\/strong><\/p>\n<h3 data-start=\"588\" data-end=\"617\"><strong data-start=\"592\" data-end=\"615\"><span>Dise\u00f1o y materiales<\/span><\/strong><\/h3>\n<p data-start=\"618\" data-end=\"967\"><span>El dise\u00f1o de las <\/span><strong data-start=\"635\" data-end=\"655\"><span>Nike Air Max 270<\/span><\/strong><span> rinde homenaje a la historia de la serie Air Max, incorporando grandes ventanas de aire y colores vibrantes que resaltan la tecnolog\u00eda de amortiguaci\u00f3n. La parte superior combina <\/span><strong data-start=\"835\" data-end=\"879\"><span>tejido transpirable y material sint\u00e9tico<\/span><\/strong><span> , lo que proporciona <\/span><strong data-start=\"900\" data-end=\"939\"><span>un ajuste ligero, fresco y flexible<\/span><\/strong><span> , ideal para el d\u00eda a d\u00eda.<\/span><\/p>\n<h3 data-start=\"969\" data-end=\"1006\"><strong data-start=\"973\" data-end=\"1004\"><span>Caracter\u00edsticas principales<\/span><\/strong><\/h3>\n<p data-start=\"1007\" data-end=\"1565\"><span>\u2714 <\/span><strong data-start=\"1009\" data-end=\"1032\"><span>Unidad Air Max 270:<\/span><\/strong><span> Ofrece una amortiguaci\u00f3n visible en el tal\u00f3n que absorbe los impactos y proporciona comodidad durante todo el d\u00eda. <\/span><br data-start=\"1147\" data-end=\"1150\" \/><span>\u2714 <\/span><strong data-start=\"1152\" data-end=\"1190\"><span>Parte superior tejida y sint\u00e9tica:<\/span><\/strong><span> Garantiza ligereza, transpirabilidad y un ajuste c\u00f3modo. <\/span><br data-start=\"1247\" data-end=\"1250\" \/><span>\u2714 <\/span><strong data-start=\"1252\" data-end=\"1277\"><span>Entresuela de espuma:<\/span><\/strong><span> Suavidad y comodidad en cada paso, ideal para largas caminatas o uso prolongado. <\/span><br data-start=\"1358\" data-end=\"1361\" \/><span>\u2714 <\/span><strong data-start=\"1363\" data-end=\"1405\"><span>Forro el\u00e1stico y dise\u00f1o tipo calcet\u00edn:<\/span><\/strong><span> Se adapta al pie para brindar un ajuste personalizado y seguro. <\/span><br data-start=\"1469\" data-end=\"1472\" data-is-only-node=\"\" \/><span>\u2714 <\/span><strong data-start=\"1474\" data-end=\"1501\"><span>Suela de goma duradera:<\/span><\/strong><span> Proporciona una excelente tracci\u00f3n y resistencia al desgaste.<\/span><\/p>\n<h3 data-start=\"1567\" data-end=\"1602\"><strong data-start=\"1571\" data-end=\"1600\"><span>Especificaciones t\u00e9cnicas<\/span><\/strong><\/h3>\n<p data-start=\"1603\" data-end=\"1843\"><span>\ud83d\udd39 <\/span><strong data-start=\"1606\" data-end=\"1617\"><span>Modelo:<\/span><\/strong><span> Nike Air Max 270 <\/span><br data-start=\"1634\" data-end=\"1637\" \/><span>\ud83d\udd39 <\/span><strong data-start=\"1640\" data-end=\"1661\"><span>C\u00f3digo de estilo:<\/span><\/strong><span> AH6789-001 <\/span><br data-start=\"1672\" data-end=\"1675\" \/><span>\ud83d\udd39 <\/span><strong data-start=\"1678\" data-end=\"1688\"><span>Color:<\/span><\/strong><span> Negro y blanco <\/span><br data-start=\"1703\" data-end=\"1706\" \/><span>\ud83d\udd39 <\/span><strong data-start=\"1709\" data-end=\"1732\"><span>Tallas disponibles:<\/span><\/strong><span> US5.5 (22.5 cm) &#8211; US8.5 (25.5 cm) <\/span><br data-start=\"1766\" data-end=\"1769\" data-is-only-node=\"\" \/><span>\ud83d\udd39 <\/span><strong data-start=\"1772\" data-end=\"1792\"><span>Uso recomendado:<\/span><\/strong><span> Uso diario, estilo urbano y comodidad prolongada<\/span><\/p>\n<h3 data-start=\"1845\" data-end=\"1879\"><strong data-start=\"1849\" data-end=\"1877\"><span>\u00bfPara qui\u00e9nes son ideales?<\/span><\/strong><\/h3>\n<p data-start=\"1880\" data-end=\"2279\" data-is-last-node=\"\" data-is-only-node=\"\"><span>Las <\/span><strong data-start=\"1884\" data-end=\"1904\"><span>Nike Air Max 270<\/span><\/strong><span> est\u00e1n dise\u00f1adas para quienes buscan un calzado vers\u00e1til que combine <\/span><strong data-start=\"1973\" data-end=\"2003\"><span>moda, innovaci\u00f3n y comodidad<\/span><\/strong><span> . Su dise\u00f1o moderno y su inigualable amortiguaci\u00f3n las hacen ideales para el d\u00eda a d\u00eda, permitiendo un uso prolongado sin sacrificar el estilo. Ya sea para caminar por la ciudad o simplemente para destacar con un look casual y deportivo, este modelo es una excelente elecci\u00f3n.<\/span><\/p>\n<\/div>\n<\/div>\n<\/div>\n<\/div>\n","protected":false},"excerpt":{"rendered":"<p>AH6789-001 Nike Air Max 270 \u2013 Estilo, Comodidad y Tecnolog\u00eda Air Max Las Nike Air Max 270 combinan el ic\u00f3nico<\/p>\n","protected":false},"featured_media":75752,"comment_status":"open","ping_status":"closed","template":"","meta":{"nf_dc_page":""},"product_brand":[],"product_cat":[73],"product_tag":[],"class_list":{"0":"post-75751","1":"product","2":"type-product","3":"status-publish","4":"has-post-thumbnail","6":"product_cat-femenino","8":"first","9":"instock","10":"shipping-taxable","11":"purchasable","12":"product-type-simple"},"_links":{"self":[{"href":"https:\/\/brandss.com.py\/index\/wp-json\/wp\/v2\/product\/75751","targetHints":{"allow":["GET"]}}],"collection":[{"href":"https:\/\/brandss.com.py\/index\/wp-json\/wp\/v2\/product"}],"about":[{"href":"https:\/\/brandss.com.py\/index\/wp-json\/wp\/v2\/types\/product"}],"replies":[{"embeddable":true,"href":"https:\/\/brandss.com.py\/index\/wp-json\/wp\/v2\/comments?post=75751"}],"version-history":[{"count":1,"href":"https:\/\/brandss.com.py\/index\/wp-json\/wp\/v2\/product\/75751\/revisions"}],"predecessor-version":[{"id":75764,"href":"https:\/\/brandss.com.py\/index\/wp-json\/wp\/v2\/product\/75751\/revisions\/75764"}],"wp:featuredmedia":[{"embeddable":true,"href":"https:\/\/brandss.com.py\/index\/wp-json\/wp\/v2\/media\/75752"}],"wp:attachment":[{"href":"https:\/\/brandss.com.py\/index\/wp-json\/wp\/v2\/media?parent=75751"}],"wp:term":[{"taxonomy":"product_brand","embeddable":true,"href":"https:\/\/brandss.com.py\/index\/wp-json\/wp\/v2\/product_brand?post=75751"},{"taxonomy":"product_cat","embeddable":true,"href":"https:\/\/brandss.com.py\/index\/wp-json\/wp\/v2\/product_cat?post=75751"},{"taxonomy":"product_tag","embeddable":true,"href":"https:\/\/brandss.com.py\/index\/wp-json\/wp\/v2\/product_tag?post=75751"}],"curies":[{"name":"wp","href":"https:\/\/api.w.org\/{rel}","templated":true}]}}