{"id":75765,"date":"2025-03-11T19:13:14","date_gmt":"2025-03-11T19:13:14","guid":{"rendered":"https:\/\/brandss.com.py\/index\/?post_type=product&#038;p=75765"},"modified":"2026-02-13T10:59:42","modified_gmt":"2026-02-13T10:59:42","slug":"crema-de-bano-aromatico-tesori-doriente-imperial-rose-500ml","status":"publish","type":"product","link":"https:\/\/brandss.com.py\/index\/producto\/crema-de-bano-aromatico-tesori-doriente-imperial-rose-500ml\/","title":{"rendered":"CREMA DE BA\u00d1O AROM\u00c1TICO CORPORAL TESORI D\u2019ORIENTE IMPERIAL ROSE 500ML"},"content":{"rendered":"<p><img loading=\"lazy\" decoding=\"async\" class=\"\" src=\"https:\/\/api.dudar.kz\/uploads\/tesoridoriente_621fb5df94.png\" alt=\"Distribution of Tesori d'Oriente brand in Kazakhstan \u2014 Dudar\" width=\"167\" height=\"77\" \/><\/p>\n<h1>IMPERIAL ROSE<\/h1>\n<p>El gel de ducha Tesori Rose<span>\u00a0est\u00e1 inspirado en la rosa de Damasco, la &#8220;Reina de las rosas&#8221; del Medio Oriente, aportando un aroma c\u00e1lido, encantador y lujoso y una retenci\u00f3n del aroma superior en comparaci\u00f3n con otros tipos de rosas. El gel de ducha de rosa de Damasco le brindar\u00e1 un excelente efecto hidratante, aumentar\u00e1 la suavidad y elasticidad de la piel combinado con una dulce fragancia rom\u00e1ntica.<\/span><\/p>\n<p><span>El ingrediente principal del Gel de Ducha Damasco Rosa es la Rosa Damasco, una famosa flor de Oriente Medio, conocida como la &#8220;Reina de las Rosas&#8221; por su apasionada fragancia, siempre elegida como ingrediente principal para producir muchos perfumes de alta gama. <img decoding=\"async\" class=\"alignleft\" src=\"https:\/\/file.hstatic.net\/200000135107\/file\/tesori_d_oriente_imperial_rose_aromatic_bath_cream_3991a0f413e943fca9dcb8d02a13f41d_grande.jpg\" \/><\/span><\/p>\n<p><span>El gel de ducha de rosa de Damasco garantiza un excelente efecto hidratante, aumenta la suavidad y elasticidad de la piel combinado con una fragancia dulce muy rom\u00e1ntica. La sofisticada mezcla de aromas florales y frutales de Sodalis garantiza una sensaci\u00f3n especial al usarlo, como un paseo interminable en un vasto jard\u00edn de rosas. La capacidad de retener la fragancia durante mucho tiempo y difundirse fuertemente en el espacio circundante.<\/span><\/p>\n<p><strong><span>Notas Olfativas<\/span><\/strong><\/p>\n<p><span>El dulce aroma de las rosas de Damasco combinado con el aroma de las frutas crea un aroma suave y misterioso.<\/span><\/p>\n<p><span><strong>&#8211; Notas de salida:<\/strong> Lim\u00f3n, Frambuesa Negra.<\/span><\/p>\n<p><span><strong>&#8211; Notas de coraz\u00f3n:<\/strong> Rosa, Peon\u00eda, Frambuesa.<\/span><\/p>\n<p><span><strong>&#8211; Notas de fondo:<\/strong> Almizcle, madera de cedro.<\/span><\/p>\n<p><strong><span>Usos del producto:<\/span><\/strong><\/p>\n<p><span>&#8211; Limpia suavemente en profundidad cada poro, elimina las c\u00e9lulas muertas; Previene los agentes que causan dermatitis y poros obstruidos.<\/span><\/p>\n<p><span>&#8211; F\u00f3rmula hidratante \u00fanica que proporciona una hidrataci\u00f3n \u00f3ptima a la piel; Nutre la piel dej\u00e1ndola suave, tersa y llena de vitalidad.<\/span><\/p>\n<p><span>&#8211; La estructura de fragancia de 3 capas generalmente solo se encuentra en perfumes de alta gama, lo que ayuda a que la piel retenga el aroma hasta por 8 horas.<\/span><\/p>\n<p><strong><span>Instrucciones de uso:\u00a0<\/span><\/strong><\/p>\n<p><span>&#8211; Aplicar una cantidad suficiente y masajear suavemente todo el cuerpo durante 2-5 minutos, luego enjuagar abundantemente.<\/span><\/p>\n<p><span>&#8211; Conservar en lugar seco.<\/span><\/p>\n<p><span>Tesori D&#8217;Oriente &#8211; Gel de ducha perfumado n.\u00ba 1 de Italia<\/span><br \/>\n<span>\u2714 La fragancia dura 8 horas<\/span><\/p>\n","protected":false},"excerpt":{"rendered":"<p>IMPERIAL ROSE El gel de ducha Tesori Rose\u00a0est\u00e1 inspirado en la rosa de Damasco, la &#8220;Reina de las rosas&#8221; del<\/p>\n","protected":false},"featured_media":75766,"comment_status":"open","ping_status":"closed","template":"","meta":{"nf_dc_page":""},"product_brand":[434],"product_cat":[94],"product_tag":[443],"class_list":{"0":"post-75765","1":"product","2":"type-product","3":"status-publish","4":"has-post-thumbnail","6":"product_brand-tesori-doriente","7":"product_cat-higiene-personal","8":"product_tag-443","10":"first","11":"instock","12":"shipping-taxable","13":"purchasable","14":"product-type-simple"},"_links":{"self":[{"href":"https:\/\/brandss.com.py\/index\/wp-json\/wp\/v2\/product\/75765","targetHints":{"allow":["GET"]}}],"collection":[{"href":"https:\/\/brandss.com.py\/index\/wp-json\/wp\/v2\/product"}],"about":[{"href":"https:\/\/brandss.com.py\/index\/wp-json\/wp\/v2\/types\/product"}],"replies":[{"embeddable":true,"href":"https:\/\/brandss.com.py\/index\/wp-json\/wp\/v2\/comments?post=75765"}],"version-history":[{"count":2,"href":"https:\/\/brandss.com.py\/index\/wp-json\/wp\/v2\/product\/75765\/revisions"}],"predecessor-version":[{"id":91156,"href":"https:\/\/brandss.com.py\/index\/wp-json\/wp\/v2\/product\/75765\/revisions\/91156"}],"wp:featuredmedia":[{"embeddable":true,"href":"https:\/\/brandss.com.py\/index\/wp-json\/wp\/v2\/media\/75766"}],"wp:attachment":[{"href":"https:\/\/brandss.com.py\/index\/wp-json\/wp\/v2\/media?parent=75765"}],"wp:term":[{"taxonomy":"product_brand","embeddable":true,"href":"https:\/\/brandss.com.py\/index\/wp-json\/wp\/v2\/product_brand?post=75765"},{"taxonomy":"product_cat","embeddable":true,"href":"https:\/\/brandss.com.py\/index\/wp-json\/wp\/v2\/product_cat?post=75765"},{"taxonomy":"product_tag","embeddable":true,"href":"https:\/\/brandss.com.py\/index\/wp-json\/wp\/v2\/product_tag?post=75765"}],"curies":[{"name":"wp","href":"https:\/\/api.w.org\/{rel}","templated":true}]}}