{"id":75772,"date":"2025-03-12T12:18:56","date_gmt":"2025-03-12T12:18:56","guid":{"rendered":"https:\/\/brandss.com.py\/index\/?post_type=product&#038;p=75772"},"modified":"2025-09-25T12:30:00","modified_gmt":"2025-09-25T12:30:00","slug":"crema-de-bano-aromatico-tesori-doriente-persian-dream-500ml","status":"publish","type":"product","link":"https:\/\/brandss.com.py\/index\/producto\/crema-de-bano-aromatico-tesori-doriente-persian-dream-500ml\/","title":{"rendered":"CREMA DE BA\u00d1O AROM\u00c1TICO CORPORAL TESORI D\u2019ORIENTE PERSIAN DREAM 500ML"},"content":{"rendered":"<p><img loading=\"lazy\" decoding=\"async\" class=\"\" src=\"https:\/\/api.dudar.kz\/uploads\/tesoridoriente_621fb5df94.png\" alt=\"Distribution of Tesori d'Oriente brand in Kazakhstan \u2014 Dudar\" width=\"153\" height=\"71\" \/><\/p>\n<h1>PERSIAN DREAM<\/h1>\n<h4 dir=\"ltr\"><span>Descubra noches de lujo con esta delicia arom\u00e1tica: El poder de la granada y el t\u00e9 rojo<\/span><\/h4>\n<p dir=\"ltr\"><span>Disfrute de una escapada sensorial con esta lujosa crema arom\u00e1tica. Su suave textura mima su piel, dej\u00e1ndola irresistiblemente suave y tersa como la seda. No es solo un mimo, es rejuvenecimiento.<\/span><\/p>\n<p dir=\"ltr\"><span>Esta sinfon\u00eda bot\u00e1nica presenta la granada, s\u00edmbolo de renacimiento y belleza. Sus propiedades antioxidantes nutren y protegen la piel. Equilibrada con las notas calmantes y equilibrantes del t\u00e9 rojo, esta crema ofrece un ritual completo de autocuidado para una experiencia verdaderamente transformadora.<img loading=\"lazy\" decoding=\"async\" class=\"alignleft\" src=\"https:\/\/firmarelax.pl\/130116-tm_prod_default\/tesori-d-oriente-plyn-do-kapieli-kremowy-persian-dream-granat-i-czerwona-herbata-500ml.jpg\" width=\"568\" height=\"568\" \/><\/span><\/p>\n<p dir=\"ltr\"><span>Aunque la fragancia sea la estrella, la textura es igual de importante. Esta crema cuenta con una f\u00f3rmula rica y cremosa que transforma tu ba\u00f1o en un aut\u00e9ntico remanso de paz.<\/span><b><\/b><\/p>\n<p dir=\"ltr\"><span>El maravilloso envase de aluminio reciclable es un tesoro. Elaborado con pl\u00e1stico suave y perlado, el relieve del dise\u00f1o brilla con un brillo casi iridiscente, ofreciendo una experiencia sensorial incre\u00edble tanto dentro como fuera de la botella.<\/span><\/p>\n<p><span>Esta\u00a0<\/span>Crema de Ba\u00f1o Arom\u00e1tica\u00a0contiene\u00a0Aceites Esenciales\u00a0altamente perfumados que revitalizan, refrescan y tonifican todo el cuerpo, promoviendo una sensaci\u00f3n general de agradable bienestar y dejando la\u00a0piel suave y aterciopelada. Con\u00a0Persian Dream\u00a0te embarcas en un viaje de las mil y una noches envuelto en una suave crema arom\u00e1tica, que\u00a0mima los sentidos\u00a0y deja la piel suave y tersa como la seda. Su f\u00f3rmula combina las propiedades antioxidantes de\u00a0la Granada, emblema del renacimiento y la belleza, con los efectos reequilibrantes del\u00a0T\u00e9 Rojo.<\/p>\n<h3><span>Los ingredientes<\/span><\/h3>\n<p><strong><span>Granada<\/span><\/strong><span>: En la cultura persa, la granada simboliza la\u00a0<\/span>belleza de la vida, la prosperidad y la fertilidad. El fruto es muy querido por su sabor jugoso, dulce y \u00e1cido, y se utiliza en perfumer\u00eda porque su aroma es capaz de envolver los sentidos y el alma con su\u00a0dulce aroma, difundiendo una sensaci\u00f3n de bienestar y serenidad. Rico en\u00a0antioxidantes y vitaminas<span>, es un preciado elixir de belleza para la piel.<\/span><\/p>\n<p><strong><span>T\u00e9 Rojo<\/span><\/strong><span>: El cultivo del t\u00e9 en Persia tiene una historia milenaria y a\u00fan hoy representa un\u00a0<\/span>ritual sencillo y cotidiano<span>. El gesto requiere que primero se huela la bebida, mientras el vapor difunde su intenso aroma en el aire, para infundir bienestar y reequilibrar cuerpo y esp\u00edritu.<\/span><\/p>\n<p><strong><span>Ingredientes principales y usos:<\/span><\/strong><br \/>\n<span>&#8211; La esencia de granada roja combinada con hojas de t\u00e9 rosa ayuda a proporcionar vitaminas para nutrir la piel y prevenir la oxidaci\u00f3n, reduciendo el envejecimiento cut\u00e1neo.<\/span><br \/>\n<span>&#8211; La fragancia es una combinaci\u00f3n de la frescura de la menta, manzana roja alternada con vainilla y \u00e1mbar.<\/span><\/p>\n<p><strong><span>Uso:<\/span><\/strong><br \/>\n<span>Moje su cuerpo, tome una cantidad suficiente de producto en su mano o esponja de ducha, masajee suavemente durante 5-7 minutos para dejar que los nutrientes se absorban en la piel, luego enjuague bien.<\/span><\/p>\n","protected":false},"excerpt":{"rendered":"<p>PERSIAN DREAM Descubra noches de lujo con esta delicia arom\u00e1tica: El poder de la granada y el t\u00e9 rojo Disfrute<\/p>\n","protected":false},"featured_media":75773,"comment_status":"open","ping_status":"closed","template":"","meta":{"nf_dc_page":""},"product_brand":[434],"product_cat":[94],"product_tag":[444],"class_list":{"0":"post-75772","1":"product","2":"type-product","3":"status-publish","4":"has-post-thumbnail","6":"product_brand-tesori-doriente","7":"product_cat-higiene-personal","8":"product_tag-444","10":"first","11":"instock","12":"shipping-taxable","13":"purchasable","14":"product-type-simple"},"_links":{"self":[{"href":"https:\/\/brandss.com.py\/index\/wp-json\/wp\/v2\/product\/75772","targetHints":{"allow":["GET"]}}],"collection":[{"href":"https:\/\/brandss.com.py\/index\/wp-json\/wp\/v2\/product"}],"about":[{"href":"https:\/\/brandss.com.py\/index\/wp-json\/wp\/v2\/types\/product"}],"replies":[{"embeddable":true,"href":"https:\/\/brandss.com.py\/index\/wp-json\/wp\/v2\/comments?post=75772"}],"version-history":[{"count":2,"href":"https:\/\/brandss.com.py\/index\/wp-json\/wp\/v2\/product\/75772\/revisions"}],"predecessor-version":[{"id":91157,"href":"https:\/\/brandss.com.py\/index\/wp-json\/wp\/v2\/product\/75772\/revisions\/91157"}],"wp:featuredmedia":[{"embeddable":true,"href":"https:\/\/brandss.com.py\/index\/wp-json\/wp\/v2\/media\/75773"}],"wp:attachment":[{"href":"https:\/\/brandss.com.py\/index\/wp-json\/wp\/v2\/media?parent=75772"}],"wp:term":[{"taxonomy":"product_brand","embeddable":true,"href":"https:\/\/brandss.com.py\/index\/wp-json\/wp\/v2\/product_brand?post=75772"},{"taxonomy":"product_cat","embeddable":true,"href":"https:\/\/brandss.com.py\/index\/wp-json\/wp\/v2\/product_cat?post=75772"},{"taxonomy":"product_tag","embeddable":true,"href":"https:\/\/brandss.com.py\/index\/wp-json\/wp\/v2\/product_tag?post=75772"}],"curies":[{"name":"wp","href":"https:\/\/api.w.org\/{rel}","templated":true}]}}