{"id":75793,"date":"2025-03-12T16:20:41","date_gmt":"2025-03-12T16:20:41","guid":{"rendered":"https:\/\/brandss.com.py\/index\/?post_type=product&#038;p=75793"},"modified":"2025-03-12T18:22:55","modified_gmt":"2025-03-12T18:22:55","slug":"calazado-deportivo-femenino-nike-air-max-270","status":"publish","type":"product","link":"https:\/\/brandss.com.py\/index\/producto\/calazado-deportivo-femenino-nike-air-max-270\/","title":{"rendered":"CALZADO DEPORTIVO FEMENINO NIKE AIR MAX 270"},"content":{"rendered":"<p><img loading=\"lazy\" decoding=\"async\" class=\"\" src=\"https:\/\/1000marcas.net\/wp-content\/uploads\/2019\/11\/Logo-Nike.jpg\" alt=\"Logo de Nike: la historia y el significado del logotipo, la ...\" width=\"503\" height=\"283\" \/><\/p>\n<h1>AH6789-100<\/h1>\n<article class=\"w-full text-token-text-primary focus-visible:outline-2 focus-visible:outline-offset-[-4px]\" dir=\"auto\" data-testid=\"conversation-turn-3\" data-scroll-anchor=\"false\">\n<div class=\"text-base my-auto mx-auto py-[18px] px-6\">\n<div class=\"mx-auto flex flex-1 text-base gap-4 md:gap-5 lg:gap-6 md:max-w-3xl\">\n<div class=\"group\/conversation-turn relative flex w-full min-w-0 flex-col agent-turn @xs\/thread:px-0 @sm\/thread:px-1.5 @md\/thread:px-4\">\n<div class=\"flex-col gap-1 md:gap-3\">\n<div class=\"flex max-w-full flex-col flex-grow\">\n<div class=\"min-h-8 text-message relative flex w-full flex-col items-end gap-2 whitespace-normal break-words text-start [.text-message+&amp;]:mt-5\" dir=\"auto\" data-message-author-role=\"assistant\" data-message-id=\"9dca2e65-7c51-4504-880e-4b3209e3893f\" data-message-model-slug=\"gpt-4o\">\n<div class=\"flex w-full flex-col gap-1 empty:hidden first:pt-[3px]\">\n<div class=\"markdown prose w-full break-words dark:prose-invert light\">\n<p data-start=\"0\" data-end=\"314\">El <strong data-start=\"3\" data-end=\"23\">Nike Air Max 270<\/strong> en color <strong data-start=\"33\" data-end=\"62\">Blanco\/Negro (AH6789-100)<\/strong> es un calzado dise\u00f1ado para mujeres que combina estilo y comodidad. Inspirado en modelos ic\u00f3nicos de la l\u00ednea Air Max, este zapato destaca por su unidad <strong data-start=\"216\" data-end=\"231\">Air Max 270<\/strong> , que ofrece una amortiguaci\u00f3n superior y una sensaci\u00f3n de suavidad en cada paso.<\/p>\n<h3 data-start=\"316\" data-end=\"342\"><strong data-start=\"320\" data-end=\"340\">Caracter\u00edsticas:<\/strong><\/h3>\n<ul data-start=\"343\" data-end=\"968\">\n<li data-start=\"343\" data-end=\"450\"><strong data-start=\"345\" data-end=\"374\">Dise\u00f1o moderno y vers\u00e1til<\/strong> : Ideal para el uso diario, entrenamientos ligeros y ocasiones informales.<\/li>\n<li data-start=\"451\" data-end=\"562\"><strong data-start=\"453\" data-end=\"478\">Amortiguaci\u00f3n Air Max<\/strong> : La unidad Air Max 270 en el tal\u00f3n proporciona una sensaci\u00f3n de m\u00e1xima comodidad.<\/li>\n<li data-start=\"563\" data-end=\"664\"><strong data-start=\"565\" data-end=\"605\">Parte superior de malla transpirable<\/strong> : Favorece la ventilaci\u00f3n para mantener los pies frescos.<\/li>\n<li data-start=\"665\" data-end=\"753\"><strong data-start=\"667\" data-end=\"693\">Suela de goma duradera<\/strong> : Brinda una excelente tracci\u00f3n y resistencia al desgaste.<\/li>\n<li data-start=\"754\" data-end=\"850\"><strong data-start=\"756\" data-end=\"773\">Ajuste c\u00f3modo<\/strong> : Su dise\u00f1o de tipo bot\u00f3n se adapta al pie para un ajuste seguro y estable.<\/li>\n<li data-start=\"851\" data-end=\"933\"><strong data-start=\"853\" data-end=\"862\">Color<\/strong> : Blanco con detalles en negro, ofreciendo un look limpio y elegante.<\/li>\n<li data-start=\"934\" data-end=\"968\"><strong data-start=\"936\" data-end=\"945\">Talla<\/strong> : 10 (EE. UU.) para mujer.<\/li>\n<\/ul>\n<p data-start=\"970\" data-end=\"1127\" data-is-last-node=\"\" data-is-only-node=\"\">Perfectas para el <strong data-start=\"988\" data-end=\"1043\">d\u00eda a d\u00eda, salir a correr o entrenar en el gimnasio<\/strong> , las <strong data-start=\"1049\" data-end=\"1069\">Nike Air Max 270<\/strong> combinan innovaci\u00f3n y estilo deportivo en un solo modelo.<\/p>\n<\/div>\n<\/div>\n<\/div>\n<\/div>\n<div class=\"mb-2 flex gap-3 -ml-2\">\n<div class=\"flex items-center justify-start rounded-xl p-1 z-10 -mt-1 bg-token-main-surface-primary md:absolute\"><strong style=\"color: #1b1919;font-size: 22px\" data-start=\"4\" data-end=\"74\">Nike Air Max 270 para Mujer &#8211; Blanco\/Negro (AH6789-100) |\u00a0<\/strong><\/div>\n<\/div>\n<\/div>\n<\/div>\n<\/div>\n<\/div>\n<\/article>\n<article class=\"w-full text-token-text-primary focus-visible:outline-2 focus-visible:outline-offset-[-4px]\" dir=\"auto\" data-testid=\"conversation-turn-5\" data-scroll-anchor=\"true\">\n<div class=\"text-base my-auto mx-auto py-[18px] px-6\">\n<div class=\"mx-auto flex flex-1 text-base gap-4 md:gap-5 lg:gap-6 md:max-w-3xl\">\n<div class=\"group\/conversation-turn relative flex w-full min-w-0 flex-col agent-turn @xs\/thread:px-0 @sm\/thread:px-1.5 @md\/thread:px-4\">\n<div class=\"flex-col gap-1 md:gap-3\">\n<div class=\"flex max-w-full flex-col flex-grow\">\n<div class=\"min-h-8 text-message relative flex w-full flex-col items-end gap-2 whitespace-normal break-words text-start [.text-message+&amp;]:mt-5\" dir=\"auto\" data-message-author-role=\"assistant\" data-message-id=\"ae2ab4bb-8b52-4467-bd42-1fa896ac78b8\" data-message-model-slug=\"gpt-4o\">\n<div class=\"flex w-full flex-col gap-1 empty:hidden first:pt-[3px]\">\n<div class=\"markdown prose w-full break-words dark:prose-invert light\">\n<p data-start=\"78\" data-end=\"393\">Las <strong data-start=\"82\" data-end=\"102\">Nike Air Max 270<\/strong> en color <strong data-start=\"112\" data-end=\"130\">blanco y negro<\/strong> son una opci\u00f3n perfecta para mujeres que buscan comodidad, estilo y rendimiento en un solo calzado. Inspiradas en los modelos cl\u00e1sicos de la l\u00ednea Air Max, estas zapatillas destacan por su dise\u00f1o innovador y su tecnolog\u00eda de amortiguaci\u00f3n de \u00faltima generaci\u00f3n.<\/p>\n<h4 data-start=\"395\" data-end=\"421\"><strong data-start=\"400\" data-end=\"419\">Dise\u00f1o y estilo<\/strong><\/h4>\n<p data-start=\"422\" data-end=\"799\">El dise\u00f1o de estas zapatillas es una combinaci\u00f3n de lo moderno con lo funcional. Su est\u00e9tica elegante en <strong data-start=\"527\" data-end=\"559\">blanco con detalles en negro<\/strong> permite que sean f\u00e1cilmente combinables con distintos outfits, ya sea para un look casual o deportivo. Su dise\u00f1o tipo bot\u00f3n se adapta perfectamente al pie, proporcionando un ajuste seguro y una sensaci\u00f3n de comodidad durante todo el d\u00eda.<\/p>\n<h4 data-start=\"801\" data-end=\"851\"><strong data-start=\"806\" data-end=\"849\">Tecnolog\u00eda de Amortiguaci\u00f3n Air Max 270<\/strong><\/h4>\n<p data-start=\"852\" data-end=\"1305\">Uno de los aspectos m\u00e1s destacados de este modelo es su unidad <strong data-start=\"915\" data-end=\"930\">Air Max 270<\/strong> , que es la burbuja de aire m\u00e1s grande en la historia de Nike hasta la fecha. Ubicada en el tal\u00f3n, esta unidad proporciona una amortiguaci\u00f3n excepcional, absorbiendo impactos y ofreciendo una sensaci\u00f3n de ligereza en cada paso. Esto hace que las Air Max 270 sean perfectas tanto para caminar largas distancias como para usarlas en el gimnasio o para entrenamientos ligeros.<\/p>\n<h4 data-start=\"1307\" data-end=\"1344\"><strong data-start=\"1312\" data-end=\"1342\">Materiales de alta calidad<\/strong><\/h4>\n<ul data-start=\"1345\" data-end=\"1767\">\n<li data-start=\"1345\" data-end=\"1494\"><strong data-start=\"1347\" data-end=\"1388\">Parte superior de malla transpirable:<\/strong> Favorece la circulaci\u00f3n del aire, manteniendo los pies frescos y secos incluso en actividades intensas.<\/li>\n<li data-start=\"1495\" data-end=\"1613\"><strong data-start=\"1497\" data-end=\"1535\">Entresuela de espuma de doble densidad:<\/strong> Aporta suavidad y soporte adicional, mejorando la comodidad en cada pisada.<\/li>\n<li data-start=\"1614\" data-end=\"1767\"><strong data-start=\"1616\" data-end=\"1643\">Suela de goma duradera:<\/strong> Dise\u00f1ada para ofrecer una excelente tracci\u00f3n en diferentes superficies, asegurando estabilidad y resistencia al desgaste.<\/li>\n<\/ul>\n<h4 data-start=\"1769\" data-end=\"1798\"><strong data-start=\"1774\" data-end=\"1796\">Versatilidad y uso<\/strong><\/h4>\n<p data-start=\"1799\" data-end=\"2205\">Las <strong data-start=\"1803\" data-end=\"1823\">Nike Air Max 270<\/strong> son ideales para m\u00faltiples situaciones. Gracias a su dise\u00f1o ergon\u00f3mico y tecnolog\u00eda de amortiguaci\u00f3n avanzada, son perfectos para el <strong data-start=\"1957\" data-end=\"2053\">uso diario, actividades informales, caminatas largas e incluso entrenamientos en el gimnasio<\/strong> . Su combinaci\u00f3n de materiales y su dise\u00f1o sin costuras ayudan a reducir el roce y la fatiga en los pies, permitiendo su uso prolongado sin molestias.<\/p>\n<h4 data-start=\"2207\" data-end=\"2244\"><strong data-start=\"2212\" data-end=\"2242\">Especificaciones t\u00e9cnicas:<\/strong><\/h4>\n<ul data-start=\"2245\" data-end=\"2572\">\n<li data-start=\"2245\" data-end=\"2264\"><strong data-start=\"2247\" data-end=\"2257\">Marca:<\/strong> Nike<\/li>\n<li data-start=\"2265\" data-end=\"2292\"><strong data-start=\"2267\" data-end=\"2278\">Modelo:<\/strong> Air Max 270<\/li>\n<li data-start=\"2293\" data-end=\"2319\"><strong data-start=\"2295\" data-end=\"2306\">C\u00f3digo:<\/strong> AH6789-100<\/li>\n<li data-start=\"2320\" data-end=\"2351\"><strong data-start=\"2322\" data-end=\"2332\">Color:<\/strong> Blanco con negro<\/li>\n<li data-start=\"2386\" data-end=\"2450\"><strong data-start=\"2388\" data-end=\"2404\">Tipo de uso:<\/strong> Casual, deportivo, running ligero, gimnasio<\/li>\n<li data-start=\"2451\" data-end=\"2525\"><strong data-start=\"2453\" data-end=\"2469\">Peso ligero:<\/strong> Facilita el movimiento y reduce la fatiga en los pies.<\/li>\n<li data-start=\"2526\" data-end=\"2572\"><strong data-start=\"2528\" data-end=\"2539\">Cierre:<\/strong> Cordones para un ajuste seguro<\/li>\n<\/ul>\n<\/div>\n<\/div>\n<\/div>\n<\/div>\n<\/div>\n<\/div>\n<\/div>\n<\/div>\n<\/article>\n<p>&nbsp;<\/p>\n","protected":false},"excerpt":{"rendered":"<p>AH6789-100 El Nike Air Max 270 en color Blanco\/Negro (AH6789-100) es un calzado dise\u00f1ado para mujeres que combina estilo y<\/p>\n","protected":false},"featured_media":75794,"comment_status":"open","ping_status":"closed","template":"","meta":{"nf_dc_page":""},"product_brand":[],"product_cat":[73],"product_tag":[],"class_list":{"0":"post-75793","1":"product","2":"type-product","3":"status-publish","4":"has-post-thumbnail","6":"product_cat-femenino","8":"first","9":"instock","10":"shipping-taxable","11":"purchasable","12":"product-type-simple"},"_links":{"self":[{"href":"https:\/\/brandss.com.py\/index\/wp-json\/wp\/v2\/product\/75793","targetHints":{"allow":["GET"]}}],"collection":[{"href":"https:\/\/brandss.com.py\/index\/wp-json\/wp\/v2\/product"}],"about":[{"href":"https:\/\/brandss.com.py\/index\/wp-json\/wp\/v2\/types\/product"}],"replies":[{"embeddable":true,"href":"https:\/\/brandss.com.py\/index\/wp-json\/wp\/v2\/comments?post=75793"}],"version-history":[{"count":2,"href":"https:\/\/brandss.com.py\/index\/wp-json\/wp\/v2\/product\/75793\/revisions"}],"predecessor-version":[{"id":75883,"href":"https:\/\/brandss.com.py\/index\/wp-json\/wp\/v2\/product\/75793\/revisions\/75883"}],"wp:featuredmedia":[{"embeddable":true,"href":"https:\/\/brandss.com.py\/index\/wp-json\/wp\/v2\/media\/75794"}],"wp:attachment":[{"href":"https:\/\/brandss.com.py\/index\/wp-json\/wp\/v2\/media?parent=75793"}],"wp:term":[{"taxonomy":"product_brand","embeddable":true,"href":"https:\/\/brandss.com.py\/index\/wp-json\/wp\/v2\/product_brand?post=75793"},{"taxonomy":"product_cat","embeddable":true,"href":"https:\/\/brandss.com.py\/index\/wp-json\/wp\/v2\/product_cat?post=75793"},{"taxonomy":"product_tag","embeddable":true,"href":"https:\/\/brandss.com.py\/index\/wp-json\/wp\/v2\/product_tag?post=75793"}],"curies":[{"name":"wp","href":"https:\/\/api.w.org\/{rel}","templated":true}]}}