{"id":75816,"date":"2025-03-12T16:39:42","date_gmt":"2025-03-12T16:39:42","guid":{"rendered":"https:\/\/brandss.com.py\/index\/?post_type=product&#038;p=75816"},"modified":"2025-03-12T16:40:01","modified_gmt":"2025-03-12T16:40:01","slug":"calzado-deportivo-masculino-nike-air-max-270-2","status":"publish","type":"product","link":"https:\/\/brandss.com.py\/index\/producto\/calzado-deportivo-masculino-nike-air-max-270-2\/","title":{"rendered":"CALZADO DEPORTIVO MASCULINO NIKE AIR MAX 270"},"content":{"rendered":"<p><img loading=\"lazy\" decoding=\"async\" class=\"\" src=\"https:\/\/1000marcas.net\/wp-content\/uploads\/2019\/11\/Logo-Nike.jpg\" alt=\"Logo de Nike: la historia y el significado del logotipo, la ...\" width=\"462\" height=\"260\" \/><\/p>\n<h1>AH8050-005<\/h1>\n<p data-start=\"0\" data-end=\"358\"><span>Los <\/span><strong data-start=\"4\" data-end=\"36\"><span>Nike Air Max 270 para hombre<\/span><\/strong><span> son unos tenis dise\u00f1ados para ofrecer un estilo moderno y una comodidad excepcional, inspirados en los modelos Air Max ic\u00f3nicos de los a\u00f1os 90. Destacan por su unidad <\/span><strong data-start=\"204\" data-end=\"237\"><span>Air Max visible de 270 grados<\/span><\/strong><span> , la m\u00e1s grande hasta la fecha en Nike, proporcionando una amortiguaci\u00f3n superior y una sensaci\u00f3n de ligereza al caminar.<\/span><\/p>\n<h3 data-start=\"360\" data-end=\"395\"><strong data-start=\"364\" data-end=\"395\"><span>Caracter\u00edsticas detalladas:<\/span><\/strong><\/h3>\n<ul data-start=\"397\" data-end=\"1265\">\n<li data-start=\"397\" data-end=\"563\"><strong data-start=\"399\" data-end=\"420\"><span>Dise\u00f1o innovador:<\/span><\/strong><span> Su silueta elegante combina una parte superior de malla transpirable y sint\u00e9tica estrat\u00e9gicamente ubicadas para mayor soporte y flexibilidad.<\/span><\/li>\n<li data-start=\"564\" data-end=\"729\"><strong data-start=\"566\" data-end=\"589\"><span>Unidad Air Max 270:<\/span><\/strong><span> La c\u00e1mara de aire en el tal\u00f3n tiene 32 mm de altura, lo que brinda una absorci\u00f3n de impactos \u00f3ptima y una sensaci\u00f3n de rebote en cada paso.<\/span><\/li>\n<li data-start=\"730\" data-end=\"883\"><strong data-start=\"732\" data-end=\"763\"><span>Materiales de alta calidad:<\/span><\/strong><span> La parte superior de malla con perforaciones favorece la ventilaci\u00f3n, manteniendo los pies frescos durante todo el d\u00eda.<\/span><\/li>\n<li data-start=\"884\" data-end=\"985\"><strong data-start=\"886\" data-end=\"911\"><span>Mediasuela de espuma:<\/span><\/strong><span> Proporciona una sensaci\u00f3n de comodidad suave y estable, ideal para uso diario.<\/span><\/li>\n<li data-start=\"986\" data-end=\"1108\"><strong data-start=\"988\" data-end=\"1015\"><span>Suela de goma duradera:<\/span><\/strong><span> Proporciona tracci\u00f3n en distintas superficies gracias a su dise\u00f1o con patrones estrat\u00e9gicos.<\/span><\/li>\n<li data-start=\"1109\" data-end=\"1187\"><strong data-start=\"1111\" data-end=\"1133\"><span>Sistema de ajuste:<\/span><\/strong><span> Cordones tradicionales para un ajuste seguro y firme.<\/span><\/li>\n<li data-start=\"1188\" data-end=\"1265\"><strong data-start=\"1190\" data-end=\"1222\"><span>Leng\u00fceta y tal\u00f3n acolchados:<\/span><\/strong><span> Mejoran la comodidad y facilitan el calce.<\/span><\/li>\n<\/ul>\n<h3 data-start=\"1267\" data-end=\"1291\"><strong data-start=\"1271\" data-end=\"1291\"><span>Uso recomendado:<\/span><\/strong><\/h3>\n<p data-start=\"1292\" data-end=\"1538\"><span>Estos tenis son ideales para el <\/span><strong data-start=\"1324\" data-end=\"1381\"><span>uso casual, caminatas urbanas y estilo de vida activo<\/span><\/strong><span> , ya que combinan rendimiento y dise\u00f1o vanguardista. Su look moderno y aerodin\u00e1mico los hace perfectos para complementar cualquier outfit deportivo o urbano.<\/span><\/p>\n<p data-start=\"1540\" data-end=\"1713\" data-is-last-node=\"\" data-is-only-node=\"\"><span>Disponibles en <\/span><strong data-start=\"1555\" data-end=\"1590\"><span>varias combinaciones de colores<\/span><\/strong><span> , los <\/span><strong data-start=\"1596\" data-end=\"1616\"><span>Nike Air Max 270<\/span><\/strong><span> ofrecen una opci\u00f3n vers\u00e1til y estilizada para quienes buscan comodidad sin sacrificar el estilo.<\/span><\/p>\n","protected":false},"excerpt":{"rendered":"<p>AH8050-005 Los Nike Air Max 270 para hombre son unos tenis dise\u00f1ados para ofrecer un estilo moderno y una comodidad<\/p>\n","protected":false},"featured_media":75818,"comment_status":"open","ping_status":"closed","template":"","meta":{"nf_dc_page":""},"product_brand":[],"product_cat":[76],"product_tag":[],"class_list":{"0":"post-75816","1":"product","2":"type-product","3":"status-publish","4":"has-post-thumbnail","6":"product_cat-masculino","8":"first","9":"instock","10":"shipping-taxable","11":"purchasable","12":"product-type-simple"},"_links":{"self":[{"href":"https:\/\/brandss.com.py\/index\/wp-json\/wp\/v2\/product\/75816","targetHints":{"allow":["GET"]}}],"collection":[{"href":"https:\/\/brandss.com.py\/index\/wp-json\/wp\/v2\/product"}],"about":[{"href":"https:\/\/brandss.com.py\/index\/wp-json\/wp\/v2\/types\/product"}],"replies":[{"embeddable":true,"href":"https:\/\/brandss.com.py\/index\/wp-json\/wp\/v2\/comments?post=75816"}],"version-history":[{"count":1,"href":"https:\/\/brandss.com.py\/index\/wp-json\/wp\/v2\/product\/75816\/revisions"}],"predecessor-version":[{"id":75823,"href":"https:\/\/brandss.com.py\/index\/wp-json\/wp\/v2\/product\/75816\/revisions\/75823"}],"wp:featuredmedia":[{"embeddable":true,"href":"https:\/\/brandss.com.py\/index\/wp-json\/wp\/v2\/media\/75818"}],"wp:attachment":[{"href":"https:\/\/brandss.com.py\/index\/wp-json\/wp\/v2\/media?parent=75816"}],"wp:term":[{"taxonomy":"product_brand","embeddable":true,"href":"https:\/\/brandss.com.py\/index\/wp-json\/wp\/v2\/product_brand?post=75816"},{"taxonomy":"product_cat","embeddable":true,"href":"https:\/\/brandss.com.py\/index\/wp-json\/wp\/v2\/product_cat?post=75816"},{"taxonomy":"product_tag","embeddable":true,"href":"https:\/\/brandss.com.py\/index\/wp-json\/wp\/v2\/product_tag?post=75816"}],"curies":[{"name":"wp","href":"https:\/\/api.w.org\/{rel}","templated":true}]}}