{"id":75824,"date":"2025-03-12T16:56:51","date_gmt":"2025-03-12T16:56:51","guid":{"rendered":"https:\/\/brandss.com.py\/index\/?post_type=product&#038;p=75824"},"modified":"2025-09-25T12:32:25","modified_gmt":"2025-09-25T12:32:25","slug":"crema-hidratante-goongbe-pri-mmune-moisture-cream-180ml-para-bebe","status":"publish","type":"product","link":"https:\/\/brandss.com.py\/index\/producto\/crema-hidratante-goongbe-pri-mmune-moisture-cream-180ml-para-bebe\/","title":{"rendered":"CREMA HIDRATANTE GOONGBE PRI-MMUNE MOISTURE CREAM 180ML PARA BEB\u00c9"},"content":{"rendered":"<p><img loading=\"lazy\" decoding=\"async\" class=\"\" src=\"https:\/\/ugc.production.linktr.ee\/71L2MDTvTmiwUxPYrrdv_efba227f66eda31ed09e2781c45ce1fc.png\" alt=\"Goongbe.sg | Linktree\" width=\"103\" height=\"103\" \/><\/p>\n<h1>PRI-MMUNE MOISTURE CREAM<\/h1>\n<p>La CREMA HIDRATANTE GOONGBE, suave y beneficiosa, no solo es ideal para la piel sensible del beb\u00e9, sino tambi\u00e9n una excelente opci\u00f3n para los padres que desean mantener la piel de su beb\u00e9 suave y perfumada. Con una f\u00f3rmula especial que retiene 3 capas de hidrataci\u00f3n, este producto ayuda a la piel a mantener la hidrataci\u00f3n hasta por 48 horas. Adem\u00e1s, gan\u00f3 3 premios de Hwahae en 2019 por su hidrataci\u00f3n suave y beneficiosa, y su capacidad de retenci\u00f3n de humedad duradera.<img loading=\"lazy\" decoding=\"async\" class=\"alignleft\" src=\"https:\/\/www.bebeangbaby.com\/cdn\/shop\/products\/1_35_115_1024x1024.jpg?v=1660851681\" width=\"664\" height=\"664\" \/><\/p>\n<p style=\"font-weight: 400\">GOONGBE Pri-mmune es una l\u00ednea de cuidado de la piel de primera calidad que resulta de la genuina dedicaci\u00f3n de Goongbe a los beneficios del cuidado de la piel y la atenci\u00f3n a la delicada piel del beb\u00e9.<\/p>\n<p style=\"font-weight: 400\">La serie GOONGBE Pri-mmune fortalece el poder natural de la piel de los beb\u00e9s con el Complejo Royal Oji\u2122, inspirado en el m\u00e9todo de cuidado de la piel del Pr\u00edncipe Heredero. El Complejo Royal Oji\u2122 es rico en ceramidas, amino\u00e1cidos y polifenoles, esenciales para mantener la piel sana del beb\u00e9. Sus efectos en la mejora de la barrera cut\u00e1nea, la hidrataci\u00f3n y el alivio de la piel de los beb\u00e9s de 0 a 3 a\u00f1os est\u00e1n cient\u00edficamente comprobados.<\/p>\n<p style=\"font-weight: 400\">La Crema Hidratante GOONGBE Pri-mmune ofrece 72 horas de hidrataci\u00f3n intensa, reforzando las defensas naturales de la piel y eliminando la sequedad. Enriquecida con el Complejo Royal Oji de Goongbe y aceite nutritivo de germen de trigo, esta crema fortalece y revitaliza la piel con cada uso. Su f\u00f3rmula de r\u00e1pida absorci\u00f3n, enriquecida con manteca de karit\u00e9, no deja residuos y proporciona una hidrataci\u00f3n continua. Cl\u00ednicamente probada para propiedades hipoalerg\u00e9nicas y sin al\u00e9rgenos, es lo suficientemente suave incluso para las pieles m\u00e1s sensibles, garantizando una soluci\u00f3n segura y eficaz para el cuidado de la piel de tu peque\u00f1o.<\/p>\n<h3><span>BENEFICIO<\/span><\/h3>\n<div class=\"Collapsible__Inner\">\n<div class=\"Collapsible__Content\">\n<p>1. Loci\u00f3n suave y delicada.<\/p>\n<p>2. F\u00f3rmula hipoalerg\u00e9nica.<\/p>\n<p>3. Aroma fresco y suave.<\/p>\n<p>4. Recomendado para beb\u00e9s de 0 a 3 a\u00f1os.<\/p>\n<h3><span>USO<\/span><\/h3>\n<div class=\"Collapsible__Inner\">\n<div class=\"Collapsible__Content\">\n<p><span>Aplicar suavemente una cantidad generosa del producto sobre la piel siempre que haya sequedad o despu\u00e9s de tomar un ba\u00f1o.<\/span><\/p>\n<\/div>\n<\/div>\n<\/div>\n<\/div>\n","protected":false},"excerpt":{"rendered":"<p>PRI-MMUNE MOISTURE CREAM La CREMA HIDRATANTE GOONGBE, suave y beneficiosa, no solo es ideal para la piel sensible del beb\u00e9,<\/p>\n","protected":false},"featured_media":75837,"comment_status":"open","ping_status":"closed","template":"","meta":{"nf_dc_page":""},"product_brand":[447],"product_cat":[85],"product_tag":[448],"class_list":{"0":"post-75824","1":"product","2":"type-product","3":"status-publish","4":"has-post-thumbnail","6":"product_brand-goongbe","7":"product_cat-cosmeticos","8":"product_tag-448","10":"first","11":"instock","12":"shipping-taxable","13":"purchasable","14":"product-type-simple"},"_links":{"self":[{"href":"https:\/\/brandss.com.py\/index\/wp-json\/wp\/v2\/product\/75824","targetHints":{"allow":["GET"]}}],"collection":[{"href":"https:\/\/brandss.com.py\/index\/wp-json\/wp\/v2\/product"}],"about":[{"href":"https:\/\/brandss.com.py\/index\/wp-json\/wp\/v2\/types\/product"}],"replies":[{"embeddable":true,"href":"https:\/\/brandss.com.py\/index\/wp-json\/wp\/v2\/comments?post=75824"}],"version-history":[{"count":2,"href":"https:\/\/brandss.com.py\/index\/wp-json\/wp\/v2\/product\/75824\/revisions"}],"predecessor-version":[{"id":75847,"href":"https:\/\/brandss.com.py\/index\/wp-json\/wp\/v2\/product\/75824\/revisions\/75847"}],"wp:featuredmedia":[{"embeddable":true,"href":"https:\/\/brandss.com.py\/index\/wp-json\/wp\/v2\/media\/75837"}],"wp:attachment":[{"href":"https:\/\/brandss.com.py\/index\/wp-json\/wp\/v2\/media?parent=75824"}],"wp:term":[{"taxonomy":"product_brand","embeddable":true,"href":"https:\/\/brandss.com.py\/index\/wp-json\/wp\/v2\/product_brand?post=75824"},{"taxonomy":"product_cat","embeddable":true,"href":"https:\/\/brandss.com.py\/index\/wp-json\/wp\/v2\/product_cat?post=75824"},{"taxonomy":"product_tag","embeddable":true,"href":"https:\/\/brandss.com.py\/index\/wp-json\/wp\/v2\/product_tag?post=75824"}],"curies":[{"name":"wp","href":"https:\/\/api.w.org\/{rel}","templated":true}]}}