{"id":75825,"date":"2025-03-12T16:52:10","date_gmt":"2025-03-12T16:52:10","guid":{"rendered":"https:\/\/brandss.com.py\/index\/?post_type=product&#038;p=75825"},"modified":"2025-03-12T16:52:27","modified_gmt":"2025-03-12T16:52:27","slug":"calzado-deportivo-masculino-nike-air-max-270-3","status":"publish","type":"product","link":"https:\/\/brandss.com.py\/index\/producto\/calzado-deportivo-masculino-nike-air-max-270-3\/","title":{"rendered":"CALZADO DEPORTIVO MASCULINO NIKE AIR MAX 270"},"content":{"rendered":"<p><img loading=\"lazy\" decoding=\"async\" class=\"\" src=\"https:\/\/1000marcas.net\/wp-content\/uploads\/2019\/11\/Logo-Nike.jpg\" alt=\"Logo de Nike: la historia y el significado del logotipo, la ...\" width=\"402\" height=\"226\" \/><\/p>\n<h1>AH8050-100<\/h1>\n<div class=\"mb-6\">\n<h2><strong>Zapatillas Nike Air Max 270 para hombre<\/strong><\/h2>\n<p>Detalles del producto:<\/p>\n<p>Detalles de malla para mayor transpirabilidad<\/p>\n<p>-Sint\u00e9tico y tejido<\/p>\n<p>&#8211; Color mostrado: Blanco<\/p>\n<p>&#8211; Art\u00edculo: AH8050-100<\/p>\n<\/div>\n<div>\n<p><strong>UN AIRE LEGENDARIO REVISADO.<\/strong><\/p>\n<p>La primera Air Max de estilo de vida de Nike ofrece estilo y comodidad a trav\u00e9s de la Nike Air Max 270. Este modelo se inspira en las ic\u00f3nicas zapatillas Air Max incorporando las mejores innovaciones de Nike, con su gran ventana y una nueva combinaci\u00f3n de colores.<\/p>\n<p>La primera Air Max de estilo de vida de Nike ofrece estilo y comodidad a trav\u00e9s de la Nike Air Max 270.<\/p>\n<p>Beneficios:<\/p>\n<p>&#8211; La unidad Max Air 270 ofrece una comodidad inigualable durante todo el d\u00eda.<\/p>\n<p>&#8211; La unidad Max Air 270 ofrece una comodidad inigualable durante todo el d\u00eda.<\/p>\n<p>&#8211; Este elegante modelo inspirado en el running te ofrece un estilo 100% Nike.<\/p>\n<p>Todos los beneficios.<\/p>\n<p>-Parte superior de tejido y material sint\u00e9tico para un ajuste ligero y una sensaci\u00f3n de aireaci\u00f3n.<\/p>\n<p>Suela intermedia de espuma para una comodidad inigualable durante todo el d\u00eda.<\/p>\n<p>La entresuela de espuma proporciona suavidad y comodidad.<\/p>\n<p>Membrana interior el\u00e1stica y dise\u00f1o tipo bot\u00edn para un ajuste personalizado.<\/p>\n<p>Goma sint\u00e9tica para un ajuste c\u00f3modo.<\/p>\n<p>-Goma en la suela exterior para mayor agarre y durabilidad.<\/p>\n<\/div>\n","protected":false},"excerpt":{"rendered":"<p>AH8050-100 Zapatillas Nike Air Max 270 para hombre Detalles del producto: Detalles de malla para mayor transpirabilidad -Sint\u00e9tico y tejido<\/p>\n","protected":false},"featured_media":75826,"comment_status":"open","ping_status":"closed","template":"","meta":{"nf_dc_page":""},"product_brand":[],"product_cat":[76],"product_tag":[],"class_list":{"0":"post-75825","1":"product","2":"type-product","3":"status-publish","4":"has-post-thumbnail","6":"product_cat-masculino","8":"first","9":"instock","10":"shipping-taxable","11":"purchasable","12":"product-type-simple"},"_links":{"self":[{"href":"https:\/\/brandss.com.py\/index\/wp-json\/wp\/v2\/product\/75825","targetHints":{"allow":["GET"]}}],"collection":[{"href":"https:\/\/brandss.com.py\/index\/wp-json\/wp\/v2\/product"}],"about":[{"href":"https:\/\/brandss.com.py\/index\/wp-json\/wp\/v2\/types\/product"}],"replies":[{"embeddable":true,"href":"https:\/\/brandss.com.py\/index\/wp-json\/wp\/v2\/comments?post=75825"}],"version-history":[{"count":1,"href":"https:\/\/brandss.com.py\/index\/wp-json\/wp\/v2\/product\/75825\/revisions"}],"predecessor-version":[{"id":75836,"href":"https:\/\/brandss.com.py\/index\/wp-json\/wp\/v2\/product\/75825\/revisions\/75836"}],"wp:featuredmedia":[{"embeddable":true,"href":"https:\/\/brandss.com.py\/index\/wp-json\/wp\/v2\/media\/75826"}],"wp:attachment":[{"href":"https:\/\/brandss.com.py\/index\/wp-json\/wp\/v2\/media?parent=75825"}],"wp:term":[{"taxonomy":"product_brand","embeddable":true,"href":"https:\/\/brandss.com.py\/index\/wp-json\/wp\/v2\/product_brand?post=75825"},{"taxonomy":"product_cat","embeddable":true,"href":"https:\/\/brandss.com.py\/index\/wp-json\/wp\/v2\/product_cat?post=75825"},{"taxonomy":"product_tag","embeddable":true,"href":"https:\/\/brandss.com.py\/index\/wp-json\/wp\/v2\/product_tag?post=75825"}],"curies":[{"name":"wp","href":"https:\/\/api.w.org\/{rel}","templated":true}]}}