{"id":75859,"date":"2025-03-12T18:10:16","date_gmt":"2025-03-12T18:10:16","guid":{"rendered":"https:\/\/brandss.com.py\/index\/?post_type=product&#038;p=75859"},"modified":"2025-09-25T12:33:28","modified_gmt":"2025-09-25T12:33:28","slug":"mascarilla-facial-mediheal-nmf-aquaring-ampoule-27ml-10-laminas","status":"publish","type":"product","link":"https:\/\/brandss.com.py\/index\/producto\/mascarilla-facial-mediheal-nmf-aquaring-ampoule-27ml-10-laminas\/","title":{"rendered":"MASCARILLA FACIAL MEDIHEAL NMF AQUARING AMPOULE 27ML 10 L\u00c1MINAS"},"content":{"rendered":"<p><img loading=\"lazy\" decoding=\"async\" class=\"\" src=\"https:\/\/cdn.shopify.com\/s\/files\/1\/0221\/2433\/1104\/files\/mediheal.png?v=1602094793\" alt=\"Mediheal \u2013 Glam Touch UK\" width=\"112\" height=\"56\" \/><\/p>\n<h1>NMF AQUARING<\/h1>\n<h3><em>Una mascarilla sedosa impregnada de \u00e1cido hialur\u00f3nico, ceramida y otros ingredientes s\u00faper hidratantes.<\/em><\/h3>\n<p>MEDIHEAL se construy\u00f3 sobre la creencia del fundador de que todos deber\u00edan tener el poder de alcanzar su m\u00e1ximo potencial de belleza. Se categoriza a s\u00ed misma como una compa\u00f1\u00eda de &#8220;ciencia de la belleza&#8221; y ofrece soluciones de belleza con un enfoque m\u00e1s cient\u00edfico. A trav\u00e9s de su dedicaci\u00f3n a la investigaci\u00f3n y el desarrollo continuos, MEDIHEAL se distingue como una marca que valora los procesos cient\u00edficos detr\u00e1s de estos productos innovadores.<\/p>\n<p>NMF es el humectante perfecto de su cuerpo que su piel produce naturalmente para mantenerse hidratada. Es una capa esencial de ingredientes que atraen y sellan el agua: humectantes org\u00e1nicos, l\u00edpidos, amino\u00e1cidos, az\u00facares, minerales, p\u00e9ptidos y m\u00e1s. Cuando su NMF est\u00e1 intacto, su piel es suave y flexible. Cuando se agota, su piel se vuelve escamosa, \u00e1spera y desgastada.<\/p>\n<p><strong>Caracter\u00edsticas principales:<\/strong><img loading=\"lazy\" decoding=\"async\" class=\"alignleft\" src=\"https:\/\/cdn.yamibuy.net\/item\/4c201711166fe2a27591d1992a166063_757x757.webp\" width=\"670\" height=\"670\" \/><\/p>\n<p><strong>MASCARILLA AMPOLLA AQUARING NMF:\u00a0<\/strong><\/p>\n<p>Nuestras mascarillas de tela contienen ingredientes como NMF (Factor Hidratante Natural), hialuronato de sodio y agua de hamamelis. Estos elementos activos trabajan juntos para calmar la piel seca mediante una excelente hidrataci\u00f3n, mientras que la alanto\u00edna con trehalosa ofrece un efecto reafirmante y lifting.<\/p>\n<p><strong>MASCARILLA HIDRATANTE DE NOCHE WATER DROP: <\/strong><\/p>\n<p>Esta crema de noche se convierte en miles de microburbujas para proporcionar un efecto de masaje de burbujas para el cuidado de los poros y retener la humedad para una piel de aspecto flexible. La textura ligera y la f\u00f3rmula sin enjuague de nuestra mascarilla de noche son perfectas para personas con un estilo de vida ajetreado.<\/p>\n<p><strong>PIEL BIEN NUTRIDA: <\/strong><\/p>\n<p>Esta mascarilla facial hidratante para el rostro se ajusta perfectamente y los ingredientes se absorben f\u00e1cilmente en la piel. Una mascarilla facial hidratante especialmente formulada le brinda m\u00faltiples beneficios, incluyendo una mejor hidrataci\u00f3n, capacidad de retenci\u00f3n de agua y mayor elasticidad.<\/p>\n<p><strong>CUIDADO DE LOS POROS Y ANTIENVEJECIMIENTO: <\/strong><\/p>\n<p>Esta mascarilla facial calmante ayuda a mejorar la hidrataci\u00f3n, la humectaci\u00f3n y el tono de la piel, dej\u00e1ndola m\u00e1s suave, tersa y juvenil. Esta mascarilla facial completa previene la sequedad de la piel y limpia las impurezas de los poros para que su piel sea el\u00e1stica, sin arrugas y sin grasa.<\/p>\n<p>Esta mascarilla en ampolla hidrata la piel de forma excepcional, mientras que el hamamelis y otros ingredientes acondicionadores controlan la producci\u00f3n de sebo, suavizan la textura y cierran los poros. Es ideal tanto para pieles grasas como secas. Perfecta para el calor del verano y el viento del invierno, esta mascarilla hidratante calma la sed de la piel durante todo el a\u00f1o.<\/p>\n<p><strong>Tipo de piel<\/strong><br \/>\nPiel seca y grasa<\/p>\n<p><strong>MODO DE EMPLEO: <\/strong><\/p>\n<p>Para aplicar esta mascarilla facial, primero limpie el rostro y apl\u00edquela uniformemente, alineando los orificios con los ojos, la nariz y la boca.<\/p>\n<p>Rel\u00e1jese durante 15 minutos o hasta que aparezca el logotipo y retire la mascarilla.<\/p>\n<p>Aplique una cantidad adecuada en todo el rostro.<\/p>\n<p>Masajee suavemente el rostro con movimientos circulares creando peque\u00f1as burbujas y d\u00e9 golpecitos suaves para facilitar su absorci\u00f3n. Despu\u00e9s, vaya a dormir.<\/p>\n","protected":false},"excerpt":{"rendered":"<p>NMF AQUARING Una mascarilla sedosa impregnada de \u00e1cido hialur\u00f3nico, ceramida y otros ingredientes s\u00faper hidratantes. MEDIHEAL se construy\u00f3 sobre la<\/p>\n","protected":false},"featured_media":75861,"comment_status":"open","ping_status":"closed","template":"","meta":{"nf_dc_page":""},"product_brand":[449],"product_cat":[104],"product_tag":[450],"class_list":{"0":"post-75859","1":"product","2":"type-product","3":"status-publish","4":"has-post-thumbnail","6":"product_brand-mediheal","7":"product_cat-skin-care","8":"product_tag-450","10":"first","11":"instock","12":"shipping-taxable","13":"purchasable","14":"product-type-simple"},"_links":{"self":[{"href":"https:\/\/brandss.com.py\/index\/wp-json\/wp\/v2\/product\/75859","targetHints":{"allow":["GET"]}}],"collection":[{"href":"https:\/\/brandss.com.py\/index\/wp-json\/wp\/v2\/product"}],"about":[{"href":"https:\/\/brandss.com.py\/index\/wp-json\/wp\/v2\/types\/product"}],"replies":[{"embeddable":true,"href":"https:\/\/brandss.com.py\/index\/wp-json\/wp\/v2\/comments?post=75859"}],"version-history":[{"count":1,"href":"https:\/\/brandss.com.py\/index\/wp-json\/wp\/v2\/product\/75859\/revisions"}],"predecessor-version":[{"id":75876,"href":"https:\/\/brandss.com.py\/index\/wp-json\/wp\/v2\/product\/75859\/revisions\/75876"}],"wp:featuredmedia":[{"embeddable":true,"href":"https:\/\/brandss.com.py\/index\/wp-json\/wp\/v2\/media\/75861"}],"wp:attachment":[{"href":"https:\/\/brandss.com.py\/index\/wp-json\/wp\/v2\/media?parent=75859"}],"wp:term":[{"taxonomy":"product_brand","embeddable":true,"href":"https:\/\/brandss.com.py\/index\/wp-json\/wp\/v2\/product_brand?post=75859"},{"taxonomy":"product_cat","embeddable":true,"href":"https:\/\/brandss.com.py\/index\/wp-json\/wp\/v2\/product_cat?post=75859"},{"taxonomy":"product_tag","embeddable":true,"href":"https:\/\/brandss.com.py\/index\/wp-json\/wp\/v2\/product_tag?post=75859"}],"curies":[{"name":"wp","href":"https:\/\/api.w.org\/{rel}","templated":true}]}}