{"id":75904,"date":"2025-03-13T11:28:36","date_gmt":"2025-03-13T11:28:36","guid":{"rendered":"https:\/\/brandss.com.py\/index\/?post_type=product&#038;p=75904"},"modified":"2025-09-25T12:35:21","modified_gmt":"2025-09-25T12:35:21","slug":"mascarilla-facial-dr-jart-hydra-solution-5-mask-25g","status":"publish","type":"product","link":"https:\/\/brandss.com.py\/index\/producto\/mascarilla-facial-dr-jart-hydra-solution-5-mask-25g\/","title":{"rendered":"MASCARILLA FACIAL DR.JART+ HYDRA SOLUTION 5 MASK 25G"},"content":{"rendered":"<p><img loading=\"lazy\" decoding=\"async\" class=\"\" src=\"https:\/\/www.tofusecret.com\/wp-content\/uploads\/2019\/08\/Dr-Jart_logo.png\" alt=\"Dr.Jart+ \u3011Shop Dr.Jart+ at the Most Affordable Prices| TofuSecret\" width=\"98\" height=\"98\" \/><\/p>\n<h1>HYDRA SOLUTION<\/h1>\n<p>Descubre el secreto para una piel hidratada y radiante con Dermask Water Jet Vital Hydra Solution, un producto imprescindible para el cuidado de la piel, adorado por los fans de Dr.Jart+ de todo el mundo. Esta extraordinaria mascarilla est\u00e1 especialmente dise\u00f1ada para proporcionar una hidrataci\u00f3n instant\u00e1nea que deja tu piel con una sensaci\u00f3n de renovaci\u00f3n y visiblemente tersa. \u00a1Prep\u00e1rate para lucir una tez m\u00e1s suave, tersa y radiante!<\/p>\n<div style=\"width: 1280px;\" class=\"wp-video\"><video class=\"wp-video-shortcode\" id=\"video-75904-1\" width=\"1280\" height=\"720\" preload=\"metadata\" controls=\"controls\"><source type=\"video\/mp4\" src=\"https:\/\/brandss.com.py\/index\/wp-content\/uploads\/2025\/03\/9d287d27add04df08beb969fc63c89f7.HD-720p-1.6Mbps-14615726.mp4?_=1\" \/><a href=\"https:\/\/brandss.com.py\/index\/wp-content\/uploads\/2025\/03\/9d287d27add04df08beb969fc63c89f7.HD-720p-1.6Mbps-14615726.mp4\">https:\/\/brandss.com.py\/index\/wp-content\/uploads\/2025\/03\/9d287d27add04df08beb969fc63c89f7.HD-720p-1.6Mbps-14615726.mp4<\/a><\/video><\/div>\n<p><strong><span>Hidrataci\u00f3n intensa con efecto chorro de agua<\/span><\/strong><\/p>\n<p><span>Esta fina mascarilla hidrata intensamente tu piel, dej\u00e1ndola m\u00e1s suave, tersa y con un aspecto m\u00e1s saludable desde el primer uso. Disfruta del poder transformador de una hidrataci\u00f3n profunda que revitaliza tu cutis.<\/span><\/p>\n<p><strong><span>Probado por dermat\u00f3logos con resultados cl\u00ednicamente comprobados<\/span><\/strong><\/p>\n<p><span>Tenga la seguridad de que la Soluci\u00f3n Dermask Water Jet Vital Hydra ha sido probada dermatol\u00f3gicamente para garantizar su seguridad y eficacia. En pruebas cl\u00ednicas con 30 mujeres, aument\u00f3 los niveles de hidrataci\u00f3n de la piel en un impresionante 72 % tras tan solo 30 minutos de uso. Luzca una tez fresca e hidratada con esta mascarilla de tela de confianza.<\/span><\/p>\n<div class=\"space-y-2\">\n<h3 class=\"text-base font-bold\"><span>Objetivos<\/span><\/h3>\n<div><span>Opacidad, sequedad<\/span><\/div>\n<\/div>\n<div class=\"space-y-2\">\n<h3 class=\"text-base font-bold\"><span>Adecuado para<\/span><\/h3>\n<p><span>Todo tipo de piel<\/span><\/p>\n<\/div>\n<div class=\"space-y-2\">\n<h3 class=\"text-base font-bold\"><span>Ingredientes clave<\/span><\/h3>\n<div><span>Pantenol (vitamina B5), \u00e1cido hialur\u00f3nico, extracto de regaliz, extracto de hoja de t\u00e9 verde<\/span><\/div>\n<div><\/div>\n<\/div>\n<h3><span>C\u00f3mo utilizar<\/span><\/h3>\n<div class=\"transition-[height] duration-300 ease-in-out\">\n<div id=\":Rj6km4l5:-\" class=\"pb-4 pt-0\" role=\"region\" aria-labelledby=\":Rj6km4l5:\">\n<div class=\"[.prose.prose-sm_&amp;]:prose-sm [.prose:not(.prose-sm)_&amp;]:prose prose prose-sm\">\n<p><span>Comience limpiando su rostro para eliminar cualquier resto de suciedad o maquillaje.<\/span><\/p>\n<p><span>Coloque con cuidado la mascarilla sobre su rostro, asegur\u00e1ndose de que est\u00e9 distribuida uniformemente y correctamente alineada con sus rasgos faciales.<\/span><\/p>\n<p><span>Deje la mascarilla actuar durante 15 a 20 minutos, permitiendo que la piel absorba los ingredientes nutritivos.<\/span><\/p>\n<p><span>Despu\u00e9s del tiempo indicado, retira con cuidado la mascarilla de tu rostro.<\/span><\/p>\n<p><span>Para maximizar los beneficios de la mascarilla, use las yemas de los dedos para aplicar suavemente la esencia restante en la piel hasta que se absorba por completo. Evite frotar o tirar de la piel durante este proceso.<\/span><\/p>\n<\/div>\n<\/div>\n<\/div>\n","protected":false},"excerpt":{"rendered":"<p>HYDRA SOLUTION Descubre el secreto para una piel hidratada y radiante con Dermask Water Jet Vital Hydra Solution, un producto<\/p>\n","protected":false},"featured_media":75906,"comment_status":"open","ping_status":"closed","template":"","meta":{"nf_dc_page":""},"product_brand":[451],"product_cat":[104],"product_tag":[452],"class_list":{"0":"post-75904","1":"product","2":"type-product","3":"status-publish","4":"has-post-thumbnail","6":"product_brand-dr-jart","7":"product_cat-skin-care","8":"product_tag-452","10":"first","11":"instock","12":"shipping-taxable","13":"product-type-simple"},"_links":{"self":[{"href":"https:\/\/brandss.com.py\/index\/wp-json\/wp\/v2\/product\/75904","targetHints":{"allow":["GET"]}}],"collection":[{"href":"https:\/\/brandss.com.py\/index\/wp-json\/wp\/v2\/product"}],"about":[{"href":"https:\/\/brandss.com.py\/index\/wp-json\/wp\/v2\/types\/product"}],"replies":[{"embeddable":true,"href":"https:\/\/brandss.com.py\/index\/wp-json\/wp\/v2\/comments?post=75904"}],"version-history":[{"count":1,"href":"https:\/\/brandss.com.py\/index\/wp-json\/wp\/v2\/product\/75904\/revisions"}],"predecessor-version":[{"id":75913,"href":"https:\/\/brandss.com.py\/index\/wp-json\/wp\/v2\/product\/75904\/revisions\/75913"}],"wp:featuredmedia":[{"embeddable":true,"href":"https:\/\/brandss.com.py\/index\/wp-json\/wp\/v2\/media\/75906"}],"wp:attachment":[{"href":"https:\/\/brandss.com.py\/index\/wp-json\/wp\/v2\/media?parent=75904"}],"wp:term":[{"taxonomy":"product_brand","embeddable":true,"href":"https:\/\/brandss.com.py\/index\/wp-json\/wp\/v2\/product_brand?post=75904"},{"taxonomy":"product_cat","embeddable":true,"href":"https:\/\/brandss.com.py\/index\/wp-json\/wp\/v2\/product_cat?post=75904"},{"taxonomy":"product_tag","embeddable":true,"href":"https:\/\/brandss.com.py\/index\/wp-json\/wp\/v2\/product_tag?post=75904"}],"curies":[{"name":"wp","href":"https:\/\/api.w.org\/{rel}","templated":true}]}}