{"id":75957,"date":"2025-03-13T13:24:38","date_gmt":"2025-03-13T13:24:38","guid":{"rendered":"https:\/\/brandss.com.py\/index\/?post_type=product&#038;p=75957"},"modified":"2025-03-13T13:25:16","modified_gmt":"2025-03-13T13:25:16","slug":"calzado-casual-infantil-nike-manoa-leather-boots-shoes","status":"publish","type":"product","link":"https:\/\/brandss.com.py\/index\/producto\/calzado-casual-infantil-nike-manoa-leather-boots-shoes\/","title":{"rendered":"CALZADO CASUAL INFANTIL NIKE MANOA LEATHER BOOTS SHOES"},"content":{"rendered":"<p><img loading=\"lazy\" decoding=\"async\" class=\"\" src=\"https:\/\/1000marcas.net\/wp-content\/uploads\/2019\/11\/Logo-Nike.jpg\" alt=\"Logo de Nike: la historia y el significado del logotipo, la ...\" width=\"488\" height=\"274\" \/><\/p>\n<div class=\"flex flex-1 grow basis-auto flex-col overflow-hidden @container\/thread\">\n<div class=\"relative h-full\">\n<div class=\"flex h-full flex-col overflow-y-auto [scrollbar-gutter:stable]\">\n<div class=\"mt-1.5 flex flex-col text-sm md:pb-9\">\n<article class=\"w-full text-token-text-primary focus-visible:outline-2 focus-visible:outline-offset-[-4px]\" dir=\"auto\" data-testid=\"conversation-turn-15\" data-scroll-anchor=\"true\">\n<div class=\"text-base my-auto mx-auto py-[18px] px-6\">\n<div class=\"mx-auto flex flex-1 text-base gap-4 md:gap-5 lg:gap-6 md:max-w-3xl lg:max-w-[40rem] xl:max-w-[48rem]\">\n<div class=\"group\/conversation-turn relative flex w-full min-w-0 flex-col agent-turn @xs\/thread:px-0 @sm\/thread:px-1.5 @md\/thread:px-4\">\n<div class=\"flex-col gap-1 md:gap-3\">\n<div class=\"flex max-w-full flex-col flex-grow\">\n<div class=\"min-h-8 text-message relative flex w-full flex-col items-end gap-2 whitespace-normal break-words text-start [.text-message+&amp;]:mt-5\" dir=\"auto\" data-message-author-role=\"assistant\" data-message-id=\"8d9cd4bb-9159-40a2-b771-85e066a25ba4\" data-message-model-slug=\"gpt-4o\">\n<div class=\"flex w-full flex-col gap-1 empty:hidden first:pt-[3px]\">\n<div class=\"markdown prose w-full break-words dark:prose-invert light\">\n<h1 data-start=\"0\" data-end=\"81\"><strong data-start=\"4\" data-end=\"79\"><span>Botas Nike Manoa Leather Juvenil \u2013 Comodidad y Estilo para Todo Terreno<\/span><\/strong><\/h1>\n<p data-start=\"83\" data-end=\"495\"><span>Las <\/span><strong data-start=\"87\" data-end=\"115\"><span>Nike Manoa Leather Boots<\/span><\/strong><span> son unas botas juveniles dise\u00f1adas para ofrecer <\/span><strong data-start=\"164\" data-end=\"208\"><span>durabilidad, comodidad y un look moderno<\/span><\/strong><span> , ideales tanto para el uso diario como para aventuras al aire libre. Su construcci\u00f3n robusta con materiales de alta calidad brinda protecci\u00f3n y estabilidad en distintos terrenos, convirti\u00e9ndolas en la opci\u00f3n perfecta para quienes buscan un calzado resistente sin sacrificar el estilo.<\/span><\/p>\n<hr data-start=\"497\" data-end=\"502\" \/>\n<h3 data-start=\"504\" data-end=\"541\"><strong data-start=\"508\" data-end=\"539\"><span>Caracter\u00edsticas\u00a0<\/span><\/strong><\/h3>\n<p data-start=\"543\" data-end=\"818\"><span>\u2705 <\/span><strong data-start=\"545\" data-end=\"573\"><span>Material de Alta Calidad<\/span><\/strong><br data-start=\"573\" data-end=\"576\" \/><span> El exterior de las botas est\u00e1 confeccionado en <\/span><strong data-start=\"623\" data-end=\"652\"><span>cuero genuino y sint\u00e9tico<\/span><\/strong><span> , proporcionando un equilibrio perfecto entre resistencia y flexibilidad. Adem\u00e1s, su dise\u00f1o impermeable ayuda a mantener los pies secos en climas fr\u00edos o lluviosos.<\/span><\/p>\n<p data-start=\"820\" data-end=\"1029\"><span>\u2705 <\/span><strong data-start=\"822\" data-end=\"851\"><span>Comodidad y Amortiguaci\u00f3n<\/span><\/strong><br data-start=\"851\" data-end=\"854\" \/><span> Incorporan una <\/span><strong data-start=\"869\" data-end=\"900\"><span>entresuela de espuma ligera<\/span><\/strong><span> , que ofrece <\/span><strong data-start=\"913\" data-end=\"940\"><span>amortiguaci\u00f3n y soporte<\/span><\/strong><span> en cada paso, reduciendo la fatiga y mejorando la comodidad durante el uso prolongado.<\/span><\/p>\n<p data-start=\"1031\" data-end=\"1266\"><span>\u2705 <\/span><strong data-start=\"1033\" data-end=\"1067\"><span>Suela Robusta y Antideslizante<\/span><\/strong><br data-start=\"1067\" data-end=\"1070\" \/><span> La suela de goma con <\/span><strong data-start=\"1091\" data-end=\"1122\"><span>patr\u00f3n de tracci\u00f3n profunda<\/span><\/strong><span> garantiza un agarre excepcional en diferentes superficies, asegurando estabilidad y seguridad tanto en la ciudad como en senderos de monta\u00f1a.<\/span><\/p>\n<p data-start=\"1268\" data-end=\"1494\"><span>\u2705 <\/span><strong data-start=\"1270\" data-end=\"1299\"><span>Dise\u00f1o Moderno y Vers\u00e1til<\/span><\/strong><br data-start=\"1299\" data-end=\"1302\" \/><span> Su est\u00e9tica combina un <\/span><strong data-start=\"1325\" data-end=\"1350\"><span>look urbano y outdoor<\/span><\/strong><span> , permitiendo llevarlas con jeans, joggers o ropa deportiva sin perder estilo. Son ideales para el d\u00eda a d\u00eda o para actividades al aire libre.<\/span><\/p>\n<p data-start=\"1496\" data-end=\"1719\"><span>\u2705 <\/span><strong data-start=\"1498\" data-end=\"1536\"><span>Ajuste Seguro y Soporte al Tobillo<\/span><\/strong><br data-start=\"1536\" data-end=\"1539\" \/><span> El dise\u00f1o de ca\u00f1a media con <\/span><strong data-start=\"1567\" data-end=\"1599\"><span>cierre de cordones reforzados<\/span><\/strong><span> proporciona un ajuste seguro y mayor soporte en el tobillo, reduciendo el riesgo de lesiones en terrenos irregulares.<\/span><\/p>\n<hr data-start=\"1721\" data-end=\"1726\" \/>\n<h3 data-start=\"1728\" data-end=\"1763\"><strong data-start=\"1732\" data-end=\"1761\"><span>Especificaciones t\u00e9cnicas<\/span><\/strong><\/h3>\n<p data-start=\"1764\" data-end=\"1988\"><span>\ud83d\udccc <\/span><strong data-start=\"1767\" data-end=\"1778\"><span>Modelo:<\/span><\/strong><span> Nike Manoa Leather Boots Juvenil <\/span><br data-start=\"1811\" data-end=\"1814\" \/><span>\ud83d\udccc <\/span><strong data-start=\"1817\" data-end=\"1830\"><span>Material:<\/span><\/strong><span> Cuero y sint\u00e9tico <\/span><br data-start=\"1848\" data-end=\"1851\" \/><span>\ud83d\udccc <\/span><strong data-start=\"1854\" data-end=\"1872\"><span>Tipo de suela:<\/span><\/strong><span> Goma con tracci\u00f3n mejorada <\/span><br data-start=\"1899\" data-end=\"1902\" \/><span>\ud83d\udccc <\/span><strong data-start=\"1905\" data-end=\"1914\"><span>Ca\u00f1a:<\/span><\/strong><span> Media para mayor estabilidad <\/span><br data-start=\"1943\" data-end=\"1946\" \/><span>\ud83d\udccc <\/span><strong data-start=\"1949\" data-end=\"1969\"><span>Uso recomendado:<\/span><\/strong><span> Urbano y outdoor<\/span><\/p>\n<p data-start=\"1990\" data-end=\"2155\" data-is-last-node=\"\" data-is-only-node=\"\"><span>Si buscas unas botas juveniles que combinen <\/span><strong data-start=\"2034\" data-end=\"2069\"><span>estilo, resistencia y comodidad<\/span><\/strong><span> , las <\/span><strong data-start=\"2075\" data-end=\"2103\"><span>Nike Manoa Leather Boots<\/span><\/strong><span> son una excelente elecci\u00f3n para cualquier aventura.<\/span><\/p>\n<\/div>\n<\/div>\n<\/div>\n<\/div>\n<\/div>\n<\/div>\n<\/div>\n<\/div>\n<\/article>\n<\/div>\n<\/div>\n<\/div>\n<\/div>\n","protected":false},"excerpt":{"rendered":"<p>Botas Nike Manoa Leather Juvenil \u2013 Comodidad y Estilo para Todo Terreno Las Nike Manoa Leather Boots son unas botas<\/p>\n","protected":false},"featured_media":75958,"comment_status":"open","ping_status":"closed","template":"","meta":{"nf_dc_page":""},"product_brand":[],"product_cat":[75],"product_tag":[],"class_list":{"0":"post-75957","1":"product","2":"type-product","3":"status-publish","4":"has-post-thumbnail","6":"product_cat-infantil","8":"first","9":"instock","10":"shipping-taxable","11":"purchasable","12":"product-type-simple"},"_links":{"self":[{"href":"https:\/\/brandss.com.py\/index\/wp-json\/wp\/v2\/product\/75957","targetHints":{"allow":["GET"]}}],"collection":[{"href":"https:\/\/brandss.com.py\/index\/wp-json\/wp\/v2\/product"}],"about":[{"href":"https:\/\/brandss.com.py\/index\/wp-json\/wp\/v2\/types\/product"}],"replies":[{"embeddable":true,"href":"https:\/\/brandss.com.py\/index\/wp-json\/wp\/v2\/comments?post=75957"}],"version-history":[{"count":1,"href":"https:\/\/brandss.com.py\/index\/wp-json\/wp\/v2\/product\/75957\/revisions"}],"predecessor-version":[{"id":75966,"href":"https:\/\/brandss.com.py\/index\/wp-json\/wp\/v2\/product\/75957\/revisions\/75966"}],"wp:featuredmedia":[{"embeddable":true,"href":"https:\/\/brandss.com.py\/index\/wp-json\/wp\/v2\/media\/75958"}],"wp:attachment":[{"href":"https:\/\/brandss.com.py\/index\/wp-json\/wp\/v2\/media?parent=75957"}],"wp:term":[{"taxonomy":"product_brand","embeddable":true,"href":"https:\/\/brandss.com.py\/index\/wp-json\/wp\/v2\/product_brand?post=75957"},{"taxonomy":"product_cat","embeddable":true,"href":"https:\/\/brandss.com.py\/index\/wp-json\/wp\/v2\/product_cat?post=75957"},{"taxonomy":"product_tag","embeddable":true,"href":"https:\/\/brandss.com.py\/index\/wp-json\/wp\/v2\/product_tag?post=75957"}],"curies":[{"name":"wp","href":"https:\/\/api.w.org\/{rel}","templated":true}]}}