{"id":75967,"date":"2025-03-13T13:39:27","date_gmt":"2025-03-13T13:39:27","guid":{"rendered":"https:\/\/brandss.com.py\/index\/?post_type=product&#038;p=75967"},"modified":"2026-01-27T12:47:43","modified_gmt":"2026-01-27T12:47:43","slug":"calzado-casual-masculino-nike-blazer-mid-77","status":"publish","type":"product","link":"https:\/\/brandss.com.py\/index\/producto\/calzado-casual-masculino-nike-blazer-mid-77\/","title":{"rendered":"CALZADO CASUAL MASCULINO NIKE BLAZER MID 77"},"content":{"rendered":"<p><img loading=\"lazy\" decoding=\"async\" class=\"alignleft\" src=\"https:\/\/static.nike.com\/a\/images\/t_prod\/w_1920,c_limit,f_auto,q_auto\/e614107b-5288-4cf3-85c7-4e2e38d5d52f\/image.jpg\" width=\"587\" height=\"353\" \/><\/p>\n<p>&nbsp;<\/p>\n<p>&nbsp;<\/p>\n<p>La parte superior de cuero y material sint\u00e9tico mantiene el aspecto cl\u00e1sico del original al tiempo que a\u00f1ade comodidad y soporte.<\/p>\n<p>&nbsp;<\/p>\n<p>&nbsp;<\/p>\n<p>&nbsp;<\/p>\n<p><img loading=\"lazy\" decoding=\"async\" class=\"alignright\" src=\"https:\/\/static.nike.com\/a\/images\/t_prod\/w_1920,c_limit,f_auto,q_auto\/c3c25724-7974-4c44-90fa-c227ae3336fa\/image.jpg\" width=\"696\" height=\"418\" \/><\/p>\n<p>&nbsp;<\/p>\n<p>&nbsp;<\/p>\n<p>&nbsp;<\/p>\n<p>&nbsp;<\/p>\n<p>&nbsp;<\/p>\n<p>&nbsp;<\/p>\n<p>&nbsp;<\/p>\n<p>El tratamiento vintage en la entresuela proporciona un aspecto de vieja escuela.<\/p>\n<p>&nbsp;<\/p>\n<p>&nbsp;<\/p>\n<p>&nbsp;<\/p>\n<p>&nbsp;<\/p>\n<p><img loading=\"lazy\" decoding=\"async\" class=\"alignleft\" src=\"https:\/\/static.nike.com\/a\/images\/t_prod\/w_1920,c_limit,f_auto,q_auto\/6f869482-3142-41b1-a5e5-20ea06a7b9e6\/image.jpg\" width=\"663\" height=\"399\" \/><\/p>\n<p>&nbsp;<\/p>\n<p>&nbsp;<\/p>\n<p>&nbsp;<\/p>\n<p>La construcci\u00f3n en autoclave fusiona la suela con la entresuela para lograr una apariencia aerodin\u00e1mica que refleja el dise\u00f1o de los a\u00f1os 70.<\/p>\n<p>&nbsp;<\/p>\n<p>&nbsp;<\/p>\n<p>&nbsp;<\/p>\n<p>&nbsp;<\/p>\n<p>&nbsp;<\/p>\n<div class=\"flex flex-1 grow basis-auto flex-col overflow-hidden @container\/thread\">\n<div class=\"relative h-full\">\n<div class=\"flex h-full flex-col overflow-y-auto [scrollbar-gutter:stable]\">\n<div class=\"mt-1.5 flex flex-col text-sm md:pb-9\">\n<article class=\"w-full text-token-text-primary focus-visible:outline-2 focus-visible:outline-offset-[-4px]\" dir=\"auto\" data-testid=\"conversation-turn-17\" data-scroll-anchor=\"true\">\n<div class=\"text-base my-auto mx-auto py-[18px] px-6\">\n<div class=\"mx-auto flex flex-1 text-base gap-4 md:gap-5 lg:gap-6 md:max-w-3xl lg:max-w-[40rem] xl:max-w-[48rem]\">\n<div class=\"group\/conversation-turn relative flex w-full min-w-0 flex-col agent-turn @xs\/thread:px-0 @sm\/thread:px-1.5 @md\/thread:px-4\">\n<div class=\"flex-col gap-1 md:gap-3\">\n<div class=\"flex max-w-full flex-col flex-grow\">\n<div class=\"min-h-8 text-message relative flex w-full flex-col items-end gap-2 whitespace-normal break-words text-start [.text-message+&amp;]:mt-5\" dir=\"auto\" data-message-author-role=\"assistant\" data-message-id=\"46542227-924e-47cd-bb59-b82d61ca9e82\" data-message-model-slug=\"gpt-4o\">\n<div class=\"flex w-full flex-col gap-1 empty:hidden first:pt-[3px]\">\n<div class=\"markdown prose w-full break-words dark:prose-invert light\">\n<h3 data-start=\"0\" data-end=\"65\"><strong data-start=\"4\" data-end=\"63\"><span>Nike Blazer Mid &#8217;77 Vintage \u2013 Un \u00cdcono del Estilo Retro<\/span><\/strong><\/h3>\n<p data-start=\"67\" data-end=\"379\"><span>El <\/span><strong data-start=\"70\" data-end=\"101\"><span>Nike Blazer Mid &#8217;77 Vintage<\/span><\/strong><span> es un cl\u00e1sico de los a\u00f1os 70 que sigue marcando tendencia hasta el d\u00eda de hoy. Con un dise\u00f1o inspirado en el <\/span><strong data-start=\"211\" data-end=\"231\"><span>b\u00e1squetbol retro<\/span><\/strong><span> , esta zapatilla mantiene la esencia de la versi\u00f3n original, pero con mejoras en materiales y tecnolog\u00eda para brindar mayor comodidad y durabilidad.<\/span><\/p>\n<p data-start=\"381\" data-end=\"581\"><span>Perfecto para quienes buscan un <\/span><strong data-start=\"413\" data-end=\"439\"><span>look urbano y vers\u00e1til<\/span><\/strong><span> , este modelo en <\/span><strong data-start=\"456\" data-end=\"494\"><span>color blanco con detalles en negro<\/span><\/strong><span> es ideal para cualquier ocasi\u00f3n, desde una salida casual hasta una reuni\u00f3n informal.<\/span><\/p>\n<hr data-start=\"583\" data-end=\"588\" \/>\n<h3 data-start=\"590\" data-end=\"627\"><strong data-start=\"594\" data-end=\"625\"><span>Caracter\u00edsticas principales<\/span><\/strong><\/h3>\n<p data-start=\"629\" data-end=\"833\"><span>\u2705 <\/span><strong data-start=\"631\" data-end=\"667\"><span>Dise\u00f1o Retro con Toques Modernos<\/span><\/strong><br data-start=\"667\" data-end=\"670\" \/><span> El Nike Blazer Mid &#8217;77 Vintage conserva su cl\u00e1sico estilo de los 70, pero con mejoras en construcci\u00f3n y materiales para un ajuste m\u00e1s c\u00f3modo y un look impecable.<\/span><\/p>\n<p data-start=\"835\" data-end=\"1072\"><span>\u2705 <\/span><strong data-start=\"837\" data-end=\"859\"><span>Materiales Premium<\/span><\/strong><br data-start=\"859\" data-end=\"862\" \/><span> Fabricado con una combinaci\u00f3n de <\/span><strong data-start=\"895\" data-end=\"912\"><span>piel y gamuza<\/span><\/strong><span> , este modelo ofrece un acabado elegante y resistente. La suela de <\/span><strong data-start=\"979\" data-end=\"1001\"><span>caucho vulcanizado<\/span><\/strong><span> garantiza durabilidad y un excelente agarre en diversas superficies.<\/span><\/p>\n<p data-start=\"1074\" data-end=\"1314\"><span>\u2705 <\/span><strong data-start=\"1076\" data-end=\"1107\"><span>Comodidad y Ajuste Perfecto<\/span><\/strong><br data-start=\"1107\" data-end=\"1110\" \/><span> Dise\u00f1ado para ajustarse <\/span><strong data-start=\"1134\" data-end=\"1149\"><span>a la medida<\/span><\/strong><span> , esta zapatilla brinda una sensaci\u00f3n envolvente y estable en cada paso. Su ca\u00f1a media proporciona un <\/span><strong data-start=\"1249\" data-end=\"1281\"><span>soporte adicional al tobillo<\/span><\/strong><span> , ideal para un uso prolongado.<\/span><\/p>\n<p data-start=\"1316\" data-end=\"1538\"><span>\u2705 <\/span><strong data-start=\"1318\" data-end=\"1354\"><span>Versatilidad para cualquier look<\/span><\/strong><br data-start=\"1354\" data-end=\"1357\" \/><span> Ya sea que prefieras un <\/span><strong data-start=\"1381\" data-end=\"1407\"><span>outfit retro o moderno<\/span><\/strong><span> , estas zapatillas combinan a la perfecci\u00f3n con jeans, joggers o incluso ropa m\u00e1s elegante, permiti\u00e9ndote expresar tu estilo \u00fanico.<\/span><\/p>\n<p data-start=\"1540\" data-end=\"1705\"><span>\u2705 <\/span><strong data-start=\"1542\" data-end=\"1577\"><span>Durabilidad y Tracci\u00f3n Mejorada<\/span><\/strong><br data-start=\"1577\" data-end=\"1580\" \/><span> La <\/span><strong data-start=\"1583\" data-end=\"1623\"><span>suela de caucho con patr\u00f3n en espiga<\/span><\/strong><span> ofrece un agarre excepcional, asegurando estabilidad y tracci\u00f3n en cada pisada.<\/span><\/p>\n<hr data-start=\"1707\" data-end=\"1712\" \/>\n<h3 data-start=\"1714\" data-end=\"1749\"><strong data-start=\"1718\" data-end=\"1747\"><span>Especificaciones t\u00e9cnicas<\/span><\/strong><\/h3>\n<p data-start=\"1750\" data-end=\"1985\"><span>\ud83d\udccc <\/span><strong data-start=\"1753\" data-end=\"1764\"><span>Modelo:<\/span><\/strong><span> Nike Blazer Mid &#8217;77 Vintage <\/span><br data-start=\"1792\" data-end=\"1795\" \/><span>\ud83d\udccc <\/span><strong data-start=\"1798\" data-end=\"1813\"><span>Referencia:<\/span><\/strong><span> BQ6806-100 <\/span><br data-start=\"1824\" data-end=\"1827\" \/><span>\ud83d\udccc <\/span><strong data-start=\"1830\" data-end=\"1840\"><span>Color:<\/span><\/strong><span> Blanco con detalles en negro <\/span><br data-start=\"1869\" data-end=\"1872\" \/><span>\ud83d\udccc <\/span><strong data-start=\"1875\" data-end=\"1890\"><span>Materiales:<\/span><\/strong><span> Piel, gamuza y caucho <\/span><br data-start=\"1912\" data-end=\"1915\" \/><span>\ud83d\udccc <\/span><strong data-start=\"1918\" data-end=\"1938\"><span>Tipo de calzado:<\/span><\/strong><span> Sneaker <\/span><br data-start=\"1946\" data-end=\"1949\" \/><span>\ud83d\udccc <\/span><strong data-start=\"1952\" data-end=\"1971\" data-is-only-node=\"\"><span>Talla y ajuste:<\/span><\/strong><span> A la medida<\/span><\/p>\n<p data-start=\"1987\" data-end=\"2205\" data-is-last-node=\"\" data-is-only-node=\"\"><span>Si buscas un calzado ic\u00f3nico con <\/span><strong data-start=\"2020\" data-end=\"2084\"><span>dise\u00f1o atemporal, materiales premium y comodidad inigualable<\/span><\/strong><span> , los <\/span><strong data-start=\"2090\" data-end=\"2121\"><span>Nike Blazer Mid &#8217;77 Vintage<\/span><\/strong><span> son la elecci\u00f3n perfecta. <\/span><strong data-start=\"2148\" data-end=\"2205\" data-is-last-node=\"\"><span>\u00a1Revive la leyenda y dale un toque retro a tu estilo!<\/span><\/strong><\/p>\n<\/div>\n<\/div>\n<\/div>\n<\/div>\n<\/div>\n<\/div>\n<\/div>\n<\/div>\n<\/article>\n<\/div>\n<\/div>\n<\/div>\n<\/div>\n","protected":false},"excerpt":{"rendered":"<p>&nbsp; &nbsp; La parte superior de cuero y material sint\u00e9tico mantiene el aspecto cl\u00e1sico del original al tiempo que a\u00f1ade<\/p>\n","protected":false},"featured_media":75968,"comment_status":"open","ping_status":"closed","template":"","meta":{"nf_dc_page":""},"product_brand":[],"product_cat":[76],"product_tag":[],"class_list":{"0":"post-75967","1":"product","2":"type-product","3":"status-publish","4":"has-post-thumbnail","6":"product_cat-masculino","8":"first","9":"outofstock","10":"shipping-taxable","11":"purchasable","12":"product-type-simple"},"_links":{"self":[{"href":"https:\/\/brandss.com.py\/index\/wp-json\/wp\/v2\/product\/75967","targetHints":{"allow":["GET"]}}],"collection":[{"href":"https:\/\/brandss.com.py\/index\/wp-json\/wp\/v2\/product"}],"about":[{"href":"https:\/\/brandss.com.py\/index\/wp-json\/wp\/v2\/types\/product"}],"replies":[{"embeddable":true,"href":"https:\/\/brandss.com.py\/index\/wp-json\/wp\/v2\/comments?post=75967"}],"version-history":[{"count":1,"href":"https:\/\/brandss.com.py\/index\/wp-json\/wp\/v2\/product\/75967\/revisions"}],"predecessor-version":[{"id":75972,"href":"https:\/\/brandss.com.py\/index\/wp-json\/wp\/v2\/product\/75967\/revisions\/75972"}],"wp:featuredmedia":[{"embeddable":true,"href":"https:\/\/brandss.com.py\/index\/wp-json\/wp\/v2\/media\/75968"}],"wp:attachment":[{"href":"https:\/\/brandss.com.py\/index\/wp-json\/wp\/v2\/media?parent=75967"}],"wp:term":[{"taxonomy":"product_brand","embeddable":true,"href":"https:\/\/brandss.com.py\/index\/wp-json\/wp\/v2\/product_brand?post=75967"},{"taxonomy":"product_cat","embeddable":true,"href":"https:\/\/brandss.com.py\/index\/wp-json\/wp\/v2\/product_cat?post=75967"},{"taxonomy":"product_tag","embeddable":true,"href":"https:\/\/brandss.com.py\/index\/wp-json\/wp\/v2\/product_tag?post=75967"}],"curies":[{"name":"wp","href":"https:\/\/api.w.org\/{rel}","templated":true}]}}