{"id":75973,"date":"2025-03-13T13:57:44","date_gmt":"2025-03-13T13:57:44","guid":{"rendered":"https:\/\/brandss.com.py\/index\/?post_type=product&#038;p=75973"},"modified":"2025-07-14T10:12:39","modified_gmt":"2025-07-14T10:12:39","slug":"calzado-deportivo-masculino-nike-zoom-vomero-5","status":"publish","type":"product","link":"https:\/\/brandss.com.py\/index\/producto\/calzado-deportivo-masculino-nike-zoom-vomero-5\/","title":{"rendered":"CALZADO DEPORTIVO MASCULINO NIKE ZOOM VOMERO 5"},"content":{"rendered":"<p><img loading=\"lazy\" decoding=\"async\" class=\"\" src=\"https:\/\/1000marcas.net\/wp-content\/uploads\/2019\/11\/Logo-Nike.jpg\" alt=\"Logo de Nike: la historia y el significado del logotipo, la ...\" width=\"550\" height=\"309\" \/>}<\/p>\n<div class=\"flex flex-1 grow basis-auto flex-col overflow-hidden @container\/thread\">\n<div class=\"relative h-full\">\n<div class=\"flex h-full flex-col overflow-y-auto [scrollbar-gutter:stable]\">\n<div class=\"mt-1.5 flex flex-col text-sm md:pb-9\">\n<article class=\"w-full text-token-text-primary focus-visible:outline-2 focus-visible:outline-offset-[-4px]\" dir=\"auto\" data-testid=\"conversation-turn-19\" data-scroll-anchor=\"true\">\n<div class=\"text-base my-auto mx-auto py-[18px] px-6\">\n<div class=\"mx-auto flex flex-1 text-base gap-4 md:gap-5 lg:gap-6 md:max-w-3xl lg:max-w-[40rem] xl:max-w-[48rem]\">\n<div class=\"group\/conversation-turn relative flex w-full min-w-0 flex-col agent-turn @xs\/thread:px-0 @sm\/thread:px-1.5 @md\/thread:px-4\">\n<div class=\"flex-col gap-1 md:gap-3\">\n<div class=\"flex max-w-full flex-col flex-grow\">\n<div class=\"min-h-8 text-message relative flex w-full flex-col items-end gap-2 whitespace-normal break-words text-start [.text-message+&amp;]:mt-5\" dir=\"auto\" data-message-author-role=\"assistant\" data-message-id=\"05c59fdc-c9e2-446a-9a3f-2fda6cf57883\" data-message-model-slug=\"gpt-4o\">\n<div class=\"flex w-full flex-col gap-1 empty:hidden first:pt-[3px]\">\n<div class=\"markdown prose w-full break-words dark:prose-invert light\">\n<h1 data-start=\"0\" data-end=\"72\"><strong data-start=\"4\" data-end=\"70\">Nike Zoom Vomero 5 \u2013 Comodidad y Rendimiento\u00a0<\/strong><\/h1>\n<p data-start=\"74\" data-end=\"441\">Los <strong data-start=\"78\" data-end=\"100\">Nike Zoom Vomero 5<\/strong> son una combinaci\u00f3n perfecta de <strong data-start=\"133\" data-end=\"186\">comodidad, amortiguaci\u00f3n y estilo retro-futurista<\/strong>, dise\u00f1ados para quienes buscan un calzado vers\u00e1til tanto para entrenamientos como para el uso diario. Con una est\u00e9tica inspirada en los a\u00f1os 2000 y tecnolog\u00eda moderna, estos tenis destacan por su dise\u00f1o <strong data-start=\"390\" data-end=\"438\">ligero, transpirable y altamente amortiguado<\/strong>.<\/p>\n<hr data-start=\"443\" data-end=\"448\" \/>\n<h3 data-start=\"450\" data-end=\"487\"><strong data-start=\"454\" data-end=\"485\">Caracter\u00edsticas\u00a0<\/strong><\/h3>\n<p data-start=\"489\" data-end=\"724\">\u2705 <strong data-start=\"491\" data-end=\"527\">Dise\u00f1o Retro con Toques Modernos<\/strong><br data-start=\"527\" data-end=\"530\" \/>El Zoom Vomero 5 presenta un look nost\u00e1lgico de los 2000, pero con detalles y materiales actualizados para ofrecer una combinaci\u00f3n perfecta entre <strong data-start=\"676\" data-end=\"721\">estilo cl\u00e1sico y tecnolog\u00eda contempor\u00e1nea<\/strong>.<\/p>\n<p data-start=\"726\" data-end=\"951\">\u2705 <strong data-start=\"728\" data-end=\"765\">Amortiguaci\u00f3n de Alto Rendimiento<\/strong><br data-start=\"765\" data-end=\"768\" \/>Gracias a la tecnolog\u00eda <strong data-start=\"792\" data-end=\"809\">Nike Zoom Air<\/strong>, estos tenis brindan una respuesta suave y reactiva, absorbiendo impactos para proporcionar una sensaci\u00f3n de comodidad durante todo el d\u00eda.<\/p>\n<p data-start=\"953\" data-end=\"1200\">\u2705 <strong data-start=\"955\" data-end=\"986\">Transpirabilidad y Ligereza<\/strong><br data-start=\"986\" data-end=\"989\" \/>La parte superior est\u00e1 confeccionada con <strong data-start=\"1030\" data-end=\"1066\">malla t\u00e9cnica y capas sint\u00e9ticas<\/strong>, lo que permite una excelente ventilaci\u00f3n para mantener los pies frescos y secos, ideal para largas jornadas o sesiones de running.<\/p>\n<p data-start=\"1202\" data-end=\"1388\">\u2705 <strong data-start=\"1204\" data-end=\"1240\">Suela con Tracci\u00f3n y Estabilidad<\/strong><br data-start=\"1240\" data-end=\"1243\" \/>El dise\u00f1o de la suela incorpora goma duradera con un <strong data-start=\"1296\" data-end=\"1329\">patr\u00f3n de tracci\u00f3n optimizado<\/strong>, garantizando un agarre seguro en distintas superficies.<\/p>\n<p data-start=\"1390\" data-end=\"1614\">\u2705 <strong data-start=\"1392\" data-end=\"1429\">Versatilidad para Diferentes Usos<\/strong><br data-start=\"1429\" data-end=\"1432\" \/>Si bien son ideales para correr o entrenar, su dise\u00f1o tambi\u00e9n se adapta a outfits urbanos, convirti\u00e9ndolos en una opci\u00f3n perfecta para combinar con jeans, joggers o ropa deportiva.<\/p>\n<hr data-start=\"1616\" data-end=\"1621\" \/>\n<h3 data-start=\"1623\" data-end=\"1658\"><strong data-start=\"1627\" data-end=\"1656\">Especificaciones T\u00e9cnicas<\/strong><\/h3>\n<p data-start=\"1659\" data-end=\"1909\">\ud83d\udccc <strong data-start=\"1662\" data-end=\"1673\">Modelo:<\/strong> Nike Zoom Vomero 5<br data-start=\"1692\" data-end=\"1695\" \/>\ud83d\udccc <strong data-start=\"1698\" data-end=\"1718\">Tipo de calzado:<\/strong> Running \/ Lifestyle<br data-start=\"1738\" data-end=\"1741\" \/>\ud83d\udccc <strong data-start=\"1744\" data-end=\"1762\">Amortiguaci\u00f3n:<\/strong> Zoom Air<br data-start=\"1771\" data-end=\"1774\" \/>\ud83d\udccc <strong data-start=\"1777\" data-end=\"1792\">Materiales:<\/strong> Malla, sint\u00e9tico y goma<br data-start=\"1816\" data-end=\"1819\" \/>\ud83d\udccc <strong data-start=\"1822\" data-end=\"1842\">Uso recomendado:<\/strong> Running, entrenamiento y uso casual<br data-start=\"1878\" data-end=\"1881\" \/>\ud83d\udccc <strong data-start=\"1884\" data-end=\"1895\">Ajuste:<\/strong> A la medida<\/p>\n<p data-start=\"1911\" data-end=\"2116\" data-is-last-node=\"\" data-is-only-node=\"\">Si buscas un calzado <strong data-start=\"1932\" data-end=\"1976\">c\u00f3modo, ligero y con un dise\u00f1o atemporal<\/strong>, los <strong data-start=\"1982\" data-end=\"2004\">Nike Zoom Vomero 5<\/strong> son una excelente elecci\u00f3n para acompa\u00f1arte en cualquier ocasi\u00f3n. <strong data-start=\"2071\" data-end=\"2116\" data-is-last-node=\"\">\u00a1Corre con estilo y m\u00e1xima amortiguaci\u00f3n!<\/strong><\/p>\n<\/div>\n<\/div>\n<\/div>\n<\/div>\n<\/div>\n<\/div>\n<\/div>\n<\/div>\n<\/article>\n<\/div>\n<\/div>\n<\/div>\n<\/div>\n","protected":false},"excerpt":{"rendered":"<p>} Nike Zoom Vomero 5 \u2013 Comodidad y Rendimiento\u00a0 Los Nike Zoom Vomero 5 son una combinaci\u00f3n perfecta de comodidad,<\/p>\n","protected":false},"featured_media":75974,"comment_status":"open","ping_status":"closed","template":"","meta":{"nf_dc_page":""},"product_brand":[],"product_cat":[76],"product_tag":[],"class_list":{"0":"post-75973","1":"product","2":"type-product","3":"status-publish","4":"has-post-thumbnail","6":"product_cat-masculino","8":"first","9":"instock","10":"shipping-taxable","11":"purchasable","12":"product-type-simple"},"_links":{"self":[{"href":"https:\/\/brandss.com.py\/index\/wp-json\/wp\/v2\/product\/75973","targetHints":{"allow":["GET"]}}],"collection":[{"href":"https:\/\/brandss.com.py\/index\/wp-json\/wp\/v2\/product"}],"about":[{"href":"https:\/\/brandss.com.py\/index\/wp-json\/wp\/v2\/types\/product"}],"replies":[{"embeddable":true,"href":"https:\/\/brandss.com.py\/index\/wp-json\/wp\/v2\/comments?post=75973"}],"version-history":[{"count":1,"href":"https:\/\/brandss.com.py\/index\/wp-json\/wp\/v2\/product\/75973\/revisions"}],"predecessor-version":[{"id":75982,"href":"https:\/\/brandss.com.py\/index\/wp-json\/wp\/v2\/product\/75973\/revisions\/75982"}],"wp:featuredmedia":[{"embeddable":true,"href":"https:\/\/brandss.com.py\/index\/wp-json\/wp\/v2\/media\/75974"}],"wp:attachment":[{"href":"https:\/\/brandss.com.py\/index\/wp-json\/wp\/v2\/media?parent=75973"}],"wp:term":[{"taxonomy":"product_brand","embeddable":true,"href":"https:\/\/brandss.com.py\/index\/wp-json\/wp\/v2\/product_brand?post=75973"},{"taxonomy":"product_cat","embeddable":true,"href":"https:\/\/brandss.com.py\/index\/wp-json\/wp\/v2\/product_cat?post=75973"},{"taxonomy":"product_tag","embeddable":true,"href":"https:\/\/brandss.com.py\/index\/wp-json\/wp\/v2\/product_tag?post=75973"}],"curies":[{"name":"wp","href":"https:\/\/api.w.org\/{rel}","templated":true}]}}