{"id":75994,"date":"2025-03-13T14:53:03","date_gmt":"2025-03-13T14:53:03","guid":{"rendered":"https:\/\/brandss.com.py\/index\/?post_type=product&#038;p=75994"},"modified":"2025-03-13T16:14:35","modified_gmt":"2025-03-13T16:14:35","slug":"calzado-deportivo-masculino-nike-sb-zoom-blazer-mid","status":"publish","type":"product","link":"https:\/\/brandss.com.py\/index\/producto\/calzado-deportivo-masculino-nike-sb-zoom-blazer-mid\/","title":{"rendered":"CALZADO DEPORTIVO MASCULINO NIKE SB ZOOM BLAZER MID"},"content":{"rendered":"<p><img loading=\"lazy\" decoding=\"async\" class=\"\" src=\"https:\/\/i0.wp.com\/www.vectorizando.com\/wp-content\/uploads\/2021\/05\/nike-logo-738b64ca.png?fit=500%2C500&amp;ssl=1\" alt=\"Nike logo 2025 | \u2713 Los mejores logos vectorizados\" width=\"164\" height=\"164\" \/><\/p>\n<h1>SB ZOOM BLAZER MID<\/h1>\n<p><span>Las Nike SB Zoom Blazer Mid son unas ic\u00f3nicas zapatillas de baloncesto dise\u00f1adas para el skater moderno. Su resistente gamuza premium se combina con goma adherente para un agarre flexible y una comodidad duradera. La amortiguaci\u00f3n Zoom Air, \u00e1gil y reactiva, proporciona una sensaci\u00f3n de despegue r\u00e1pido. Los <\/span>calzados Nike SB Zoom Blazer Mid <span>aportan un aspecto moderno y cl\u00e1sico, combinando la tecnolog\u00eda de amortiguaci\u00f3n Nike Zoom Air con una parte superior duradera y una suela exterior de goma duradera. El dise\u00f1o de cuero sint\u00e9tico duradero brinda soporte y comodidad, mientras que la amortiguaci\u00f3n Zoom Air proporciona una sensaci\u00f3n liviana y flexible. Esta zapatilla tambi\u00e9n presenta detalles especiales como costuras reforzadas, una suela de goma y una franja Swoosh en el lateral para una apariencia moderna. Si buscas un calzado c\u00f3modo y con mucho estilo,<\/span><span> el calzado<\/span><span> Nike SB Zoom Blazer Mid <\/span><span>es <\/span><span>la elecci\u00f3n ideal.<\/span><\/p>\n<p>&nbsp;<\/p>\n<p><strong><span>DETALLES\u00a0<\/span><\/strong><\/p>\n<p>&nbsp;<\/p>\n<ul>\n<li><span>Parte superior fabricada en ante negro con partes que tienen m\u00e1s contacto con la lija al tener goma.<\/span><\/li>\n<li><span style=\"color: #000000\"><span>Parte interior con franela personalizada.<\/span><\/span><\/li>\n<li><span>Smoosh blanco.<\/span><\/li>\n<li><span>Plantilla moldeada con Nike Zoom Air (mejor amortiguaci\u00f3n).<\/span><\/li>\n<li><span>Construcci\u00f3n vulcanizada.<\/span><\/li>\n<li><span style=\"color: #000000\"><span>Suela de goma para mayor agarre y tracci\u00f3n.<\/span><\/span><\/li>\n<li><span><span>Color: Negro\/Negro\/Blanco\/Antracita.<\/span><\/span><\/li>\n<li><span><span>Modelo: DV7898-001.<\/span><\/span><\/li>\n<\/ul>\n","protected":false},"excerpt":{"rendered":"<p>SB ZOOM BLAZER MID Las Nike SB Zoom Blazer Mid son unas ic\u00f3nicas zapatillas de baloncesto dise\u00f1adas para el skater<\/p>\n","protected":false},"featured_media":76001,"comment_status":"open","ping_status":"closed","template":"","meta":{"nf_dc_page":""},"product_brand":[],"product_cat":[76],"product_tag":[],"class_list":{"0":"post-75994","1":"product","2":"type-product","3":"status-publish","4":"has-post-thumbnail","6":"product_cat-masculino","8":"first","9":"instock","10":"shipping-taxable","11":"purchasable","12":"product-type-simple"},"_links":{"self":[{"href":"https:\/\/brandss.com.py\/index\/wp-json\/wp\/v2\/product\/75994","targetHints":{"allow":["GET"]}}],"collection":[{"href":"https:\/\/brandss.com.py\/index\/wp-json\/wp\/v2\/product"}],"about":[{"href":"https:\/\/brandss.com.py\/index\/wp-json\/wp\/v2\/types\/product"}],"replies":[{"embeddable":true,"href":"https:\/\/brandss.com.py\/index\/wp-json\/wp\/v2\/comments?post=75994"}],"version-history":[{"count":1,"href":"https:\/\/brandss.com.py\/index\/wp-json\/wp\/v2\/product\/75994\/revisions"}],"predecessor-version":[{"id":76010,"href":"https:\/\/brandss.com.py\/index\/wp-json\/wp\/v2\/product\/75994\/revisions\/76010"}],"wp:featuredmedia":[{"embeddable":true,"href":"https:\/\/brandss.com.py\/index\/wp-json\/wp\/v2\/media\/76001"}],"wp:attachment":[{"href":"https:\/\/brandss.com.py\/index\/wp-json\/wp\/v2\/media?parent=75994"}],"wp:term":[{"taxonomy":"product_brand","embeddable":true,"href":"https:\/\/brandss.com.py\/index\/wp-json\/wp\/v2\/product_brand?post=75994"},{"taxonomy":"product_cat","embeddable":true,"href":"https:\/\/brandss.com.py\/index\/wp-json\/wp\/v2\/product_cat?post=75994"},{"taxonomy":"product_tag","embeddable":true,"href":"https:\/\/brandss.com.py\/index\/wp-json\/wp\/v2\/product_tag?post=75994"}],"curies":[{"name":"wp","href":"https:\/\/api.w.org\/{rel}","templated":true}]}}