{"id":76012,"date":"2025-03-13T15:00:24","date_gmt":"2025-03-13T15:00:24","guid":{"rendered":"https:\/\/brandss.com.py\/index\/?post_type=product&#038;p=76012"},"modified":"2025-03-13T15:00:40","modified_gmt":"2025-03-13T15:00:40","slug":"calzado-casual-masculino-jordan-3-retro-georgia","status":"publish","type":"product","link":"https:\/\/brandss.com.py\/index\/producto\/calzado-casual-masculino-jordan-3-retro-georgia\/","title":{"rendered":"CALZADO CASUAL MASCULINO JORDAN 3 RETRO GEORGIA"},"content":{"rendered":"<p><img loading=\"lazy\" decoding=\"async\" class=\"\" src=\"https:\/\/1000marcas.net\/wp-content\/uploads\/2020\/01\/Air-Jordan-simbolo.jpg\" alt=\"Air Jordan Logo - s\u00edmbolo, significado logotipo, historia, PNG\" width=\"416\" height=\"234\" \/><\/p>\n<h3 data-start=\"0\" data-end=\"70\"><strong data-start=\"4\" data-end=\"68\"><span>Jordan 3 Retro Georgia \u2013 Un Cl\u00e1sico con Estilo Universitario<\/span><\/strong><\/h3>\n<p data-start=\"72\" data-end=\"502\"><span>Los <\/span><strong data-start=\"76\" data-end=\"102\"><span>Jordan 3 Retro Georgia<\/span><\/strong><span> son una versi\u00f3n especial de uno de los modelos m\u00e1s ic\u00f3nicos de la historia del baloncesto, el <\/span><strong data-start=\"197\" data-end=\"209\"><span>Jordan 3<\/span><\/strong><span> , pero con una inspiraci\u00f3n en los colores y el estilo de la <\/span><strong data-start=\"269\" data-end=\"295\"><span>Universidad de Georgia<\/span><\/strong><span> . Estos tenis combinan <\/span><strong data-start=\"318\" data-end=\"387\"><span>estilo retro, tecnolog\u00eda de confort avanzada y una est\u00e9tica \u00fanica<\/span><\/strong><span> que hace que sean perfectos tanto para los fan\u00e1ticos del baloncesto como para los entusiastas de la moda urbana.<\/span><\/p>\n<hr data-start=\"504\" data-end=\"509\" \/>\n<h3 data-start=\"511\" data-end=\"548\"><strong data-start=\"515\" data-end=\"546\"><span>Caracter\u00edsticas principales<\/span><\/strong><\/h3>\n<p data-start=\"550\" data-end=\"826\"><span>\u2705 <\/span><strong data-start=\"552\" data-end=\"572\"><span>Dise\u00f1o Exclusivo<\/span><\/strong><br data-start=\"572\" data-end=\"575\" \/><span> Los <\/span><strong data-start=\"579\" data-end=\"605\"><span>Jordan 3 Retro Georgia<\/span><\/strong><span> tienen un dise\u00f1o \u00fanico que hace homenaje a los colores del equipo de baloncesto de la Universidad de Georgia, con detalles en <\/span><strong data-start=\"732\" data-end=\"756\"><span>negro, rojo y blanco<\/span><\/strong><span> , y una combinaci\u00f3n de materiales premium que resaltan en cada paso.<\/span><\/p>\n<p data-start=\"828\" data-end=\"1145\"><span>\u2705 <\/span><strong data-start=\"830\" data-end=\"872\"><span>Tecnolog\u00eda Air-Sole para Amortiguaci\u00f3n<\/span><\/strong><br data-start=\"872\" data-end=\"875\" \/><span> Como es t\u00edpico en los modelos <\/span><strong data-start=\"905\" data-end=\"921\"><span>Retro Jordan<\/span><\/strong><span> , este tenis incorpora la <\/span><strong data-start=\"947\" data-end=\"970\"><span>tecnolog\u00eda Air-Sole<\/span><\/strong><span> en el tal\u00f3n y el antepi\u00e9, lo que proporciona una <\/span><strong data-start=\"1020\" data-end=\"1046\"><span>amortiguaci\u00f3n superior<\/span><\/strong><span> y un <\/span><strong data-start=\"1052\" data-end=\"1069\"><span>mayor confort<\/span><\/strong><span> durante todo el d\u00eda, ideal tanto para el deporte como para el uso diario.<\/span><\/p>\n<p data-start=\"1147\" data-end=\"1427\"><span>\u2705 <\/span><strong data-start=\"1149\" data-end=\"1183\"><span>Parte Superior de Alta Calidad<\/span><\/strong><br data-start=\"1183\" data-end=\"1186\" \/><span> La parte superior est\u00e1 confeccionada con <\/span><strong data-start=\"1227\" data-end=\"1253\"><span>cuero premium y gamuza<\/span><\/strong><span> , proporcionando <\/span><strong data-start=\"1270\" data-end=\"1309\"><span>durabilidad, soporte y flexibilidad<\/span><\/strong><span> . Adem\u00e1s, la construcci\u00f3n de estos materiales ayuda a mantener los pies frescos y c\u00f3modos, sin sacrificar el estilo.<\/span><\/p>\n<p data-start=\"1429\" data-end=\"1681\"><span>\u2705 <\/span><strong data-start=\"1431\" data-end=\"1459\"><span>Silueta Cl\u00e1sica Jordan 3<\/span><\/strong><br data-start=\"1459\" data-end=\"1462\" \/><span> El <\/span><strong data-start=\"1465\" data-end=\"1483\"><span>Jordan 3 Retro<\/span><\/strong><span> es reconocido por su silueta inconfundible, con su <\/span><strong data-start=\"1535\" data-end=\"1560\"><span>tobillo de corte bajo<\/span><\/strong><span> , la famosa <\/span><strong data-start=\"1572\" data-end=\"1608\"><span>leng\u00fceta con el logotipo Jumpman<\/span><\/strong><span> y los detalles en el tal\u00f3n que le dan un toque aut\u00e9ntico y nost\u00e1lgico.<\/span><\/p>\n<p data-start=\"1683\" data-end=\"1956\"><span>\u2705 <\/span><strong data-start=\"1685\" data-end=\"1724\"><span>Suela de Goma con Tracci\u00f3n Mejorada<\/span><\/strong><br data-start=\"1724\" data-end=\"1727\" \/><span> La suela cuenta con un patr\u00f3n de tracci\u00f3n cl\u00e1sico que ofrece un <\/span><strong data-start=\"1791\" data-end=\"1813\"><span>agarre excepcional<\/span><\/strong><span> , asegurando que tengas estabilidad en cada paso. Es ideal para quienes buscan un tenis que tambi\u00e9n ofrezca rendimiento sin perder el estilo.<\/span><\/p>\n<hr data-start=\"1958\" data-end=\"1963\" \/>\n<h3 data-start=\"1965\" data-end=\"2000\"><strong data-start=\"1969\" data-end=\"1998\"><span>Especificaciones t\u00e9cnicas<\/span><\/strong><\/h3>\n<p data-start=\"2001\" data-end=\"2285\"><span>\ud83d\udccc <\/span><strong data-start=\"2004\" data-end=\"2015\"><span>Modelo:<\/span><\/strong><span> Jordan 3 Retro Georgia <\/span><br data-start=\"2038\" data-end=\"2041\" \/><span>\ud83d\udccc <\/span><strong data-start=\"2044\" data-end=\"2054\"><span>Color:<\/span><\/strong><span> Negro, rojo y blanco (colores de la Universidad de Georgia) <\/span><br data-start=\"2114\" data-end=\"2117\" \/><span>\ud83d\udccc <\/span><strong data-start=\"2120\" data-end=\"2135\"><span>Materiales:<\/span><\/strong><span> Cuero, gamuza y goma <\/span><br data-start=\"2156\" data-end=\"2159\" \/><span>\ud83d\udccc <\/span><strong data-start=\"2162\" data-end=\"2177\"><span>Tecnolog\u00eda:<\/span><\/strong><span> Air-Sole para amortiguaci\u00f3n <\/span><br data-start=\"2205\" data-end=\"2208\" \/><span>\ud83d\udccc <\/span><strong data-start=\"2211\" data-end=\"2231\"><span>Tipo de calzado:<\/span><\/strong><span> Lifestyle \/ Baloncesto <\/span><br data-start=\"2254\" data-end=\"2257\" \/><span>\ud83d\udccc <\/span><strong data-start=\"2260\" data-end=\"2271\"><span>Ajuste:<\/span><\/strong><span> A la medida<\/span><\/p>\n<p data-start=\"2287\" data-end=\"2528\" data-is-last-node=\"\" data-is-only-node=\"\"><span>Si eres un fan\u00e1tico de <\/span><strong data-start=\"2310\" data-end=\"2320\"><span>Jordan<\/span><\/strong><span> y te apasiona el <\/span><strong data-start=\"2338\" data-end=\"2374\"><span>estilo deportivo y universitario<\/span><\/strong><span> , los <\/span><strong data-start=\"2380\" data-end=\"2406\"><span>Jordan 3 Retro Georgia<\/span><\/strong><span> son la elecci\u00f3n perfecta para resaltar en cualquier ocasi\u00f3n. <\/span><strong data-start=\"2468\" data-end=\"2528\" data-is-last-node=\"\"><span>\u00a1Haz tuya la leyenda del Jumpman con estos tenis \u00fanicos!<\/span><\/strong><\/p>\n","protected":false},"excerpt":{"rendered":"<p>Jordan 3 Retro Georgia \u2013 Un Cl\u00e1sico con Estilo Universitario Los Jordan 3 Retro Georgia son una versi\u00f3n especial de<\/p>\n","protected":false},"featured_media":76013,"comment_status":"open","ping_status":"closed","template":"","meta":{"nf_dc_page":""},"product_brand":[],"product_cat":[76],"product_tag":[],"class_list":{"0":"post-76012","1":"product","2":"type-product","3":"status-publish","4":"has-post-thumbnail","6":"product_cat-masculino","8":"first","9":"instock","10":"shipping-taxable","11":"purchasable","12":"product-type-simple"},"_links":{"self":[{"href":"https:\/\/brandss.com.py\/index\/wp-json\/wp\/v2\/product\/76012","targetHints":{"allow":["GET"]}}],"collection":[{"href":"https:\/\/brandss.com.py\/index\/wp-json\/wp\/v2\/product"}],"about":[{"href":"https:\/\/brandss.com.py\/index\/wp-json\/wp\/v2\/types\/product"}],"replies":[{"embeddable":true,"href":"https:\/\/brandss.com.py\/index\/wp-json\/wp\/v2\/comments?post=76012"}],"version-history":[{"count":1,"href":"https:\/\/brandss.com.py\/index\/wp-json\/wp\/v2\/product\/76012\/revisions"}],"predecessor-version":[{"id":76020,"href":"https:\/\/brandss.com.py\/index\/wp-json\/wp\/v2\/product\/76012\/revisions\/76020"}],"wp:featuredmedia":[{"embeddable":true,"href":"https:\/\/brandss.com.py\/index\/wp-json\/wp\/v2\/media\/76013"}],"wp:attachment":[{"href":"https:\/\/brandss.com.py\/index\/wp-json\/wp\/v2\/media?parent=76012"}],"wp:term":[{"taxonomy":"product_brand","embeddable":true,"href":"https:\/\/brandss.com.py\/index\/wp-json\/wp\/v2\/product_brand?post=76012"},{"taxonomy":"product_cat","embeddable":true,"href":"https:\/\/brandss.com.py\/index\/wp-json\/wp\/v2\/product_cat?post=76012"},{"taxonomy":"product_tag","embeddable":true,"href":"https:\/\/brandss.com.py\/index\/wp-json\/wp\/v2\/product_tag?post=76012"}],"curies":[{"name":"wp","href":"https:\/\/api.w.org\/{rel}","templated":true}]}}