{"id":76021,"date":"2025-03-13T16:29:23","date_gmt":"2025-03-13T16:29:23","guid":{"rendered":"https:\/\/brandss.com.py\/index\/?post_type=product&#038;p=76021"},"modified":"2025-10-27T14:09:27","modified_gmt":"2025-10-27T14:09:27","slug":"calzado-casual-masculino-nike-air-max-90-recraft","status":"publish","type":"product","link":"https:\/\/brandss.com.py\/index\/producto\/calzado-casual-masculino-nike-air-max-90-recraft\/","title":{"rendered":"CALZADO CASUAL MASCULINO NIKE AIR MAX 90 RECRAFT"},"content":{"rendered":"<p><img loading=\"lazy\" decoding=\"async\" class=\"\" src=\"https:\/\/1000marcas.net\/wp-content\/uploads\/2019\/11\/Logo-Nike.jpg\" alt=\"Logo de Nike: la historia y el significado del logotipo, la ...\" width=\"417\" height=\"234\" \/><\/p>\n<p><strong style=\"font-size: 22px\" data-start=\"4\" data-end=\"59\">Nike Air Max 90 \u2013 Comodidad y Herencia en Cada Paso<\/strong><\/p>\n<div class=\"flex flex-1 grow basis-auto flex-col overflow-hidden @container\/thread\">\n<div class=\"relative h-full\">\n<div class=\"flex h-full flex-col overflow-y-auto [scrollbar-gutter:stable]\">\n<div class=\"mt-1.5 flex flex-col text-sm md:pb-9\">\n<article class=\"w-full text-token-text-primary focus-visible:outline-2 focus-visible:outline-offset-[-4px]\" dir=\"auto\" data-testid=\"conversation-turn-27\" data-scroll-anchor=\"true\">\n<div class=\"text-base my-auto mx-auto py-[18px] px-6\">\n<div class=\"mx-auto flex flex-1 text-base gap-4 md:gap-5 lg:gap-6 md:max-w-3xl lg:max-w-[40rem] xl:max-w-[48rem]\">\n<div class=\"group\/conversation-turn relative flex w-full min-w-0 flex-col agent-turn @xs\/thread:px-0 @sm\/thread:px-1.5 @md\/thread:px-4\">\n<div class=\"flex-col gap-1 md:gap-3\">\n<div class=\"flex max-w-full flex-col flex-grow\">\n<div class=\"min-h-8 text-message relative flex w-full flex-col items-end gap-2 whitespace-normal break-words text-start [.text-message+&amp;]:mt-5\" dir=\"auto\" data-message-author-role=\"assistant\" data-message-id=\"bb84c8d2-3eff-47f9-9404-3521a2a26131\" data-message-model-slug=\"gpt-4o-mini\">\n<div class=\"flex w-full flex-col gap-1 empty:hidden first:pt-[3px]\">\n<div class=\"markdown prose w-full break-words dark:prose-invert light\">\n<p data-start=\"63\" data-end=\"473\"><span>El <\/span><strong data-start=\"66\" data-end=\"85\"><span>Nike Air Max 90<\/span><\/strong><span> es un verdadero icono que combina el estilo retro de los a\u00f1os 90 con la <\/span><strong data-start=\"158\" data-end=\"196\"><span>comodidad de la tecnolog\u00eda moderna<\/span><\/strong><span> . Fiel a sus ra\u00edces como calzado de <\/span><strong data-start=\"232\" data-end=\"243\"><span>running<\/span><\/strong><span> , ofrece una <\/span><strong data-start=\"256\" data-end=\"285\"><span>amortiguaci\u00f3n excepcional<\/span><\/strong><span> y un dise\u00f1o <\/span><strong data-start=\"298\" data-end=\"310\"><span>vers\u00e1til<\/span><\/strong><span> que se adapta perfectamente al d\u00eda a d\u00eda. Este modelo rinde homenaje a la <\/span><strong data-start=\"385\" data-end=\"405\"><span>herencia de Nike<\/span><\/strong><span> mientras te brinda el confort necesario para cualquier actividad.<\/span><\/p>\n<hr data-start=\"475\" data-end=\"480\" \/>\n<h3 data-start=\"482\" data-end=\"519\"><strong data-start=\"486\" data-end=\"517\"><span>Caracter\u00edsticas principales<\/span><\/strong><\/h3>\n<p data-start=\"521\" data-end=\"794\"><span>\u2705 <\/span><strong data-start=\"523\" data-end=\"556\"><span>Comodidad de Alto Rendimiento<\/span><\/strong><br data-start=\"556\" data-end=\"559\" \/><span> Equipado con una <\/span><strong data-start=\"576\" data-end=\"606\"><span>unidad Max Air en el tal\u00f3n<\/span><\/strong><span> , el Air Max 90 ofrece una <\/span><strong data-start=\"633\" data-end=\"660\"><span>amortiguaci\u00f3n incre\u00edble<\/span><\/strong><span> que se dise\u00f1\u00f3 originalmente para el funcionamiento de alto rendimiento, proporcionando una <\/span><strong data-start=\"745\" data-end=\"778\"><span>sensaci\u00f3n de suavidad y apoyo<\/span><\/strong><span> en cada paso.<\/span><\/p>\n<p data-start=\"796\" data-end=\"1032\"><span>\u2705 <\/span><strong data-start=\"798\" data-end=\"817\"><span>Estilo Vers\u00e1til<\/span><\/strong><br data-start=\"817\" data-end=\"820\" \/><span> Su dise\u00f1o de <\/span><strong data-start=\"833\" data-end=\"848\"><span>perfil bajo<\/span><\/strong><span> y <\/span><strong data-start=\"851\" data-end=\"871\"><span>cuello acolchado<\/span><\/strong><span> no solo le da un aspecto elegante y moderno, sino que tambi\u00e9n proporciona una comodidad adicional. Es perfecto para cualquier look, ya sea casual o deportivo.<\/span><\/p>\n<p data-start=\"1034\" data-end=\"1341\"><span>\u2705 <\/span><strong data-start=\"1036\" data-end=\"1060\"><span>Estilo Retro Ic\u00f3nico<\/span><\/strong><br data-start=\"1060\" data-end=\"1063\" \/><span> Los <\/span><strong data-start=\"1067\" data-end=\"1115\"><span>revestimientos cosidos y los detalles de TPU<\/span><\/strong><span> son elementos distintivos que garantizan durabilidad y una est\u00e9tica \u00fanica, rindiendo homenaje a los cl\u00e1sicos de los 90. Este estilo atemporal sigue siendo un favorito tanto para los amantes de la moda como para los atletas.<\/span><\/p>\n<p data-start=\"1343\" data-end=\"1545\"><span>\u2705 <\/span><strong data-start=\"1345\" data-end=\"1379\"><span>Durabilidad y Agarre Mejorados<\/span><\/strong><br data-start=\"1379\" data-end=\"1382\" \/><span> La <\/span><strong data-start=\"1385\" data-end=\"1413\"><span>suela de goma tipo wafle<\/span><\/strong><span> proporciona <\/span><strong data-start=\"1426\" data-end=\"1452\"><span>tracci\u00f3n y durabilidad<\/span><\/strong><span> , ideal para el uso diario, asegurando que tengas un buen agarre en diferentes superficies.<\/span><\/p>\n<p data-start=\"1547\" data-end=\"1746\"><span>\u2705 <\/span><strong data-start=\"1549\" data-end=\"1571\"><span>Materiales Premium<\/span><\/strong><br data-start=\"1571\" data-end=\"1574\" \/><span> La parte superior de <\/span><strong data-start=\"1595\" data-end=\"1631\"><span>tela, cuero y material sint\u00e9tico<\/span><\/strong><span> garantiza <\/span><strong data-start=\"1642\" data-end=\"1676\"><span>resistencia y transpirabilidad<\/span><\/strong><span> , mientras que la <\/span><strong data-start=\"1694\" data-end=\"1718\"><span>entresuela de espuma<\/span><\/strong><span> a\u00f1ade comodidad y ligereza.<\/span><\/p>\n<hr data-start=\"1748\" data-end=\"1753\" \/>\n<h3 data-start=\"1755\" data-end=\"1783\"><strong data-start=\"1759\" data-end=\"1781\"><span>Datos del Producto<\/span><\/strong><\/h3>\n<p data-start=\"1784\" data-end=\"2036\"><span>\ud83d\udccc <\/span><strong data-start=\"1787\" data-end=\"1798\"><span>Modelo:<\/span><\/strong><span> Nike Air Max 90 <\/span><br data-start=\"1814\" data-end=\"1817\" \/><span>\ud83d\udccc <\/span><strong data-start=\"1820\" data-end=\"1830\"><span>Color:<\/span><\/strong><span> Negro\/Negro\/Negro\/Negro <\/span><br data-start=\"1854\" data-end=\"1857\" \/><span>\ud83d\udccc <\/span><strong data-start=\"1860\" data-end=\"1875\"><span>Materiales:<\/span><\/strong><span> Parte superior de tela, cuero y material sint\u00e9tico <\/span><br data-start=\"1926\" data-end=\"1929\" \/><span>\ud83d\udccc <\/span><strong data-start=\"1932\" data-end=\"1947\"><span>Tecnolog\u00eda:<\/span><\/strong><span> Max Air para amortiguaci\u00f3n <\/span><br data-start=\"1974\" data-end=\"1977\" \/><span>\ud83d\udccc <\/span><strong data-start=\"1980\" data-end=\"1990\"><span>Suela:<\/span><\/strong><span> Goma tipo wafle <\/span><br data-start=\"2006\" data-end=\"2009\" \/><span>\ud83d\udccc <\/span><strong data-start=\"2012\" data-end=\"2023\"><span>Estilo:<\/span><\/strong><span> CN8490-003<\/span><\/p>\n<hr data-start=\"2038\" data-end=\"2043\" \/>\n<h3 data-start=\"2045\" data-end=\"2080\"><strong data-start=\"2049\" data-end=\"2078\"><span>Or\u00edgenes de las Nike Air Max<\/span><\/strong><\/h3>\n<p data-start=\"2081\" data-end=\"2420\"><span>La tecnolog\u00eda <\/span><strong data-start=\"2095\" data-end=\"2102\"><span>Air<\/span><\/strong><span> de Nike debut\u00f3 en 1978 y, en 1987, el <\/span><strong data-start=\"2141\" data-end=\"2154\"><span>Air Max 1<\/span><\/strong><span> revolucion\u00f3 el mundo del calzado deportivo con la tecnolog\u00eda Air visible en el tal\u00f3n. Desde entonces, la l\u00ednea <\/span><strong data-start=\"2266\" data-end=\"2277\"><span>Air Max<\/span><\/strong><span> ha sido sin\u00f3nimo de <\/span><strong data-start=\"2298\" data-end=\"2333\"><span>comodidad, rendimiento y estilo<\/span><\/strong><span> , convirti\u00e9ndose en una de las favoritas tanto de <\/span><strong data-start=\"2383\" data-end=\"2417\"><span>atletas como de coleccionistas<\/span><\/strong><span> .<\/span><\/p>\n<p data-start=\"2422\" data-end=\"2639\" data-is-last-node=\"\" data-is-only-node=\"\"><span>Si buscas un calzado con una <\/span><strong data-start=\"2451\" data-end=\"2528\"><span>combinaci\u00f3n perfecta entre estilo retro, comodidad superior y durabilidad<\/span><\/strong><span> , los <\/span><strong data-start=\"2534\" data-end=\"2553\"><span>Nike Air Max 90<\/span><\/strong><span> son una opci\u00f3n ideal. <\/span><strong data-start=\"2576\" data-end=\"2639\" data-is-last-node=\"\"><span>\u00a1Revive la leyenda y disfruta del legado Nike en cada paso.<\/span><\/strong><\/p>\n<\/div>\n<\/div>\n<\/div>\n<\/div>\n<\/div>\n<\/div>\n<\/div>\n<\/div>\n<\/article>\n<\/div>\n<\/div>\n<\/div>\n<\/div>\n","protected":false},"excerpt":{"rendered":"<p>Nike Air Max 90 \u2013 Comodidad y Herencia en Cada Paso El Nike Air Max 90 es un verdadero icono<\/p>\n","protected":false},"featured_media":76022,"comment_status":"open","ping_status":"closed","template":"","meta":{"nf_dc_page":""},"product_brand":[],"product_cat":[76],"product_tag":[],"class_list":{"0":"post-76021","1":"product","2":"type-product","3":"status-publish","4":"has-post-thumbnail","6":"product_cat-masculino","8":"first","9":"instock","10":"shipping-taxable","11":"purchasable","12":"product-type-simple"},"_links":{"self":[{"href":"https:\/\/brandss.com.py\/index\/wp-json\/wp\/v2\/product\/76021","targetHints":{"allow":["GET"]}}],"collection":[{"href":"https:\/\/brandss.com.py\/index\/wp-json\/wp\/v2\/product"}],"about":[{"href":"https:\/\/brandss.com.py\/index\/wp-json\/wp\/v2\/types\/product"}],"replies":[{"embeddable":true,"href":"https:\/\/brandss.com.py\/index\/wp-json\/wp\/v2\/comments?post=76021"}],"version-history":[{"count":1,"href":"https:\/\/brandss.com.py\/index\/wp-json\/wp\/v2\/product\/76021\/revisions"}],"predecessor-version":[{"id":76030,"href":"https:\/\/brandss.com.py\/index\/wp-json\/wp\/v2\/product\/76021\/revisions\/76030"}],"wp:featuredmedia":[{"embeddable":true,"href":"https:\/\/brandss.com.py\/index\/wp-json\/wp\/v2\/media\/76022"}],"wp:attachment":[{"href":"https:\/\/brandss.com.py\/index\/wp-json\/wp\/v2\/media?parent=76021"}],"wp:term":[{"taxonomy":"product_brand","embeddable":true,"href":"https:\/\/brandss.com.py\/index\/wp-json\/wp\/v2\/product_brand?post=76021"},{"taxonomy":"product_cat","embeddable":true,"href":"https:\/\/brandss.com.py\/index\/wp-json\/wp\/v2\/product_cat?post=76021"},{"taxonomy":"product_tag","embeddable":true,"href":"https:\/\/brandss.com.py\/index\/wp-json\/wp\/v2\/product_tag?post=76021"}],"curies":[{"name":"wp","href":"https:\/\/api.w.org\/{rel}","templated":true}]}}