{"id":76031,"date":"2025-03-13T16:37:15","date_gmt":"2025-03-13T16:37:15","guid":{"rendered":"https:\/\/brandss.com.py\/index\/?post_type=product&#038;p=76031"},"modified":"2025-03-13T16:37:30","modified_gmt":"2025-03-13T16:37:30","slug":"calzado-casual-masculino-nike-air-max-90-recraft-2","status":"publish","type":"product","link":"https:\/\/brandss.com.py\/index\/producto\/calzado-casual-masculino-nike-air-max-90-recraft-2\/","title":{"rendered":"CALZADO CASUAL MASCULINO NIKE AIR MAX 90 RECRAFT"},"content":{"rendered":"<p><img loading=\"lazy\" decoding=\"async\" class=\"\" src=\"https:\/\/1000marcas.net\/wp-content\/uploads\/2019\/11\/Logo-Nike.jpg\" alt=\"Logo de Nike: la historia y el significado del logotipo, la ...\" width=\"455\" height=\"256\" \/><\/p>\n<h3 data-start=\"0\" data-end=\"69\"><strong data-start=\"4\" data-end=\"67\"><span>Nike Air Max 90 \u2013 Comodidad, Estilo y Herencia en Cada Paso<\/span><\/strong><\/h3>\n<p data-start=\"71\" data-end=\"118\"><strong data-start=\"71\" data-end=\"116\"><span>Nada Tan Ligero, Tan C\u00f3modo, Tan Probado.<\/span><\/strong><\/p>\n<p data-start=\"120\" data-end=\"689\"><span>El <\/span><strong data-start=\"123\" data-end=\"142\"><span>Nike Air Max 90<\/span><\/strong><span> es m\u00e1s que un par de tenis; es una verdadera <\/span><strong data-start=\"188\" data-end=\"199\"><span>leyenda<\/span><\/strong><span> en el mundo del calzado deportivo. Este modelo sigue siendo un \u00edcono, manteni\u00e9ndose fiel a su <\/span><strong data-start=\"294\" data-end=\"324\"><span>dise\u00f1o original de running<\/span><\/strong><span> y la <\/span><strong data-start=\"330\" data-end=\"352\"><span>tecnolog\u00eda Air Max<\/span><\/strong><span> que lo hizo famoso desde su lanzamiento. Con una <\/span><strong data-start=\"402\" data-end=\"423\"><span>suela tipo waffle<\/span><\/strong><span> de alta durabilidad, <\/span><strong data-start=\"445\" data-end=\"471\"><span>revestimientos cosidos<\/span><\/strong><span> que aportan resistencia y estilo retro, y <\/span><strong data-start=\"514\" data-end=\"542\"><span>detalles cl\u00e1sicos de TPU<\/span><\/strong><span> , los Nike Air Max 90 no solo ofrecen una <\/span><strong data-start=\"584\" data-end=\"613\"><span>c\u00f3moda amortiguaci\u00f3n<\/span><\/strong><span> , sino que tambi\u00e9n celebran la <\/span><strong data-start=\"644\" data-end=\"664\"><span>herencia de Nike<\/span><\/strong><span> en el calzado deportivo.<\/span><\/p>\n<hr data-start=\"691\" data-end=\"694\" \/>\n<h3 data-start=\"696\" data-end=\"727\"><strong data-start=\"700\" data-end=\"725\"><span>Caracter\u00edsticas Clave<\/span><\/strong><\/h3>\n<p data-start=\"729\" data-end=\"1184\"><span>\u2705 <\/span><strong data-start=\"731\" data-end=\"764\"><span>Comodidad de Alto Rendimiento<\/span><\/strong><br data-start=\"764\" data-end=\"767\" \/><span> Equipados con la <\/span><strong data-start=\"784\" data-end=\"809\"><span>amortiguaci\u00f3n Max Air<\/span><\/strong><span> , los Air Max 90 est\u00e1n dise\u00f1ados para ofrecer un confort superior. Esta unidad de aire, visible en el tal\u00f3n, ha sido un componente esencial desde el lanzamiento del modelo original, brindando una <\/span><strong data-start=\"1005\" data-end=\"1030\"><span>sensaci\u00f3n de ligereza<\/span><\/strong><span> mientras absorbe el impacto de cada paso. Perfecto para quienes buscan rendimiento y comodidad tanto para actividades deportivas como para el uso diario.<\/span><\/p>\n<p data-start=\"1186\" data-end=\"1614\"><span>\u2705 <\/span><strong data-start=\"1188\" data-end=\"1216\"><span>Estilo Ic\u00f3nico de los 90<\/span><\/strong><br data-start=\"1216\" data-end=\"1219\" \/><span> El dise\u00f1o de los <\/span><strong data-start=\"1236\" data-end=\"1255\"><span>Nike Air Max 90<\/span><\/strong><span> est\u00e1 fuertemente inspirado en los <\/span><strong data-start=\"1290\" data-end=\"1312\"><span>cl\u00e1sicos de los 90<\/span><\/strong><span> , lo que lo convierte en una opci\u00f3n perfecta para aquellos que aprecian el estilo retro y buscan una <\/span><strong data-start=\"1413\" data-end=\"1434\"><span>silueta atemporal<\/span><\/strong><span> . Los detalles como los <\/span><strong data-start=\"1458\" data-end=\"1484\"><span>revestimientos cosidos<\/span><\/strong><span> y los <\/span><strong data-start=\"1491\" data-end=\"1510\"><span>detalles de TPU<\/span><\/strong><span> no solo a\u00f1aden <\/span><strong data-start=\"1526\" data-end=\"1541\"><span>resistencia<\/span><\/strong><span> , sino tambi\u00e9n un <\/span><strong data-start=\"1559\" data-end=\"1585\"><span>toque \u00fanico y duradero<\/span><\/strong><span> que resalta su autenticidad.<\/span><\/p>\n<p data-start=\"1616\" data-end=\"1994\"><span>\u2705 <\/span><strong data-start=\"1618\" data-end=\"1659\"><span>Suela Tipo Waffle para Mejor Tracci\u00f3n<\/span><\/strong><br data-start=\"1659\" data-end=\"1662\" \/><span> La suela de goma con dise\u00f1o tipo waffle no solo a\u00f1ade un toque cl\u00e1sico, sino que tambi\u00e9n proporciona una <\/span><strong data-start=\"1767\" data-end=\"1791\"><span>tracci\u00f3n excepcional<\/span><\/strong><span> en todo tipo de superficies. Este dise\u00f1o es perfecto para quienes necesitan estabilidad y <\/span><strong data-start=\"1882\" data-end=\"1899\"><span>agarre seguro<\/span><\/strong><span> en cada paso, ya sea que est\u00e9s caminando por la ciudad o realizando actividades m\u00e1s din\u00e1micas.<\/span><\/p>\n<p data-start=\"1996\" data-end=\"2382\"><span>\u2705 <\/span><strong data-start=\"1998\" data-end=\"2036\"><span>Construcci\u00f3n Duradera y Resistente<\/span><\/strong><br data-start=\"2036\" data-end=\"2039\" \/><span> La parte superior est\u00e1 construida con <\/span><strong data-start=\"2077\" data-end=\"2107\"><span>materiales de alta calidad<\/span><\/strong><span> , incluyendo una mezcla de <\/span><strong data-start=\"2134\" data-end=\"2174\"><span>cuero, malla y materiales sint\u00e9ticos<\/span><\/strong><span> , lo que asegura una <\/span><strong data-start=\"2195\" data-end=\"2225\"><span>gran durabilidad y confort<\/span><\/strong><span> . Los <\/span><strong data-start=\"2231\" data-end=\"2251\"><span>detalles cosidos<\/span><\/strong><span> y el <\/span><strong data-start=\"2257\" data-end=\"2280\"><span>TPU en puntos clave<\/span><\/strong><span> refuerzan la estructura del zapato, asegurando que resista el uso diario mientras mantiene su estilo.<\/span><\/p>\n<p data-start=\"2384\" data-end=\"2774\"><span>\u2705 <\/span><strong data-start=\"2386\" data-end=\"2418\"><span>Versatilidad y Estilo Fresco<\/span><\/strong><br data-start=\"2418\" data-end=\"2421\" \/><span> El Nike Air Max 90 es un calzado <\/span><strong data-start=\"2454\" data-end=\"2466\"><span>vers\u00e1til<\/span><\/strong><span> que se adapta f\u00e1cilmente a diferentes estilos, desde looks m\u00e1s deportivos hasta combinaciones urbanas y casuales. Los colores cl\u00e1sicos del modelo, especialmente en su <\/span><strong data-start=\"2634\" data-end=\"2654\"><span>versi\u00f3n en negro<\/span><\/strong><span> , hacen que el Air Max 90 sea f\u00e1cil de combinar, mientras que su <\/span><strong data-start=\"2719\" data-end=\"2735\"><span>estilo retro<\/span><\/strong><span> asegura que siempre estar\u00e1s a la moda.<\/span><\/p>\n<hr data-start=\"2776\" data-end=\"2779\" \/>\n<h3 data-start=\"2781\" data-end=\"2812\"><strong data-start=\"2785\" data-end=\"2810\"><span>Detalles del producto<\/span><\/strong><\/h3>\n<p data-start=\"2813\" data-end=\"3150\"><span>\ud83d\udccc <\/span><strong data-start=\"2816\" data-end=\"2831\"><span>Referencia:<\/span><\/strong><span> CN8490-100 <\/span><br data-start=\"2842\" data-end=\"2845\" \/><span>\ud83d\udccc <\/span><strong data-start=\"2848\" data-end=\"2858\"><span>Color:<\/span><\/strong><span> Negro\/Negro\/Negro\/Negro <\/span><br data-start=\"2882\" data-end=\"2885\" \/><span>\ud83d\udccc <\/span><strong data-start=\"2888\" data-end=\"2903\"><span>Materiales:<\/span><\/strong><span> Parte superior de <\/span><strong data-start=\"2922\" data-end=\"2931\"><span>cuero<\/span><\/strong><span> , <\/span><strong data-start=\"2933\" data-end=\"2942\"><span>malla<\/span><\/strong><span> y <\/span><strong data-start=\"2945\" data-end=\"2967\"><span>material sint\u00e9tico<\/span><\/strong><br data-start=\"2967\" data-end=\"2970\" \/><span> \ud83d\udccc <\/span><strong data-start=\"2973\" data-end=\"2988\"><span>Tecnolog\u00eda: <\/span><\/strong> <strong data-start=\"2989\" data-end=\"3000\"><span>Max Air<\/span><\/strong><span> para amortiguaci\u00f3n <\/span><br data-start=\"3019\" data-end=\"3022\" \/><span>\ud83d\udccc <\/span><strong data-start=\"3025\" data-end=\"3035\"><span>Suela:<\/span><\/strong><span> Goma tipo waffle para tracci\u00f3n y durabilidad <\/span><br data-start=\"3080\" data-end=\"3083\" \/><span>\ud83d\udccc <\/span><strong data-start=\"3086\" data-end=\"3097\"><span>Estilo:<\/span><\/strong><span> Deportivo y Lifestyle <\/span><br data-start=\"3119\" data-end=\"3122\" \/><span>\ud83d\udccc <\/span><strong data-start=\"3125\" data-end=\"3136\"><span>Ajuste:<\/span><\/strong><span> A la medida<\/span><\/p>\n<hr data-start=\"3152\" data-end=\"3155\" \/>\n<h3 data-start=\"3157\" data-end=\"3193\"><strong data-start=\"3161\" data-end=\"3191\"><span>El origen de las Nike Air Max<\/span><\/strong><\/h3>\n<p data-start=\"3194\" data-end=\"3742\"><span>La tecnolog\u00eda <\/span><strong data-start=\"3208\" data-end=\"3215\"><span>Air<\/span><\/strong><span> de Nike revolucion\u00f3 la industria del calzado deportivo cuando fue lanzada en 1978. El primer modelo con la unidad <\/span><strong data-start=\"3330\" data-end=\"3345\"><span>Air visible<\/span><\/strong><span> fue el <\/span><strong data-start=\"3353\" data-end=\"3366\"><span>Air Max 1<\/span><\/strong><span> , lanzado en 1987, y desde entonces, la l\u00ednea <\/span><strong data-start=\"3412\" data-end=\"3423\"><span>Air Max<\/span><\/strong><span> ha seguido evolucionando, con el <\/span><strong data-start=\"3457\" data-end=\"3471\"><span>Air Max 90<\/span><\/strong><span> siendo uno de sus modelos m\u00e1s representativos. Con cada versi\u00f3n, Nike ha perfeccionado el dise\u00f1o y la tecnolog\u00eda, manteniendo siempre la <\/span><strong data-start=\"3609\" data-end=\"3634\"><span>sensaci\u00f3n de ligereza<\/span><\/strong><span> y <\/span><strong data-start=\"3637\" data-end=\"3650\"><span>comodidad<\/span><\/strong><span> que hicieron este modelo un favorito de los atletas y los fan\u00e1ticos de la moda por igual.<\/span><\/p>\n","protected":false},"excerpt":{"rendered":"<p>Nike Air Max 90 \u2013 Comodidad, Estilo y Herencia en Cada Paso Nada Tan Ligero, Tan C\u00f3modo, Tan Probado. El<\/p>\n","protected":false},"featured_media":76032,"comment_status":"open","ping_status":"closed","template":"","meta":{"nf_dc_page":""},"product_brand":[],"product_cat":[76],"product_tag":[],"class_list":{"0":"post-76031","1":"product","2":"type-product","3":"status-publish","4":"has-post-thumbnail","6":"product_cat-masculino","8":"first","9":"instock","10":"shipping-taxable","11":"purchasable","12":"product-type-simple"},"_links":{"self":[{"href":"https:\/\/brandss.com.py\/index\/wp-json\/wp\/v2\/product\/76031","targetHints":{"allow":["GET"]}}],"collection":[{"href":"https:\/\/brandss.com.py\/index\/wp-json\/wp\/v2\/product"}],"about":[{"href":"https:\/\/brandss.com.py\/index\/wp-json\/wp\/v2\/types\/product"}],"replies":[{"embeddable":true,"href":"https:\/\/brandss.com.py\/index\/wp-json\/wp\/v2\/comments?post=76031"}],"version-history":[{"count":1,"href":"https:\/\/brandss.com.py\/index\/wp-json\/wp\/v2\/product\/76031\/revisions"}],"predecessor-version":[{"id":76038,"href":"https:\/\/brandss.com.py\/index\/wp-json\/wp\/v2\/product\/76031\/revisions\/76038"}],"wp:featuredmedia":[{"embeddable":true,"href":"https:\/\/brandss.com.py\/index\/wp-json\/wp\/v2\/media\/76032"}],"wp:attachment":[{"href":"https:\/\/brandss.com.py\/index\/wp-json\/wp\/v2\/media?parent=76031"}],"wp:term":[{"taxonomy":"product_brand","embeddable":true,"href":"https:\/\/brandss.com.py\/index\/wp-json\/wp\/v2\/product_brand?post=76031"},{"taxonomy":"product_cat","embeddable":true,"href":"https:\/\/brandss.com.py\/index\/wp-json\/wp\/v2\/product_cat?post=76031"},{"taxonomy":"product_tag","embeddable":true,"href":"https:\/\/brandss.com.py\/index\/wp-json\/wp\/v2\/product_tag?post=76031"}],"curies":[{"name":"wp","href":"https:\/\/api.w.org\/{rel}","templated":true}]}}