{"id":76058,"date":"2025-03-13T17:16:27","date_gmt":"2025-03-13T17:16:27","guid":{"rendered":"https:\/\/brandss.com.py\/index\/?post_type=product&#038;p=76058"},"modified":"2025-03-13T17:17:04","modified_gmt":"2025-03-13T17:17:04","slug":"calzado-casual-masculino-jordan-12-retro-taxi-flip","status":"publish","type":"product","link":"https:\/\/brandss.com.py\/index\/producto\/calzado-casual-masculino-jordan-12-retro-taxi-flip\/","title":{"rendered":"CALZADO CASUAL MASCULINO JORDAN 12 RETRO TAXI FLIP"},"content":{"rendered":"<p><strong><img loading=\"lazy\" decoding=\"async\" class=\"\" src=\"https:\/\/1000marcas.net\/wp-content\/uploads\/2020\/01\/Air-Jordan-simbolo.jpg\" alt=\"Air Jordan Logo - s\u00edmbolo, significado logotipo, historia, PNG\" width=\"496\" height=\"279\" \/><\/strong><\/p>\n<div class=\"flex flex-1 grow basis-auto flex-col overflow-hidden @container\/thread\">\n<div class=\"relative h-full\">\n<div class=\"flex h-full flex-col overflow-y-auto [scrollbar-gutter:stable]\">\n<div class=\"mt-1.5 flex flex-col text-sm md:pb-9\">\n<article class=\"w-full text-token-text-primary focus-visible:outline-2 focus-visible:outline-offset-[-4px]\" dir=\"auto\" data-testid=\"conversation-turn-37\" data-scroll-anchor=\"true\">\n<div class=\"text-base my-auto mx-auto py-[18px] px-6\">\n<div class=\"mx-auto flex flex-1 text-base gap-4 md:gap-5 lg:gap-6 md:max-w-3xl lg:max-w-[40rem] xl:max-w-[48rem]\">\n<div class=\"group\/conversation-turn relative flex w-full min-w-0 flex-col agent-turn @xs\/thread:px-0 @sm\/thread:px-1.5 @md\/thread:px-4\">\n<div class=\"flex-col gap-1 md:gap-3\">\n<div class=\"flex max-w-full flex-col flex-grow\">\n<div class=\"min-h-8 text-message relative flex w-full flex-col items-end gap-2 whitespace-normal break-words text-start [.text-message+&amp;]:mt-5\" dir=\"auto\" data-message-author-role=\"assistant\" data-message-id=\"75ec6a85-34ab-41c1-aba9-7139155ac46e\" data-message-model-slug=\"gpt-4o\">\n<div class=\"flex w-full flex-col gap-1 empty:hidden first:pt-[3px]\">\n<div class=\"markdown prose w-full break-words dark:prose-invert light\">\n<h1 data-start=\"0\" data-end=\"57\"><strong data-start=\"4\" data-end=\"55\"><span>Air Jordan 12 &#8220;Red Taxi&#8221; \u2013 Un \u00cdcono Reinventado<\/span><\/strong><\/h1>\n<p data-start=\"59\" data-end=\"397\"><span>Las <\/span><strong data-start=\"63\" data-end=\"91\"><span>Air Jordan 12 &#8220;Red Taxi&#8221;<\/span><\/strong><span> llegan para cautivar a los entusiastas de las zapatillas con una <\/span><strong data-start=\"157\" data-end=\"183\"><span>reinterpretaci\u00f3n audaz<\/span><\/strong><span> del legendario modelo <\/span><strong data-start=\"206\" data-end=\"228\"><span>Air Jordan 12 Taxi<\/span><\/strong><span> . Este lanzamiento mantiene la esencia de su predecesor, pero incorpora una est\u00e9tica <\/span><strong data-start=\"313\" data-end=\"336\"><span>renovada y vibrante<\/span><\/strong><span> , logrando una fusi\u00f3n perfecta entre herencia y modernidad.<\/span><\/p>\n<p data-start=\"399\" data-end=\"703\"><span>Inspiradas en el legado de <\/span><strong data-start=\"426\" data-end=\"444\"><span>Michael Jordan<\/span><\/strong><span> y la rica historia de la l\u00ednea <\/span><strong data-start=\"476\" data-end=\"490\"><span>Air Jordan<\/span><\/strong><span> , las &#8220;Red Taxi&#8221; conservan la ic\u00f3nica silueta del modelo original, mientras introducen <\/span><strong data-start=\"577\" data-end=\"606\"><span>nuevos detalles de dise\u00f1o<\/span><\/strong><span> que las convierten en un elemento esencial para los coleccionistas y fan\u00e1ticos del streetwear.<\/span><\/p>\n<hr data-start=\"705\" data-end=\"708\" \/>\n<h3 data-start=\"710\" data-end=\"735\"><strong data-start=\"714\" data-end=\"733\"><span>Dise\u00f1o y estilo<\/span><\/strong><\/h3>\n<p data-start=\"737\" data-end=\"1130\"><span>\u2705 <\/span><strong data-start=\"739\" data-end=\"767\"><span>Cuero de Primera Calidad<\/span><\/strong><br data-start=\"767\" data-end=\"770\" \/><span> La parte superior de las <\/span><strong data-start=\"795\" data-end=\"823\"><span>Air Jordan 12 &#8220;Red Taxi&#8221;<\/span><\/strong><span> est\u00e1 confeccionada en <\/span><strong data-start=\"846\" data-end=\"888\"><span>cuero blanco abatanado de alta calidad<\/span><\/strong><span> , proporcionando un acabado <\/span><strong data-start=\"916\" data-end=\"944\"><span>suave, elegante y lujoso<\/span><\/strong><span> . Este material premium no solo mejora la est\u00e9tica del calzado, sino que tambi\u00e9n garantiza <\/span><strong data-start=\"1035\" data-end=\"1064\"><span>durabilidad y resistencia<\/span><\/strong><span> , asegurando que cada paso se sienta con <\/span><strong data-start=\"1105\" data-end=\"1127\"><span>comodidad y estilo<\/span><\/strong><span> .<\/span><\/p>\n<p data-start=\"1132\" data-end=\"1499\"><span>\u2705 <\/span><strong data-start=\"1134\" data-end=\"1156\"><span>Contraste Din\u00e1mico<\/span><\/strong><br data-start=\"1156\" data-end=\"1159\" \/><span> El contraste entre el <\/span><strong data-start=\"1181\" data-end=\"1200\"><span>blanco impoluto<\/span><\/strong><span> de la parte superior y los detalles en <\/span><strong data-start=\"1240\" data-end=\"1261\"><span>negro texturizado<\/span><\/strong><span> en los guardabarros, el forro interior y el tal\u00f3n, crea un perfil <\/span><strong data-start=\"1328\" data-end=\"1355\"><span>c\u00f3modo y llamativo<\/span><\/strong><span> . Esta combinaci\u00f3n de colores no solo mantiene la esencia cl\u00e1sica del modelo original, sino que tambi\u00e9n <\/span><strong data-start=\"1459\" data-end=\"1480\"><span>realza la silueta<\/span><\/strong><span> de la zapatilla.<\/span><\/p>\n<p data-start=\"1501\" data-end=\"1861\"><span>\u2705 <\/span><strong data-start=\"1503\" data-end=\"1532\"><span>Detalles en Rojo Gimnasio<\/span><\/strong><br data-start=\"1532\" data-end=\"1535\" \/><span> Uno de los aspectos m\u00e1s destacados del dise\u00f1o de las &#8220;Red Taxi&#8221; son los <\/span><strong data-start=\"1607\" data-end=\"1644\"><span>ojales met\u00e1licos en Rojo Gimnasio<\/span><\/strong><span> , un gui\u00f1o al nombre del modelo. Estos elementos, junto con el <\/span><strong data-start=\"1707\" data-end=\"1770\"><span>logo Jumpman en la leng\u00fceta, la leng\u00fceta trasera y la suela<\/span><\/strong><span> , a\u00f1aden un <\/span><strong data-start=\"1782\" data-end=\"1800\"><span>toque vibrante<\/span><\/strong><span> que energiza el dise\u00f1o y le otorga un car\u00e1cter distintivo.<\/span><\/p>\n<p data-start=\"1863\" data-end=\"2246\"><span>\u2705 <\/span><strong data-start=\"1865\" data-end=\"1896\"><span>Suela y Cordones en Armon\u00eda<\/span><\/strong><br data-start=\"1896\" data-end=\"1899\" \/><span> Los <\/span><strong data-start=\"1903\" data-end=\"1934\"><span>cordones blancos impecables<\/span><\/strong><span> complementan perfectamente la parte superior, asegurando un look <\/span><strong data-start=\"2000\" data-end=\"2024\"><span>equilibrado y limpio<\/span><\/strong><span> . La <\/span><strong data-start=\"2029\" data-end=\"2044\"><span>suela negra<\/span><\/strong><span> , adem\u00e1s de proporcionar un acabado estilizado, ofrece una <\/span><strong data-start=\"2103\" data-end=\"2139\"><span>excelente tracci\u00f3n y durabilidad<\/span><\/strong><span> , manteniendo los altos est\u00e1ndares de rendimiento y comodidad que caracterizan a la l\u00ednea <\/span><strong data-start=\"2229\" data-end=\"2243\"><span>Air Jordan<\/span><\/strong><span> .<\/span><\/p>\n<hr data-start=\"2248\" data-end=\"2251\" \/>\n<h3 data-start=\"2253\" data-end=\"2287\"><strong data-start=\"2257\" data-end=\"2285\"><span>Caracter\u00edsticas T\u00e9cnicas<\/span><\/strong><\/h3>\n<p data-start=\"2289\" data-end=\"2697\"><span>\ud83d\udccc <\/span><strong data-start=\"2292\" data-end=\"2304\"><span>Silueta:<\/span><\/strong><span> Air Jordan 12 <\/span><br data-start=\"2318\" data-end=\"2321\" \/><span>\ud83d\udccc <\/span><strong data-start=\"2324\" data-end=\"2337\"><span>Material:<\/span><\/strong><span> Cuero abatanado premium <\/span><br data-start=\"2361\" data-end=\"2364\" \/><span>\ud83d\udccc <\/span><strong data-start=\"2367\" data-end=\"2379\"><span>Colores:<\/span><\/strong><span> Blanco, Negro y Rojo Gimnasio <\/span><br data-start=\"2409\" data-end=\"2412\" \/><span>\ud83d\udccc <\/span><strong data-start=\"2415\" data-end=\"2447\"><span>Ojalillos met\u00e1licos en rojo:<\/span><\/strong><span> Detalle ic\u00f3nico que resalta el dise\u00f1o <\/span><br data-start=\"2485\" data-end=\"2488\" \/><span>\ud83d\udccc <\/span><strong data-start=\"2491\" data-end=\"2509\"><span>Suela de goma:<\/span><\/strong><span> Tracci\u00f3n \u00f3ptima para mayor estabilidad y resistencia <\/span><br data-start=\"2562\" data-end=\"2565\" \/><span>\ud83d\udccc <\/span><strong data-start=\"2568\" data-end=\"2605\"><span>Logo Jumpman en leng\u00fceta y suela:<\/span><\/strong><span> Sello distintivo de la marca <\/span><br data-start=\"2634\" data-end=\"2637\" \/><span>\ud83d\udccc <\/span><strong data-start=\"2640\" data-end=\"2651\"><span>Ajuste:<\/span><\/strong><span> C\u00f3modo y seguro para uso casual o deportivo<\/span><\/p>\n<hr data-start=\"2699\" data-end=\"2702\" \/>\n<h3 data-start=\"2704\" data-end=\"2736\"><strong data-start=\"2708\" data-end=\"2734\"><span>Un Cl\u00e1sico Modernizado<\/span><\/strong><\/h3>\n<p data-start=\"2738\" data-end=\"3147\"><span>Las <\/span><strong data-start=\"2742\" data-end=\"2770\"><span>Air Jordan 12 &#8220;Red Taxi&#8221;<\/span><\/strong><span> no solo son una zapatilla de colecci\u00f3n, sino tambi\u00e9n una pieza que <\/span><strong data-start=\"2838\" data-end=\"2871\"><span>fusiona herencia y modernidad<\/span><\/strong><span> en un dise\u00f1o que <\/span><strong data-start=\"2889\" data-end=\"2918\"><span>atraer\u00e1 todas las miradas<\/span><\/strong><span> . Con un equilibrio perfecto entre <\/span><strong data-start=\"2953\" data-end=\"2988\"><span>comodidad, durabilidad y estilo<\/span><\/strong><span> , este modelo se consolida como una opci\u00f3n imprescindible tanto para <\/span><strong data-start=\"3057\" data-end=\"3144\"><span>los amantes del baloncesto como para los seguidores del streetwear y la moda urbana<\/span><\/strong><span> .<\/span><\/p>\n<p data-start=\"3149\" data-end=\"3296\"><span>Ya sea para complementar tu outfit diario o para agregar un <\/span><strong data-start=\"3208\" data-end=\"3251\"><span>toque premium a tu rotaci\u00f3n de zapatillas<\/span><\/strong><span> , las <\/span><strong data-start=\"3257\" data-end=\"3271\"><span>&#8220;Red Taxi&#8221;<\/span><\/strong><span> son la elecci\u00f3n ideal.<\/span><\/p>\n<p data-start=\"3298\" data-end=\"3395\" data-is-last-node=\"\" data-is-only-node=\"\"><strong data-start=\"3298\" data-end=\"3390\"><span>\u00a1No te quedes sin ellas y sum\u00e9rgete en la historia de Air Jordan con este nuevo cl\u00e1sico!<\/span><\/strong><span> \ud83c\udfc0\ud83d\udd25<\/span><\/p>\n<\/div>\n<\/div>\n<\/div>\n<\/div>\n<\/div>\n<\/div>\n<\/div>\n<\/div>\n<\/article>\n<\/div>\n<\/div>\n<\/div>\n<\/div>\n<p>&nbsp;<\/p>\n","protected":false},"excerpt":{"rendered":"<p>Air Jordan 12 &#8220;Red Taxi&#8221; \u2013 Un \u00cdcono Reinventado Las Air Jordan 12 &#8220;Red Taxi&#8221; llegan para cautivar a los<\/p>\n","protected":false},"featured_media":76060,"comment_status":"open","ping_status":"closed","template":"","meta":{"nf_dc_page":""},"product_brand":[],"product_cat":[76],"product_tag":[],"class_list":{"0":"post-76058","1":"product","2":"type-product","3":"status-publish","4":"has-post-thumbnail","6":"product_cat-masculino","8":"first","9":"instock","10":"shipping-taxable","11":"purchasable","12":"product-type-simple"},"_links":{"self":[{"href":"https:\/\/brandss.com.py\/index\/wp-json\/wp\/v2\/product\/76058","targetHints":{"allow":["GET"]}}],"collection":[{"href":"https:\/\/brandss.com.py\/index\/wp-json\/wp\/v2\/product"}],"about":[{"href":"https:\/\/brandss.com.py\/index\/wp-json\/wp\/v2\/types\/product"}],"replies":[{"embeddable":true,"href":"https:\/\/brandss.com.py\/index\/wp-json\/wp\/v2\/comments?post=76058"}],"version-history":[{"count":1,"href":"https:\/\/brandss.com.py\/index\/wp-json\/wp\/v2\/product\/76058\/revisions"}],"predecessor-version":[{"id":76066,"href":"https:\/\/brandss.com.py\/index\/wp-json\/wp\/v2\/product\/76058\/revisions\/76066"}],"wp:featuredmedia":[{"embeddable":true,"href":"https:\/\/brandss.com.py\/index\/wp-json\/wp\/v2\/media\/76060"}],"wp:attachment":[{"href":"https:\/\/brandss.com.py\/index\/wp-json\/wp\/v2\/media?parent=76058"}],"wp:term":[{"taxonomy":"product_brand","embeddable":true,"href":"https:\/\/brandss.com.py\/index\/wp-json\/wp\/v2\/product_brand?post=76058"},{"taxonomy":"product_cat","embeddable":true,"href":"https:\/\/brandss.com.py\/index\/wp-json\/wp\/v2\/product_cat?post=76058"},{"taxonomy":"product_tag","embeddable":true,"href":"https:\/\/brandss.com.py\/index\/wp-json\/wp\/v2\/product_tag?post=76058"}],"curies":[{"name":"wp","href":"https:\/\/api.w.org\/{rel}","templated":true}]}}