{"id":76059,"date":"2025-03-13T17:24:45","date_gmt":"2025-03-13T17:24:45","guid":{"rendered":"https:\/\/brandss.com.py\/index\/?post_type=product&#038;p=76059"},"modified":"2025-03-13T17:25:34","modified_gmt":"2025-03-13T17:25:34","slug":"calzado-deportivo-masculino-nike-ultrafly-trail-racing","status":"publish","type":"product","link":"https:\/\/brandss.com.py\/index\/producto\/calzado-deportivo-masculino-nike-ultrafly-trail-racing\/","title":{"rendered":"CALZADO DEPORTIVO MASCULINO NIKE ULTRAFLY TRAIL RACING"},"content":{"rendered":"<p><img loading=\"lazy\" decoding=\"async\" class=\"\" src=\"https:\/\/i0.wp.com\/www.vectorizando.com\/wp-content\/uploads\/2021\/05\/nike-logo-738b64ca.png?fit=500%2C500&amp;ssl=1\" alt=\"Nike logo 2025 | \u2713 Los mejores logos vectorizados\" width=\"88\" height=\"88\" \/><\/p>\n<h1>ULTRAFLY TRAIL RACING<\/h1>\n<div class=\"experience-component experience-productText\">\n<div class=\"product-text-wrapper hide-empty  \">\n<div class=\"product-text-content     \">\n<div class=\"product-text  released    \" data-product-field=\"longDescription\">\n<div class=\"pi-tier3\">\n<div class=\"pi-pdpmainbody\">\n<p>Muestra tus mejores habilidades monta\u00f1osas cuando el sendero frente a ti es resbaladizo e incierto. Nuestro nuevo calzado de campeonato para carreras en senderos fusiona nuestros mejores componentes de velocidad del mundo del running con lo que necesitas para ser la primera persona en cruzar la l\u00ednea de meta. Ofrece un rendimiento m\u00e1ximo, velocidad impecable y resistencia para quienes quieren alcanzar la cumbre del parque de la naturaleza.<img loading=\"lazy\" decoding=\"async\" class=\"alignleft\" src=\"https:\/\/i1.t4s.cz\/\/products\/dx1978-100\/nike-ultrafly-628846-dx1978-107-960.webp\" width=\"476\" height=\"476\" \/><\/p>\n<p><b>Velocidad en el sendero<\/b><\/p>\n<p>Por primera vez en Nike Trail Running, implementamos una placa de carbono Flyplate en capas entre la espuma ZoomX y la entresuela encapsulada en tejido Knit para brindar energ\u00eda propulsora y elasticidad. Mantiene la frescura para seguir desafiando los l\u00edmites de la velocidad, no importa que est\u00e9s en el kil\u00f3metro 1 o en el 50.<\/p>\n<p><b>Tracci\u00f3n para distintas condiciones<\/b><\/p>\n<p>M\u00e1s delgada y m\u00e1s ligera que una suela tradicional, la suela Vibram cuenta con una goma adherente que funciona con un patr\u00f3n gr\u00e1fico de resalte de dise\u00f1o de chevr\u00f3n para proporcionar agarre tanto en escaladas cuesta arriba como en descensos cuesta abajo, incluso en climas h\u00famedos.<\/p>\n<p><b>Estabilidad en el sendero<\/b><\/p>\n<p>La parte inferior plana y el balanc\u00edn cruzado y minimizado brindan una estabilidad \u00f3ptima en los senderos; el balanc\u00edn del tal\u00f3n a la punta ofrece una transici\u00f3n suave. Las zonas de soporte espec\u00edficamente dise\u00f1adas de forma avanzada en el mediopi\u00e9 brindan seguridad y ligereza mientras recorres el sendero a paso veloz.<\/p>\n<p><img loading=\"lazy\" decoding=\"async\" class=\"alignright\" src=\"https:\/\/i1.t4s.cz\/\/products\/dx1978-100\/nike-ultrafly-628846-dx1978-106-960.webp\" width=\"543\" height=\"543\" \/><br \/>\n<b>Durabilidad donde la necesitas<\/b><\/p>\n<p>La envoltura de tela en la entresuela ayuda a amortiguar la espuma del clima y la abrasi\u00f3n de estar en los senderos. Los materiales resistentes a la abrasi\u00f3n brindan durabilidad.<\/p>\n<p><b>M\u00e1s beneficios<\/b><\/p>\n<ul>\n<li>La malla VaporWeave en la parte superior ofrece transpirabilidad.<\/li>\n<li>La entresuela de espuma aporta amortiguaci\u00f3n.<\/li>\n<\/ul>\n<p><b>Datos del producto<\/b><\/p>\n<ul>\n<li>Este producto no est\u00e1 dise\u00f1ado para usarse como equipo de protecci\u00f3n personal (EPP).<\/li>\n<li>Color: Blanco\/Total Orange\/Pale Ivory\/Negro.<\/li>\n<li>Modelo: DX1978-100.<\/li>\n<\/ul>\n<\/div>\n<\/div>\n<\/div>\n<\/div>\n<\/div>\n<\/div>\n","protected":false},"excerpt":{"rendered":"<p>ULTRAFLY TRAIL RACING Muestra tus mejores habilidades monta\u00f1osas cuando el sendero frente a ti es resbaladizo e incierto. Nuestro nuevo<\/p>\n","protected":false},"featured_media":76067,"comment_status":"open","ping_status":"closed","template":"","meta":{"nf_dc_page":""},"product_brand":[],"product_cat":[76],"product_tag":[],"class_list":{"0":"post-76059","1":"product","2":"type-product","3":"status-publish","4":"has-post-thumbnail","6":"product_cat-masculino","8":"first","9":"instock","10":"shipping-taxable","11":"purchasable","12":"product-type-simple"},"_links":{"self":[{"href":"https:\/\/brandss.com.py\/index\/wp-json\/wp\/v2\/product\/76059","targetHints":{"allow":["GET"]}}],"collection":[{"href":"https:\/\/brandss.com.py\/index\/wp-json\/wp\/v2\/product"}],"about":[{"href":"https:\/\/brandss.com.py\/index\/wp-json\/wp\/v2\/types\/product"}],"replies":[{"embeddable":true,"href":"https:\/\/brandss.com.py\/index\/wp-json\/wp\/v2\/comments?post=76059"}],"version-history":[{"count":1,"href":"https:\/\/brandss.com.py\/index\/wp-json\/wp\/v2\/product\/76059\/revisions"}],"predecessor-version":[{"id":76077,"href":"https:\/\/brandss.com.py\/index\/wp-json\/wp\/v2\/product\/76059\/revisions\/76077"}],"wp:featuredmedia":[{"embeddable":true,"href":"https:\/\/brandss.com.py\/index\/wp-json\/wp\/v2\/media\/76067"}],"wp:attachment":[{"href":"https:\/\/brandss.com.py\/index\/wp-json\/wp\/v2\/media?parent=76059"}],"wp:term":[{"taxonomy":"product_brand","embeddable":true,"href":"https:\/\/brandss.com.py\/index\/wp-json\/wp\/v2\/product_brand?post=76059"},{"taxonomy":"product_cat","embeddable":true,"href":"https:\/\/brandss.com.py\/index\/wp-json\/wp\/v2\/product_cat?post=76059"},{"taxonomy":"product_tag","embeddable":true,"href":"https:\/\/brandss.com.py\/index\/wp-json\/wp\/v2\/product_tag?post=76059"}],"curies":[{"name":"wp","href":"https:\/\/api.w.org\/{rel}","templated":true}]}}