{"id":76107,"date":"2025-03-13T18:38:14","date_gmt":"2025-03-13T18:38:14","guid":{"rendered":"https:\/\/brandss.com.py\/index\/?post_type=product&#038;p=76107"},"modified":"2025-07-14T10:12:55","modified_gmt":"2025-07-14T10:12:55","slug":"calzado-deportivo-masculino-nike-sfb-b1-botas-tacticas","status":"publish","type":"product","link":"https:\/\/brandss.com.py\/index\/producto\/calzado-deportivo-masculino-nike-sfb-b1-botas-tacticas\/","title":{"rendered":"CALZADO DEPORTIVO MASCULINO NIKE SFB B1 TACTICAL"},"content":{"rendered":"<p><img loading=\"lazy\" decoding=\"async\" class=\"\" src=\"https:\/\/i0.wp.com\/www.vectorizando.com\/wp-content\/uploads\/2021\/05\/nike-logo-738b64ca.png?fit=500%2C500&amp;ssl=1\" alt=\"Nike logo 2025 | \u2713 Los mejores logos vectorizados\" width=\"78\" height=\"78\" \/><\/p>\n<h1>SFB B1 TACTICAL<\/h1>\n<p dir=\"ltr\">Eleva tu juego de calzado con estas botas Nike SFB B1 de 8&#8243;. Dise\u00f1adas para hombres, estas botas cuentan con un estilo de ca\u00f1a de zapato alta y un cierre con cordones para un ajuste c\u00f3modo y seguro. El material superior de cuero negro y el patr\u00f3n s\u00f3lido exudan un atractivo elegante y atemporal, mientras que los acentos del logotipo de Nike agregan un toque de prestigio de marca.<\/p>\n<p dir=\"ltr\">Ideal para varias ocasiones, incluyendo ropa deportiva, ropa de trabajo casual y operaciones t\u00e1cticas, estas botas cuentan con una gama de caracter\u00edsticas tales como amortiguaci\u00f3n, dise\u00f1o de edici\u00f3n limitada y rendimiento. El material de la plantilla de espuma y el dise\u00f1o acolchado garantizan la comodidad, y la versatilidad de las botas las hace adecuadas para actividades de gimnasio y entrenamiento, caminatas, levantamiento de pesas, senderismo y operaciones militares. Las botas SFB B1 son una gran adici\u00f3n a tu colecci\u00f3n de zapatos.<\/p>\n<p>Fabricadas con cuero sint\u00e9tico duradero, las ligeras SFB B1 est\u00e1n dise\u00f1adas para ofrecer velocidad y flexibilidad en terrenos dif\u00edciles. Su suela flexible cuenta con un patr\u00f3n de tracci\u00f3n agresivo (y goma adherente) para un agarre en m\u00faltiples superficies y un escudo interno contra rocas para prevenir pinchazos. La amortiguaci\u00f3n Nike Air en el tal\u00f3n ofrece comodidad de alto rendimiento sin importar ad\u00f3nde te lleve tu aventura.<\/p>\n<p><strong>Caracter\u00edsticas:<\/strong><\/p>\n<ul>\n<li>8&#8243; de altura<\/li>\n<li>El cuero sint\u00e9tico proporciona durabilidad y transpirabilidad.<\/li>\n<li>La amortiguaci\u00f3n Nike Air en el tal\u00f3n te brinda comodidad para que puedas concentrarte en el viaje que tienes por delante.<\/li>\n<li>El cord\u00f3n de doble zona se integra con un sistema de correas duradero para lograr una mayor estabilidad y un ajuste firme.<\/li>\n<li>Los puertos de ventilaci\u00f3n en los laterales ayudan a mantener el pie fresco.<\/li>\n<li>Las costuras reforzadas y la goma en la puntera a\u00f1aden durabilidad.<\/li>\n<li>La entresuela de espuma proporciona una amortiguaci\u00f3n ligera.<\/li>\n<li>El protector de roca interno ayuda a prevenir perforaciones y reducir la presi\u00f3n.<\/li>\n<li>La suela de goma con tal\u00f3n reforzado ofrece tracci\u00f3n duradera en una variedad de superficies.<\/li>\n<li>Las ranuras flexibles poco profundas est\u00e1n ubicadas anat\u00f3micamente para permitir que su pie se mueva de forma natural y evitar que se adhieran residuos.<\/li>\n<li>Plantilla extra\u00edble.<\/li>\n<li>Modelo: DX2117-001<\/li>\n<\/ul>\n","protected":false},"excerpt":{"rendered":"<p>SFB B1 TACTICAL Eleva tu juego de calzado con estas botas Nike SFB B1 de 8&#8243;. Dise\u00f1adas para hombres, estas<\/p>\n","protected":false},"featured_media":76108,"comment_status":"open","ping_status":"closed","template":"","meta":{"nf_dc_page":""},"product_brand":[],"product_cat":[76],"product_tag":[],"class_list":{"0":"post-76107","1":"product","2":"type-product","3":"status-publish","4":"has-post-thumbnail","6":"product_cat-masculino","8":"first","9":"instock","10":"shipping-taxable","11":"purchasable","12":"product-type-simple"},"_links":{"self":[{"href":"https:\/\/brandss.com.py\/index\/wp-json\/wp\/v2\/product\/76107","targetHints":{"allow":["GET"]}}],"collection":[{"href":"https:\/\/brandss.com.py\/index\/wp-json\/wp\/v2\/product"}],"about":[{"href":"https:\/\/brandss.com.py\/index\/wp-json\/wp\/v2\/types\/product"}],"replies":[{"embeddable":true,"href":"https:\/\/brandss.com.py\/index\/wp-json\/wp\/v2\/comments?post=76107"}],"version-history":[{"count":2,"href":"https:\/\/brandss.com.py\/index\/wp-json\/wp\/v2\/product\/76107\/revisions"}],"predecessor-version":[{"id":76117,"href":"https:\/\/brandss.com.py\/index\/wp-json\/wp\/v2\/product\/76107\/revisions\/76117"}],"wp:featuredmedia":[{"embeddable":true,"href":"https:\/\/brandss.com.py\/index\/wp-json\/wp\/v2\/media\/76108"}],"wp:attachment":[{"href":"https:\/\/brandss.com.py\/index\/wp-json\/wp\/v2\/media?parent=76107"}],"wp:term":[{"taxonomy":"product_brand","embeddable":true,"href":"https:\/\/brandss.com.py\/index\/wp-json\/wp\/v2\/product_brand?post=76107"},{"taxonomy":"product_cat","embeddable":true,"href":"https:\/\/brandss.com.py\/index\/wp-json\/wp\/v2\/product_cat?post=76107"},{"taxonomy":"product_tag","embeddable":true,"href":"https:\/\/brandss.com.py\/index\/wp-json\/wp\/v2\/product_tag?post=76107"}],"curies":[{"name":"wp","href":"https:\/\/api.w.org\/{rel}","templated":true}]}}