{"id":76150,"date":"2025-03-14T12:52:29","date_gmt":"2025-03-14T12:52:29","guid":{"rendered":"https:\/\/brandss.com.py\/index\/?post_type=product&#038;p=76150"},"modified":"2025-07-07T18:03:18","modified_gmt":"2025-07-07T18:03:18","slug":"calzado-casual-masculino-nike-jordan-air-ship-pe-sp-x-a-ma-manierere","status":"publish","type":"product","link":"https:\/\/brandss.com.py\/index\/producto\/calzado-casual-masculino-nike-jordan-air-ship-pe-sp-x-a-ma-manierere\/","title":{"rendered":"CALZADO CASUAL MASCULINO NIKE JORDAN AIR SHIP PE SP X A MA MANI\u00c9RERE"},"content":{"rendered":"<p><img loading=\"lazy\" decoding=\"async\" class=\"\" src=\"https:\/\/i0.wp.com\/www.vectorizando.com\/wp-content\/uploads\/2021\/05\/nike-logo-738b64ca.png?fit=500%2C500&amp;ssl=1\" alt=\"Nike logo 2025 | \u2713 Los mejores logos vectorizados\" width=\"98\" height=\"98\" \/><\/p>\n<h1>JORDAN AIR SHIP PE SP X A MA MANI\u00c9RE<\/h1>\n<p>\u00a1Presentamos un elegante look monocrom\u00e1tico creado por &#8220;A MA MANI\u00c9RE&#8221;!<br \/>\nA MA MANI\u00c9RE ha colaborado con la marca Jordan con su exquisito sentido del estilo,\u00a0comenzando con\u00a0las AIR JORDAN 1\u00a0, y ha lanzado una fascinante l\u00ednea que incluye\u00a0las AIR JORDAN 2\u00a0y\u00a0las AIR JORDAN 3. En 2022, las\u00a0AIR SHIP, que\u00a0se lanzaron en 1984 como prototipo de las AJ 1, se te\u00f1ir\u00e1n\u00a0de\u00a0blanco y azul\u00a0y se lanzar\u00e1n en solo 2300 pares. Con su singular sentido est\u00e9tico, ha revitalizado la cultura de las zapatillas. Se ha lanzado un par de zapatos con un dise\u00f1o mon\u00f3tono que, seg\u00fan se rumorea, ser\u00e1 el \u00faltimo color. La parte superior est\u00e1 hecha de suave cuero blanco, y el swoosh que recorre el lateral, la suela exterior y las piezas del tobillo se ha cambiado a negro, creando un aut\u00e9ntico look bitono que rezuma el encanto de los a\u00f1os 80. La suela es\u00a0de\u00a0color vela, evocando un sabor vintage descolorido. A MA La simplicidad y belleza propias de &#8220;MANI\u00c9RE&#8221; contrasta con el panorama actual de las zapatillas, donde los modelos llamativos suelen llamar la atenci\u00f3n. Es probable que este par atraiga a los fans que valoran la autenticidad. <img loading=\"lazy\" decoding=\"async\" class=\"alignleft\" src=\"https:\/\/www.nicekicks.com\/files\/2023\/02\/a-ma-maniere-x-jordan-airship-dx4976-100.jpg\" width=\"654\" height=\"436\" \/><\/p>\n<p>Las Nike Jordan Air Ship PE SP x A Ma Mani\u00e9re White Black, con tonos monocrom\u00e1ticos aplicados a unos calzados de baloncesto cl\u00e1sicos, se han confeccionado en colaboraci\u00f3n con A Ma Mani\u00e9re, empresa con sede en Atlanta. El cuero blanco recubre los laterales, la puntera y los ojales, mientras que detalles negros en contraste aparecen en el Swoosh y la leng\u00fceta del tal\u00f3n. Con un cierre de cordones seguro y logotipos de marca compartida, eleva tu colecci\u00f3n con las Nike Jordan Air Ship PE SP x A Ma Mani\u00e9re White Black.<\/p>\n<dl class=\"css-1ct9a5c ezj5lns2\">\n<dt>Marca: Nike.<\/dt>\n<\/dl>\n<dl class=\"css-1ct9a5c ezj5lns2\">\n<dt>Modelo: DX4976-100.<\/dt>\n<\/dl>\n<dl class=\"css-1ct9a5c ezj5lns2\">\n<dt>G\u00e9nero: Masculino.<\/dt>\n<dt>Color: Blanco\/ Negro.<\/dt>\n<\/dl>\n","protected":false},"excerpt":{"rendered":"<p>JORDAN AIR SHIP PE SP X A MA MANI\u00c9RE \u00a1Presentamos un elegante look monocrom\u00e1tico creado por &#8220;A MA MANI\u00c9RE&#8221;! A<\/p>\n","protected":false},"featured_media":76151,"comment_status":"open","ping_status":"closed","template":"","meta":{"nf_dc_page":""},"product_brand":[],"product_cat":[76],"product_tag":[],"class_list":{"0":"post-76150","1":"product","2":"type-product","3":"status-publish","4":"has-post-thumbnail","6":"product_cat-masculino","8":"first","9":"outofstock","10":"shipping-taxable","11":"purchasable","12":"product-type-simple"},"_links":{"self":[{"href":"https:\/\/brandss.com.py\/index\/wp-json\/wp\/v2\/product\/76150","targetHints":{"allow":["GET"]}}],"collection":[{"href":"https:\/\/brandss.com.py\/index\/wp-json\/wp\/v2\/product"}],"about":[{"href":"https:\/\/brandss.com.py\/index\/wp-json\/wp\/v2\/types\/product"}],"replies":[{"embeddable":true,"href":"https:\/\/brandss.com.py\/index\/wp-json\/wp\/v2\/comments?post=76150"}],"version-history":[{"count":2,"href":"https:\/\/brandss.com.py\/index\/wp-json\/wp\/v2\/product\/76150\/revisions"}],"predecessor-version":[{"id":76166,"href":"https:\/\/brandss.com.py\/index\/wp-json\/wp\/v2\/product\/76150\/revisions\/76166"}],"wp:featuredmedia":[{"embeddable":true,"href":"https:\/\/brandss.com.py\/index\/wp-json\/wp\/v2\/media\/76151"}],"wp:attachment":[{"href":"https:\/\/brandss.com.py\/index\/wp-json\/wp\/v2\/media?parent=76150"}],"wp:term":[{"taxonomy":"product_brand","embeddable":true,"href":"https:\/\/brandss.com.py\/index\/wp-json\/wp\/v2\/product_brand?post=76150"},{"taxonomy":"product_cat","embeddable":true,"href":"https:\/\/brandss.com.py\/index\/wp-json\/wp\/v2\/product_cat?post=76150"},{"taxonomy":"product_tag","embeddable":true,"href":"https:\/\/brandss.com.py\/index\/wp-json\/wp\/v2\/product_tag?post=76150"}],"curies":[{"name":"wp","href":"https:\/\/api.w.org\/{rel}","templated":true}]}}