{"id":76167,"date":"2025-03-14T13:31:36","date_gmt":"2025-03-14T13:31:36","guid":{"rendered":"https:\/\/brandss.com.py\/index\/?post_type=product&#038;p=76167"},"modified":"2025-03-14T13:33:15","modified_gmt":"2025-03-14T13:33:15","slug":"calzado-deportivo-masculino-nike-air-zoom-flight-95","status":"publish","type":"product","link":"https:\/\/brandss.com.py\/index\/producto\/calzado-deportivo-masculino-nike-air-zoom-flight-95\/","title":{"rendered":"CALZADO DEPORTIVO MASCULINO NIKE AIR ZOOM FLIGHT 95"},"content":{"rendered":"<p><img loading=\"lazy\" decoding=\"async\" class=\"\" src=\"https:\/\/i0.wp.com\/www.vectorizando.com\/wp-content\/uploads\/2021\/05\/nike-logo-738b64ca.png?fit=500%2C500&amp;ssl=1\" alt=\"Nike logo 2025 | \u2713 Los mejores logos vectorizados\" width=\"152\" height=\"152\" \/><\/p>\n<h1>AIR ZOOM FLIGHT 95<\/h1>\n<p>\u00bfAlguna vez has tenido un d\u00e9j\u00e0 vu con tu calzado? Vuelve a uno de los primeros pares que populariz\u00f3 la tecnolog\u00eda Zoom Air y revive la revoluci\u00f3n del b\u00e1squetbol. Con sus l\u00edneas fluidas, sus detalles de cuero premium y los elementos futuristas al estilo &#8220;ojo de insecto&#8221;, el Air Zoom Flight 95 no es un sue\u00f1o, es tu boleto para atraer todas las miradas.<\/p>\n<p class=\"headline-2\" data-qa=\"product-title\">Color: Sail and Pale Ivory<\/p>\n<p>Modelo: DX5505-100<\/p>\n<p>&nbsp;<\/p>\n","protected":false},"excerpt":{"rendered":"<p>AIR ZOOM FLIGHT 95 \u00bfAlguna vez has tenido un d\u00e9j\u00e0 vu con tu calzado? Vuelve a uno de los primeros<\/p>\n","protected":false},"featured_media":76168,"comment_status":"open","ping_status":"closed","template":"","meta":{"nf_dc_page":""},"product_brand":[],"product_cat":[76],"product_tag":[],"class_list":{"0":"post-76167","1":"product","2":"type-product","3":"status-publish","4":"has-post-thumbnail","6":"product_cat-masculino","8":"first","9":"instock","10":"shipping-taxable","11":"purchasable","12":"product-type-simple"},"_links":{"self":[{"href":"https:\/\/brandss.com.py\/index\/wp-json\/wp\/v2\/product\/76167","targetHints":{"allow":["GET"]}}],"collection":[{"href":"https:\/\/brandss.com.py\/index\/wp-json\/wp\/v2\/product"}],"about":[{"href":"https:\/\/brandss.com.py\/index\/wp-json\/wp\/v2\/types\/product"}],"replies":[{"embeddable":true,"href":"https:\/\/brandss.com.py\/index\/wp-json\/wp\/v2\/comments?post=76167"}],"version-history":[{"count":1,"href":"https:\/\/brandss.com.py\/index\/wp-json\/wp\/v2\/product\/76167\/revisions"}],"predecessor-version":[{"id":76177,"href":"https:\/\/brandss.com.py\/index\/wp-json\/wp\/v2\/product\/76167\/revisions\/76177"}],"wp:featuredmedia":[{"embeddable":true,"href":"https:\/\/brandss.com.py\/index\/wp-json\/wp\/v2\/media\/76168"}],"wp:attachment":[{"href":"https:\/\/brandss.com.py\/index\/wp-json\/wp\/v2\/media?parent=76167"}],"wp:term":[{"taxonomy":"product_brand","embeddable":true,"href":"https:\/\/brandss.com.py\/index\/wp-json\/wp\/v2\/product_brand?post=76167"},{"taxonomy":"product_cat","embeddable":true,"href":"https:\/\/brandss.com.py\/index\/wp-json\/wp\/v2\/product_cat?post=76167"},{"taxonomy":"product_tag","embeddable":true,"href":"https:\/\/brandss.com.py\/index\/wp-json\/wp\/v2\/product_tag?post=76167"}],"curies":[{"name":"wp","href":"https:\/\/api.w.org\/{rel}","templated":true}]}}