{"id":76188,"date":"2025-03-14T14:44:43","date_gmt":"2025-03-14T14:44:43","guid":{"rendered":"https:\/\/brandss.com.py\/index\/?post_type=product&#038;p=76188"},"modified":"2025-07-02T11:04:03","modified_gmt":"2025-07-02T11:04:03","slug":"calzado-deportivo-masculino-nike-jordan-luka-2","status":"publish","type":"product","link":"https:\/\/brandss.com.py\/index\/producto\/calzado-deportivo-masculino-nike-jordan-luka-2\/","title":{"rendered":"CALZADO DEPORTIVO MASCULINO NIKE JORDAN LUKA 2"},"content":{"rendered":"<p><img loading=\"lazy\" decoding=\"async\" class=\"\" src=\"https:\/\/i0.wp.com\/www.vectorizando.com\/wp-content\/uploads\/2021\/05\/nike-logo-738b64ca.png?fit=500%2C500&amp;ssl=1\" alt=\"Nike logo 2025 | \u2713 Los mejores logos vectorizados\" width=\"174\" height=\"174\" \/><\/p>\n<h1>JORDAN LUKA 2<\/h1>\n<div class=\"experience-component experience-productText\">\n<div class=\"product-text-wrapper hide-empty  \">\n<div class=\"product-text-content     \">\n<div class=\"product-text  released    \" data-product-field=\"longDescription\">\n<div class=\"pi-tier3\">\n<div class=\"pi-pdpmainbody\">\n<p>T\u00fa pones la velocidad. Nosotros la estabilidad. El Luka 2 est\u00e1 dise\u00f1ado para apoyar tus habilidades, especialmente en los pasos atr\u00e1s, los pasos laterales y las paradas r\u00e1pidas. La entresuela apilada cuenta con una amortiguaci\u00f3n firme y flexible para ofrecer una mayor capacidad de respuesta al mismo tiempo que avanzas y retrocedes en la cancha. En la parte superior, el dise\u00f1o de la estructura que envuelve todo el pie ayuda a mantener la contenci\u00f3n, ya sea que hagas fintas a un defensa o que avances por el carril. Con toda esa tecnolog\u00eda en un paquete ligero, tenemos lo que necesitas para ser eficaz. El resto depende de ti.<\/p>\n<p><b>Amortiguaci\u00f3n para los impactos<\/b><\/p>\n<p>Cuando te desplazas de lado a lado, necesitas un soporte firme, pero no r\u00edgido. La cu\u00f1a de amortiguaci\u00f3n en la entresuela se contrapone al lateral de la zona media para que puedas inclinarte como un profesional, y una plantilla gruesa y moldeada te ayuda a mantenerte firme.<\/p>\n<p><b>Eficacia en el \u00faltimo paso<\/b><\/p>\n<p>\u00bfEl otro aspecto del movimiento lateral? Soporte lateral. Para ayudar a que tus paradas r\u00e1pidas se sientan seguras, agregamos una placa fuerte y flexible que recorre el lateral, complementada por un soporte de espuma firme y de espuma F\u00f3rmula 23 Foam en la entresuela.<\/p>\n<p><b>360 grados de soporte<\/b><\/p>\n<p>Una estructura resistente envuelve toda la parte superior para brindar un soporte conectado de 360 grados que ayuda los pies a mantener una contenci\u00f3n segura, sin importar en qu\u00e9 direcci\u00f3n pises o lo r\u00e1pido que te detengas.<\/p>\n<\/div>\n<\/div>\n<\/div>\n<\/div>\n<\/div>\n<\/div>\n<div class=\"experience-component experience-productText\">\n<div class=\"product-text-wrapper hide-empty  \">\n<div class=\"product-text-title\"><\/div>\n<div class=\"product-text-content  product-text-inline    \">\n<div class=\"product-text-label\">Color: Mango Brillante\/Verde Claro-Negro<\/div>\n<\/div>\n<\/div>\n<\/div>\n<div class=\"experience-component experience-productText\">\n<div class=\"product-text-wrapper hide-empty  \">\n<div class=\"product-text-content  product-text-inline    \">Modelo: DX8733-800<\/div>\n<\/div>\n<\/div>\n","protected":false},"excerpt":{"rendered":"<p>JORDAN LUKA 2 T\u00fa pones la velocidad. Nosotros la estabilidad. El Luka 2 est\u00e1 dise\u00f1ado para apoyar tus habilidades, especialmente<\/p>\n","protected":false},"featured_media":76189,"comment_status":"open","ping_status":"closed","template":"","meta":{"nf_dc_page":""},"product_brand":[],"product_cat":[76],"product_tag":[],"class_list":{"0":"post-76188","1":"product","2":"type-product","3":"status-publish","4":"has-post-thumbnail","6":"product_cat-masculino","8":"first","9":"outofstock","10":"shipping-taxable","11":"purchasable","12":"product-type-simple"},"_links":{"self":[{"href":"https:\/\/brandss.com.py\/index\/wp-json\/wp\/v2\/product\/76188","targetHints":{"allow":["GET"]}}],"collection":[{"href":"https:\/\/brandss.com.py\/index\/wp-json\/wp\/v2\/product"}],"about":[{"href":"https:\/\/brandss.com.py\/index\/wp-json\/wp\/v2\/types\/product"}],"replies":[{"embeddable":true,"href":"https:\/\/brandss.com.py\/index\/wp-json\/wp\/v2\/comments?post=76188"}],"version-history":[{"count":1,"href":"https:\/\/brandss.com.py\/index\/wp-json\/wp\/v2\/product\/76188\/revisions"}],"predecessor-version":[{"id":76199,"href":"https:\/\/brandss.com.py\/index\/wp-json\/wp\/v2\/product\/76188\/revisions\/76199"}],"wp:featuredmedia":[{"embeddable":true,"href":"https:\/\/brandss.com.py\/index\/wp-json\/wp\/v2\/media\/76189"}],"wp:attachment":[{"href":"https:\/\/brandss.com.py\/index\/wp-json\/wp\/v2\/media?parent=76188"}],"wp:term":[{"taxonomy":"product_brand","embeddable":true,"href":"https:\/\/brandss.com.py\/index\/wp-json\/wp\/v2\/product_brand?post=76188"},{"taxonomy":"product_cat","embeddable":true,"href":"https:\/\/brandss.com.py\/index\/wp-json\/wp\/v2\/product_cat?post=76188"},{"taxonomy":"product_tag","embeddable":true,"href":"https:\/\/brandss.com.py\/index\/wp-json\/wp\/v2\/product_tag?post=76188"}],"curies":[{"name":"wp","href":"https:\/\/api.w.org\/{rel}","templated":true}]}}