{"id":76273,"date":"2025-03-15T15:40:16","date_gmt":"2025-03-15T15:40:16","guid":{"rendered":"https:\/\/brandss.com.py\/index\/?post_type=product&#038;p=76273"},"modified":"2025-11-04T17:53:17","modified_gmt":"2025-11-04T17:53:17","slug":"calzado-masculino-masculino-nike-waffle-one-se","status":"publish","type":"product","link":"https:\/\/brandss.com.py\/index\/producto\/calzado-masculino-masculino-nike-waffle-one-se\/","title":{"rendered":"CALZADO MASCULINO MASCULINO NIKE WAFFLE ONE SE"},"content":{"rendered":"<p><img loading=\"lazy\" decoding=\"async\" class=\"\" src=\"https:\/\/i0.wp.com\/www.vectorizando.com\/wp-content\/uploads\/2021\/05\/nike-logo-738b64ca.png?fit=500%2C500&amp;ssl=1\" alt=\"Nike logo 2025 | \u2713 Los mejores logos vectorizados\" width=\"138\" height=\"138\" \/><\/p>\n<h1>WAFFLE ONE SE<\/h1>\n<p>Las Nike Waffle One son unos calzados contempor\u00e1neas que combinan a la perfecci\u00f3n la rica herencia de la marca Nike con elementos de dise\u00f1o modernos. Este calzado cuenta con una exclusiva suela waffle que rinde homenaje a Bill Bowerman, cofundador de Nike, quien experiment\u00f3 con una waflera para crear una revolucionaria suela para correr a principios de los 70.<\/p>\n<p>Las Waffle One incorporan una elegante combinaci\u00f3n de malla y ante, ofreciendo un equilibrio perfecto entre transpirabilidad y durabilidad. Esta yuxtaposici\u00f3n de texturas no solo aporta atractivo est\u00e9tico, sino que tambi\u00e9n garantiza rendimiento y comodidad, lo que las hace ideales tanto para uso casual como para actividades deportivas.<\/p>\n<ul>\n<li><span>Nuevo contrafuerte de pl\u00e1stico duradero para mayor estabilidad del pie.<\/span><\/li>\n<li><span>Materiales mixtos de nailon y gamuza, el dise\u00f1o de empalme de diferentes materiales se puede combinar con cualquier prenda para crear un estilo urbano.<\/span><\/li>\n<li><span>La nueva entresuela el\u00e1stica adopta la cl\u00e1sica estructura de cu\u00f1a para proporcionar a ambos pies una sensaci\u00f3n c\u00f3moda y suave.<\/span><\/li>\n<li><span>La nueva suela con dise\u00f1o de muffin proporciona un buen agarre y resistencia al desgaste.<\/span><\/li>\n<\/ul>\n","protected":false},"excerpt":{"rendered":"<p>WAFFLE ONE SE Las Nike Waffle One son unos calzados contempor\u00e1neas que combinan a la perfecci\u00f3n la rica herencia de<\/p>\n","protected":false},"featured_media":76274,"comment_status":"open","ping_status":"closed","template":"","meta":{"nf_dc_page":""},"product_brand":[],"product_cat":[76],"product_tag":[],"class_list":{"0":"post-76273","1":"product","2":"type-product","3":"status-publish","4":"has-post-thumbnail","6":"product_cat-masculino","8":"first","9":"instock","10":"shipping-taxable","11":"purchasable","12":"product-type-simple"},"_links":{"self":[{"href":"https:\/\/brandss.com.py\/index\/wp-json\/wp\/v2\/product\/76273","targetHints":{"allow":["GET"]}}],"collection":[{"href":"https:\/\/brandss.com.py\/index\/wp-json\/wp\/v2\/product"}],"about":[{"href":"https:\/\/brandss.com.py\/index\/wp-json\/wp\/v2\/types\/product"}],"replies":[{"embeddable":true,"href":"https:\/\/brandss.com.py\/index\/wp-json\/wp\/v2\/comments?post=76273"}],"version-history":[{"count":1,"href":"https:\/\/brandss.com.py\/index\/wp-json\/wp\/v2\/product\/76273\/revisions"}],"predecessor-version":[{"id":76283,"href":"https:\/\/brandss.com.py\/index\/wp-json\/wp\/v2\/product\/76273\/revisions\/76283"}],"wp:featuredmedia":[{"embeddable":true,"href":"https:\/\/brandss.com.py\/index\/wp-json\/wp\/v2\/media\/76274"}],"wp:attachment":[{"href":"https:\/\/brandss.com.py\/index\/wp-json\/wp\/v2\/media?parent=76273"}],"wp:term":[{"taxonomy":"product_brand","embeddable":true,"href":"https:\/\/brandss.com.py\/index\/wp-json\/wp\/v2\/product_brand?post=76273"},{"taxonomy":"product_cat","embeddable":true,"href":"https:\/\/brandss.com.py\/index\/wp-json\/wp\/v2\/product_cat?post=76273"},{"taxonomy":"product_tag","embeddable":true,"href":"https:\/\/brandss.com.py\/index\/wp-json\/wp\/v2\/product_tag?post=76273"}],"curies":[{"name":"wp","href":"https:\/\/api.w.org\/{rel}","templated":true}]}}