{"id":76284,"date":"2025-03-15T16:59:33","date_gmt":"2025-03-15T16:59:33","guid":{"rendered":"https:\/\/brandss.com.py\/index\/?post_type=product&#038;p=76284"},"modified":"2026-04-22T18:24:59","modified_gmt":"2026-04-22T18:24:59","slug":"calzado-deportivo-femenino-nike-metcon-9","status":"publish","type":"product","link":"https:\/\/brandss.com.py\/index\/producto\/calzado-deportivo-femenino-nike-metcon-9\/","title":{"rendered":"CALZADO DEPORTIVO FEMENINO NIKE METCON 9"},"content":{"rendered":"<p><img loading=\"lazy\" decoding=\"async\" class=\"\" src=\"https:\/\/i0.wp.com\/www.vectorizando.com\/wp-content\/uploads\/2021\/05\/nike-logo-738b64ca.png?fit=500%2C500&amp;ssl=1\" alt=\"Nike logo 2025 | \u2713 Los mejores logos vectorizados\" width=\"139\" height=\"139\" \/><\/p>\n<h1>METCON 9<\/h1>\n<div class=\"experience-component experience-productText\">\n<div class=\"product-text-wrapper hide-empty  \">\n<div class=\"product-text-content     \">\n<div class=\"product-text  released    \" data-product-field=\"longDescription\">\n<div class=\"pi-tier3\">\n<div class=\"pi-pdpmainbody\">\n<p>Cualquiera que sea tu motivaci\u00f3n para hacer ejercicio, los Metcon 9 hacen que todo valga la pena. Mejoramos los 8 con una placa Hyperlift m\u00e1s grande y un refuerzo para la cuerda de goma adicional. Son los elegidos por algunos de los mejores atletas del mundo y est\u00e1n dise\u00f1ados para quienes levantan peso, entrenan y luchan por sus metas. Estos tenis siguen cumpliendo lo que prometen.<\/p>\n<div style=\"width: 864px;\" class=\"wp-video\"><video class=\"wp-video-shortcode\" id=\"video-76284-1\" width=\"864\" height=\"1080\" preload=\"metadata\" controls=\"controls\"><source type=\"video\/mp4\" src=\"https:\/\/brandss.com.py\/index\/wp-content\/uploads\/2025\/03\/A.mp4?_=1\" \/><a href=\"https:\/\/brandss.com.py\/index\/wp-content\/uploads\/2025\/03\/A.mp4\">https:\/\/brandss.com.py\/index\/wp-content\/uploads\/2025\/03\/A.mp4<\/a><\/video><\/div>\n<p><b>M\u00e1s resistentes y m\u00e1s fuertes<\/b><\/p>\n<p>Hicimos la placa Hyperlift en el tal\u00f3n a\u00fan m\u00e1s grande para brindar estabilidad durante los entrenamientos m\u00e1s arduos, como las sentadillas divididas, el peso muerto y otros ejercicios para la parte inferior del cuerpo. La placa ayuda a forzar el peso hacia abajo y hacia afuera, a la vez que agrega rigidez en el tal\u00f3n. Esa firmeza te da soporte, espec\u00edficamente cuando levantas mucho peso.<\/p>\n<p><b>Sensaci\u00f3n de seguridad<\/b><\/p>\n<p>El sistema de traba de las agujetas se adhiere a la leng\u00fceta de los tenis para que no tengas que preocuparte de que se enganchen a ninguna tela. Ayuda a mantener las agujetas en su lugar para que, una vez que te las amarres, puedas concentrarte exclusivamente en tu entrenamiento.<\/p>\n<p><b>Llega hasta la cima<\/b><\/p>\n<p>Ampliamos el revestimiento de goma en el costado para brindar durabilidad y soporte, de manera que puedas escalar cualquier tipo de cuerda con la misma velocidad repetida y sin preocuparte por el desgaste. Se extiende desde la entresuela hasta la parte superior, a la que le agrega un poco de soporte para apoyar en los movimientos multidireccionales.<\/p>\n<p><b>Durabilidad y frescura<\/b><\/p>\n<p>La malla ligera y transpirable ayuda a mantener el pie fresco y a la vez brinda el tipo de durabilidad que puede resistir rasgu\u00f1os, cortes y movimientos de arrastre r\u00e1pidos.<\/p>\n<p><b>Siente la espuma<\/b><\/p>\n<p>La entresuela de doble densidad, que cuenta con espuma firme en el exterior y espuma suave en el interior, proporciona una amortiguaci\u00f3n responsiva para brindar comodidad duradera en los movimientos y los entrenamientos de cardio continuos.<\/p>\n<p><b>M\u00e1s beneficios<\/b><\/p>\n<ul>\n<li>La suela de goma completa proporciona tracci\u00f3n duradera para los movimientos din\u00e1micos, como las cargadas y las caminatas de desplantes.<\/li>\n<li>La tela transpirable tiene un estampado texturizado que crea un efecto 3D y agrega durabilidad y textura, lo que simplifica la tarea de mantener limpios tus tenis. Adem\u00e1s, ofrece un soporte flexible y duradero en la zona de la punta para que cuando los dedos se extiendan al levantar pesas, no se sienta restrictivo.<\/li>\n<li>Color: Blanco\/Blanco-Azul Real Profundo-Rosa Feroz.<\/li>\n<li>Modelo: DZ2537-102.<\/li>\n<\/ul>\n<\/div>\n<\/div>\n<\/div>\n<\/div>\n<\/div>\n<\/div>\n","protected":false},"excerpt":{"rendered":"<p>METCON 9 Cualquiera que sea tu motivaci\u00f3n para hacer ejercicio, los Metcon 9 hacen que todo valga la pena. Mejoramos<\/p>\n","protected":false},"featured_media":76285,"comment_status":"open","ping_status":"closed","template":"","meta":{"nf_dc_page":""},"product_brand":[],"product_cat":[73],"product_tag":[],"class_list":{"0":"post-76284","1":"product","2":"type-product","3":"status-publish","4":"has-post-thumbnail","6":"product_cat-femenino","8":"first","9":"outofstock","10":"shipping-taxable","11":"purchasable","12":"product-type-simple"},"_links":{"self":[{"href":"https:\/\/brandss.com.py\/index\/wp-json\/wp\/v2\/product\/76284","targetHints":{"allow":["GET"]}}],"collection":[{"href":"https:\/\/brandss.com.py\/index\/wp-json\/wp\/v2\/product"}],"about":[{"href":"https:\/\/brandss.com.py\/index\/wp-json\/wp\/v2\/types\/product"}],"replies":[{"embeddable":true,"href":"https:\/\/brandss.com.py\/index\/wp-json\/wp\/v2\/comments?post=76284"}],"version-history":[{"count":1,"href":"https:\/\/brandss.com.py\/index\/wp-json\/wp\/v2\/product\/76284\/revisions"}],"predecessor-version":[{"id":76296,"href":"https:\/\/brandss.com.py\/index\/wp-json\/wp\/v2\/product\/76284\/revisions\/76296"}],"wp:featuredmedia":[{"embeddable":true,"href":"https:\/\/brandss.com.py\/index\/wp-json\/wp\/v2\/media\/76285"}],"wp:attachment":[{"href":"https:\/\/brandss.com.py\/index\/wp-json\/wp\/v2\/media?parent=76284"}],"wp:term":[{"taxonomy":"product_brand","embeddable":true,"href":"https:\/\/brandss.com.py\/index\/wp-json\/wp\/v2\/product_brand?post=76284"},{"taxonomy":"product_cat","embeddable":true,"href":"https:\/\/brandss.com.py\/index\/wp-json\/wp\/v2\/product_cat?post=76284"},{"taxonomy":"product_tag","embeddable":true,"href":"https:\/\/brandss.com.py\/index\/wp-json\/wp\/v2\/product_tag?post=76284"}],"curies":[{"name":"wp","href":"https:\/\/api.w.org\/{rel}","templated":true}]}}