{"id":76297,"date":"2025-03-15T17:37:52","date_gmt":"2025-03-15T17:37:52","guid":{"rendered":"https:\/\/brandss.com.py\/index\/?post_type=product&#038;p=76297"},"modified":"2026-04-22T18:24:59","modified_gmt":"2026-04-22T18:24:59","slug":"calzado-deportivo-femenino-nike-metcon-9-2","status":"publish","type":"product","link":"https:\/\/brandss.com.py\/index\/producto\/calzado-deportivo-femenino-nike-metcon-9-2\/","title":{"rendered":"CALZADO DEPORTIVO FEMENINO NIKE METCON 9"},"content":{"rendered":"<p><img loading=\"lazy\" decoding=\"async\" class=\"\" src=\"https:\/\/i0.wp.com\/www.vectorizando.com\/wp-content\/uploads\/2021\/05\/nike-logo-738b64ca.png?fit=500%2C500&amp;ssl=1\" alt=\"Nike logo 2025 | \u2713 Los mejores logos vectorizados\" width=\"98\" height=\"98\" \/><\/p>\n<h1>METCON 9<\/h1>\n<div class=\"b-fullpdpdetails__item\" data-prop-name=\"productDescription\"><span>Sea cual sea tu motivo para entrenar, el Metcon 9 lo hace todo vale la pena. Hemos mejorado el modelo 8 con una placa Hyperlift m\u00e1s grande y una cuerda de goma. Aclamado por algunos de los mejores atletas del mundo, pensado para levantadores, el\u00edpticas y personas con muchas ganas, sigue siendo el referente que rinde d\u00eda tras d\u00eda.<\/span><\/div>\n<div data-prop-name=\"productDescription\"><\/div>\n<div class=\"b-fullpdpdetails__attribute\" data-id=\"gmg_enhancedBenefits\">\n<div class=\"b-fullpdpdetails__section\">\n<div class=\"b-fullpdpdetails__title\"><strong>M\u00e1s resistente y m\u00e1s fuerte<\/strong><\/div>\n<div><\/div>\n<div class=\"b-productdata__content\"><span>Dise\u00f1amos la placa Hyperlift en el tal\u00f3n a\u00fan m\u00e1s grande para mayor estabilidad al realizar entrenamientos exigentes como sentadillas divididas, peso muerto y otros ejercicios para la parte inferior del cuerpo. La placa ayuda a impulsar el peso hacia abajo y hacia afuera, a la vez que a\u00f1ade rigidez al tal\u00f3n. Esta firmeza te proporciona una sensaci\u00f3n de estabilidad y soporte, especialmente con cargas m\u00e1s pesadas.<\/span><\/div>\n<\/div>\n<div class=\"b-fullpdpdetails__section\">\n<div><\/div>\n<div class=\"b-fullpdpdetails__title\"><strong>Sensaci\u00f3n de seguridad<\/strong><\/div>\n<div><\/div>\n<div class=\"b-productdata__content\"><span>El sistema de cierre de cordones se fija a la leng\u00fceta del zapato, as\u00ed que no tienes que preocuparte por engancharlo a ninguna tela. Ayuda a mantener los cordones en su lugar, as\u00ed que una vez que los atas, puedes concentrarte solo en tu entrenamiento.<\/span><\/div>\n<\/div>\n<div class=\"b-fullpdpdetails__section\">\n<div><\/div>\n<div class=\"b-fullpdpdetails__title\"><strong>Ir a la cima<\/strong><\/div>\n<div><\/div>\n<div class=\"b-productdata__content\"><span>Extendimos la banda de goma lateral para mayor durabilidad y soporte, permiti\u00e9ndote escalar cualquier tipo de cuerda con la misma velocidad repetida sin preocuparte por el desgaste. Se extiende desde la entresuela hasta la parte superior y proporciona soporte en la parte superior para movimientos multidireccionales.<\/span><\/div>\n<\/div>\n<div class=\"b-fullpdpdetails__section\">\n<div><\/div>\n<div class=\"b-fullpdpdetails__title\"><strong>Durable y fresco<\/strong><\/div>\n<div><\/div>\n<div class=\"b-productdata__content\"><span>La malla liviana y transpirable ayuda a mantener el pie fresco y al mismo tiempo tiene el tipo de durabilidad que puede soportar raspaduras, cortes y movimientos de arrastre r\u00e1pidos.<\/span><\/div>\n<\/div>\n<div class=\"b-fullpdpdetails__section\">\n<div><\/div>\n<div class=\"b-fullpdpdetails__title\"><strong>Siente la espuma<\/strong><\/div>\n<div><\/div>\n<div class=\"b-productdata__content\"><span>Una entresuela de doble densidad (espuma firme en el exterior, espuma suave en el interior) brinda una amortiguaci\u00f3n sensible para una comodidad duradera para ejercicios cardiovasculares y movimientos continuos.<\/span><\/div>\n<div>\n<div class=\"b-fullpdpdetails__section\">\n<div><\/div>\n<div class=\"b-fullpdpdetails__title\"><strong>M\u00e1s beneficios<\/strong><\/div>\n<div class=\"b-productdata__content\">\n<ul class=\"b-list--dots\">\n<li>Una suela exterior de goma completa proporciona tracci\u00f3n duradera para movimientos din\u00e1micos como cleans y walking lunges.<\/li>\n<li>El tejido transpirable tiene un estampado h\u00e1ptico que crea un efecto 3D que a\u00f1ade durabilidad y textura, facilitando la limpieza del calzado. Adem\u00e1s, proporciona un soporte flexible y duradero en la zona de los dedos, de modo que no sientas ninguna restricci\u00f3n al separarlos al levantar peso.<\/li>\n<\/ul>\n<\/div>\n<\/div>\n<div class=\"b-fullpdpdetails__section\">\n<div class=\"b-fullpdpdetails__title\"><strong>Detalles<\/strong><\/div>\n<div class=\"b-productdata__content\">\n<ul class=\"b-list--dots\">\n<li>Color: Blanco\/Grano dorado metalizado\/Arena\/Blanco.<\/li>\n<li>Modelo: DZ2537-104.<\/li>\n<\/ul>\n<\/div>\n<\/div>\n<\/div>\n<\/div>\n<\/div>\n","protected":false},"excerpt":{"rendered":"<p>METCON 9 Sea cual sea tu motivo para entrenar, el Metcon 9 lo hace todo vale la pena. Hemos mejorado<\/p>\n","protected":false},"featured_media":76298,"comment_status":"open","ping_status":"closed","template":"","meta":{"nf_dc_page":""},"product_brand":[],"product_cat":[73],"product_tag":[],"class_list":{"0":"post-76297","1":"product","2":"type-product","3":"status-publish","4":"has-post-thumbnail","6":"product_cat-femenino","8":"first","9":"outofstock","10":"shipping-taxable","11":"purchasable","12":"product-type-simple"},"_links":{"self":[{"href":"https:\/\/brandss.com.py\/index\/wp-json\/wp\/v2\/product\/76297","targetHints":{"allow":["GET"]}}],"collection":[{"href":"https:\/\/brandss.com.py\/index\/wp-json\/wp\/v2\/product"}],"about":[{"href":"https:\/\/brandss.com.py\/index\/wp-json\/wp\/v2\/types\/product"}],"replies":[{"embeddable":true,"href":"https:\/\/brandss.com.py\/index\/wp-json\/wp\/v2\/comments?post=76297"}],"version-history":[{"count":1,"href":"https:\/\/brandss.com.py\/index\/wp-json\/wp\/v2\/product\/76297\/revisions"}],"predecessor-version":[{"id":76309,"href":"https:\/\/brandss.com.py\/index\/wp-json\/wp\/v2\/product\/76297\/revisions\/76309"}],"wp:featuredmedia":[{"embeddable":true,"href":"https:\/\/brandss.com.py\/index\/wp-json\/wp\/v2\/media\/76298"}],"wp:attachment":[{"href":"https:\/\/brandss.com.py\/index\/wp-json\/wp\/v2\/media?parent=76297"}],"wp:term":[{"taxonomy":"product_brand","embeddable":true,"href":"https:\/\/brandss.com.py\/index\/wp-json\/wp\/v2\/product_brand?post=76297"},{"taxonomy":"product_cat","embeddable":true,"href":"https:\/\/brandss.com.py\/index\/wp-json\/wp\/v2\/product_cat?post=76297"},{"taxonomy":"product_tag","embeddable":true,"href":"https:\/\/brandss.com.py\/index\/wp-json\/wp\/v2\/product_tag?post=76297"}],"curies":[{"name":"wp","href":"https:\/\/api.w.org\/{rel}","templated":true}]}}