{"id":76404,"date":"2025-03-17T13:29:20","date_gmt":"2025-03-17T13:29:20","guid":{"rendered":"https:\/\/brandss.com.py\/index\/?post_type=product&#038;p=76404"},"modified":"2025-03-17T13:30:06","modified_gmt":"2025-03-17T13:30:06","slug":"calzado-deportivo-femenino-nike-versair","status":"publish","type":"product","link":"https:\/\/brandss.com.py\/index\/producto\/calzado-deportivo-femenino-nike-versair\/","title":{"rendered":"CALZADO DEPORTIVO FEMENINO NIKE VERSAIR"},"content":{"rendered":"<p><img loading=\"lazy\" decoding=\"async\" class=\"\" src=\"https:\/\/i0.wp.com\/www.vectorizando.com\/wp-content\/uploads\/2021\/05\/nike-logo-738b64ca.png?fit=500%2C500&amp;ssl=1\" alt=\"Nike logo 2025 | \u2713 Los mejores logos vectorizados\" width=\"108\" height=\"108\" \/><\/p>\n<h1>VERSAIR<\/h1>\n<div class=\"experience-component experience-productText\">\n<div class=\"product-text-wrapper hide-empty  \">\n<div class=\"product-text-content     \">\n<div class=\"product-text  released    \" data-product-field=\"longDescription\">\n<div class=\"pi-tier3\">\n<div class=\"pi-pdpmainbody\">\n<p>\u00bfQu\u00e9 planes hay para hoy? \u00bfPiernas? \u00bfCardio? \u00bfClase de gimnasia? Puedes usar el \u00e1gil y flexible Versair para una amplia gama de entrenamientos. Cerca del suelo y con un Zoom unidad Air dise\u00f1ado pensando en las mujeres atletas, es ideal para todo lo que requiera tu viaje de acondicionamiento f\u00edsico.<\/p>\n<p><b>Flexi\u00f3n y movimiento<\/b><\/p>\n<p>Cuanta m\u00e1s flexibilidad tengas en la entresuela y la suela, m\u00e1s podr\u00e1s moverte de forma natural. Le dimos forma de herradura a la unidad Zoom Air para mayor flexibilidad, mientras que el patr\u00f3n de tracci\u00f3n en la suela exterior te ayuda a lograr los objetivos de tu agenda de entrenamiento.<\/p>\n<p><b>Estabilidad para tu entrenamiento<\/b><\/p>\n<p>Cuanto m\u00e1s soporte ofrece el calzado, m\u00e1s estabilidad puede darle a tu pisada. La combinaci\u00f3n de soporte optimizado y amortiguaci\u00f3n colocada intencionalmente te ayuda a sentir seguridad en cada paso. La envoltura resistente y moldeada alrededor del calzado ayuda a mantener el tal\u00f3n apoyado y seguro. La baja altura de la unidad Zoom Air ayuda a mantenerte m\u00e1s cerca del suelo, mientras que su ranura flexible ayuda a reforzar y fortalecer la estabilidad lateral.<\/p>\n<p><b>Amortiguaci\u00f3n para tu entrenamiento<\/b><\/p>\n<p>Cuanta m\u00e1s amortiguaci\u00f3n tengas bajo los pies, m\u00e1s c\u00f3modo ser\u00e1 tu entrenamiento. La amortiguaci\u00f3n suaviza el impacto cuando los pies llegan al suelo. La unidad Zoom Air te brinda reactividad cuando llega el momento de moverte. Se combina con una entresuela de espuma para darte amortiguaci\u00f3n en tu entrenamiento.<\/p>\n<p><b>Suavidad al tacto<\/b><\/p>\n<p>La tela de chenilla en la parte superior es sumamente suave al tacto pero tambi\u00e9n transpirable y confiable cuando est\u00e1s en la \u00faltima parte de un entrenamiento intenso.<\/p>\n<\/div>\n<\/div>\n<\/div>\n<\/div>\n<\/div>\n<\/div>\n<div class=\"experience-component experience-productText\">\n<div class=\"product-text-wrapper hide-empty  \">\n<div class=\"product-text-content  product-text-inline    \">\n<div class=\"product-text-label\">Color: Violeta Platino\/Malva Ahumado\/Amarillo Suave\/Violeta Platino<\/div>\n<\/div>\n<\/div>\n<\/div>\n<div class=\"experience-component experience-productText\">\n<div class=\"product-text-wrapper hide-empty  \">\n<div class=\"product-text-content  product-text-inline    \">\n<div class=\"product-text-label\">Modelo:\u00a0DZ3547-003<\/div>\n<\/div>\n<\/div>\n<\/div>\n","protected":false},"excerpt":{"rendered":"<p>VERSAIR \u00bfQu\u00e9 planes hay para hoy? \u00bfPiernas? \u00bfCardio? \u00bfClase de gimnasia? Puedes usar el \u00e1gil y flexible Versair para una<\/p>\n","protected":false},"featured_media":76407,"comment_status":"open","ping_status":"closed","template":"","meta":{"nf_dc_page":""},"product_brand":[],"product_cat":[73],"product_tag":[],"class_list":{"0":"post-76404","1":"product","2":"type-product","3":"status-publish","4":"has-post-thumbnail","6":"product_cat-femenino","8":"first","9":"instock","10":"shipping-taxable","11":"purchasable","12":"product-type-simple"},"_links":{"self":[{"href":"https:\/\/brandss.com.py\/index\/wp-json\/wp\/v2\/product\/76404","targetHints":{"allow":["GET"]}}],"collection":[{"href":"https:\/\/brandss.com.py\/index\/wp-json\/wp\/v2\/product"}],"about":[{"href":"https:\/\/brandss.com.py\/index\/wp-json\/wp\/v2\/types\/product"}],"replies":[{"embeddable":true,"href":"https:\/\/brandss.com.py\/index\/wp-json\/wp\/v2\/comments?post=76404"}],"version-history":[{"count":1,"href":"https:\/\/brandss.com.py\/index\/wp-json\/wp\/v2\/product\/76404\/revisions"}],"predecessor-version":[{"id":76417,"href":"https:\/\/brandss.com.py\/index\/wp-json\/wp\/v2\/product\/76404\/revisions\/76417"}],"wp:featuredmedia":[{"embeddable":true,"href":"https:\/\/brandss.com.py\/index\/wp-json\/wp\/v2\/media\/76407"}],"wp:attachment":[{"href":"https:\/\/brandss.com.py\/index\/wp-json\/wp\/v2\/media?parent=76404"}],"wp:term":[{"taxonomy":"product_brand","embeddable":true,"href":"https:\/\/brandss.com.py\/index\/wp-json\/wp\/v2\/product_brand?post=76404"},{"taxonomy":"product_cat","embeddable":true,"href":"https:\/\/brandss.com.py\/index\/wp-json\/wp\/v2\/product_cat?post=76404"},{"taxonomy":"product_tag","embeddable":true,"href":"https:\/\/brandss.com.py\/index\/wp-json\/wp\/v2\/product_tag?post=76404"}],"curies":[{"name":"wp","href":"https:\/\/api.w.org\/{rel}","templated":true}]}}