{"id":76442,"date":"2025-03-17T14:20:31","date_gmt":"2025-03-17T14:20:31","guid":{"rendered":"https:\/\/brandss.com.py\/index\/?post_type=product&#038;p=76442"},"modified":"2025-03-17T14:22:01","modified_gmt":"2025-03-17T14:22:01","slug":"calzado-deportivo-infantil-nike-air-max-speed-turf","status":"publish","type":"product","link":"https:\/\/brandss.com.py\/index\/producto\/calzado-deportivo-infantil-nike-air-max-speed-turf\/","title":{"rendered":"CALZADO DEPORTIVO INFANTIL NIKE AIR MAX SPEED TURF"},"content":{"rendered":"<p><img loading=\"lazy\" decoding=\"async\" class=\"\" src=\"https:\/\/i0.wp.com\/www.vectorizando.com\/wp-content\/uploads\/2021\/05\/nike-logo-738b64ca.png?fit=500%2C500&amp;ssl=1\" alt=\"Nike logo 2025 | \u2713 Los mejores logos vectorizados\" width=\"91\" height=\"91\" \/><\/p>\n<h1>AIR MAX SPEED TURF<\/h1>\n<p>Vuelve la temporada de f\u00fatbol americano, y con ella, Nike relanza un cl\u00e1sico del c\u00e9sped. Famoso gracias al miembro del Sal\u00f3n de la Fama de la NFL, Dan Marino, el Nike Air Max Speed \u200b\u200bTurf regresa con todo su esplendor original.<\/p>\n<p>&nbsp;<\/p>\n<ul>\n<li>Parte superior de malla.<\/li>\n<li>superposiciones de cuero.<\/li>\n<li>Marca Swoosh en los talones.<\/li>\n<li>Correa para el antepi\u00e9.<\/li>\n<li>Sistema de cordones tradicional.<\/li>\n<li>Leng\u00fceta acolchada con la marca Nike.<\/li>\n<li>Pesta\u00f1a del tal\u00f3n para poner y quitar f\u00e1cilmente.<\/li>\n<li>Entresuela de espuma con unidad Air.<\/li>\n<li>Suela de goma para tracci\u00f3n.<\/li>\n<li>Color: blanco, granate y azul marino..<\/li>\n<li>Modelo: DZ4449-100.<\/li>\n<\/ul>\n","protected":false},"excerpt":{"rendered":"<p>AIR MAX SPEED TURF Vuelve la temporada de f\u00fatbol americano, y con ella, Nike relanza un cl\u00e1sico del c\u00e9sped. Famoso<\/p>\n","protected":false},"featured_media":76453,"comment_status":"open","ping_status":"closed","template":"","meta":{"nf_dc_page":""},"product_brand":[],"product_cat":[75],"product_tag":[],"class_list":{"0":"post-76442","1":"product","2":"type-product","3":"status-publish","4":"has-post-thumbnail","6":"product_cat-infantil","8":"first","9":"instock","10":"shipping-taxable","11":"purchasable","12":"product-type-simple"},"_links":{"self":[{"href":"https:\/\/brandss.com.py\/index\/wp-json\/wp\/v2\/product\/76442","targetHints":{"allow":["GET"]}}],"collection":[{"href":"https:\/\/brandss.com.py\/index\/wp-json\/wp\/v2\/product"}],"about":[{"href":"https:\/\/brandss.com.py\/index\/wp-json\/wp\/v2\/types\/product"}],"replies":[{"embeddable":true,"href":"https:\/\/brandss.com.py\/index\/wp-json\/wp\/v2\/comments?post=76442"}],"version-history":[{"count":1,"href":"https:\/\/brandss.com.py\/index\/wp-json\/wp\/v2\/product\/76442\/revisions"}],"predecessor-version":[{"id":76462,"href":"https:\/\/brandss.com.py\/index\/wp-json\/wp\/v2\/product\/76442\/revisions\/76462"}],"wp:featuredmedia":[{"embeddable":true,"href":"https:\/\/brandss.com.py\/index\/wp-json\/wp\/v2\/media\/76453"}],"wp:attachment":[{"href":"https:\/\/brandss.com.py\/index\/wp-json\/wp\/v2\/media?parent=76442"}],"wp:term":[{"taxonomy":"product_brand","embeddable":true,"href":"https:\/\/brandss.com.py\/index\/wp-json\/wp\/v2\/product_brand?post=76442"},{"taxonomy":"product_cat","embeddable":true,"href":"https:\/\/brandss.com.py\/index\/wp-json\/wp\/v2\/product_cat?post=76442"},{"taxonomy":"product_tag","embeddable":true,"href":"https:\/\/brandss.com.py\/index\/wp-json\/wp\/v2\/product_tag?post=76442"}],"curies":[{"name":"wp","href":"https:\/\/api.w.org\/{rel}","templated":true}]}}