{"id":76479,"date":"2025-03-17T16:33:47","date_gmt":"2025-03-17T16:33:47","guid":{"rendered":"https:\/\/brandss.com.py\/index\/?post_type=product&#038;p=76479"},"modified":"2025-03-17T16:34:22","modified_gmt":"2025-03-17T16:34:22","slug":"calzado-deportivo-masculino-nike-mac-attack-sp-social-status","status":"publish","type":"product","link":"https:\/\/brandss.com.py\/index\/producto\/calzado-deportivo-masculino-nike-mac-attack-sp-social-status\/","title":{"rendered":"CALZADO DEPORTIVO MASCULINO NIKE MAC ATTACK SP SOCIAL STATUS"},"content":{"rendered":"<p><img loading=\"lazy\" decoding=\"async\" class=\"\" src=\"https:\/\/i0.wp.com\/www.vectorizando.com\/wp-content\/uploads\/2021\/05\/nike-logo-738b64ca.png?fit=500%2C500&amp;ssl=1\" alt=\"Nike logo 2025 | \u2713 Los mejores logos vectorizados\" width=\"122\" height=\"122\" \/><\/p>\n<h1>MAC ATTACK SP SOCIAL STATUS<\/h1>\n<p>Las Mac Attack SP &#8220;Silver Linings&#8221; de Social Status x Nike marcan el comienzo de una serie de cuatro combinaciones de colores colaborativas centradas en la silueta de tenis de archivo. Este par presenta una paleta de colores refinada y neutra, realzada por una parte superior de malla blanca con superposiciones de cuero agrietado a tono. Con un sutil acabado plateado metalizado, la capa superior del Swoosh, el cuello y el contrafuerte est\u00e1n dise\u00f1ados para desprenderse, revelando una base de chenilla en Red Stardust. Las etiquetas de la leng\u00fceta, desparejadas, muestran las marcas Nike y Social Status, mientras que las plantillas personalizadas presentan un gr\u00e1fico con una lista de las tiendas de Social Status. El acabado envejecido de la entresuela de goma evoca las ra\u00edces ochenteras de la zapatilla.<\/p>\n<p>Color: beige\/gris.<\/p>\n<p>Modelo: DZ4636-101.<\/p>\n","protected":false},"excerpt":{"rendered":"<p>MAC ATTACK SP SOCIAL STATUS Las Mac Attack SP &#8220;Silver Linings&#8221; de Social Status x Nike marcan el comienzo de<\/p>\n","protected":false},"featured_media":76480,"comment_status":"open","ping_status":"closed","template":"","meta":{"nf_dc_page":""},"product_brand":[],"product_cat":[76],"product_tag":[],"class_list":{"0":"post-76479","1":"product","2":"type-product","3":"status-publish","4":"has-post-thumbnail","6":"product_cat-masculino","8":"first","9":"instock","10":"shipping-taxable","11":"purchasable","12":"product-type-simple"},"_links":{"self":[{"href":"https:\/\/brandss.com.py\/index\/wp-json\/wp\/v2\/product\/76479","targetHints":{"allow":["GET"]}}],"collection":[{"href":"https:\/\/brandss.com.py\/index\/wp-json\/wp\/v2\/product"}],"about":[{"href":"https:\/\/brandss.com.py\/index\/wp-json\/wp\/v2\/types\/product"}],"replies":[{"embeddable":true,"href":"https:\/\/brandss.com.py\/index\/wp-json\/wp\/v2\/comments?post=76479"}],"version-history":[{"count":1,"href":"https:\/\/brandss.com.py\/index\/wp-json\/wp\/v2\/product\/76479\/revisions"}],"predecessor-version":[{"id":76487,"href":"https:\/\/brandss.com.py\/index\/wp-json\/wp\/v2\/product\/76479\/revisions\/76487"}],"wp:featuredmedia":[{"embeddable":true,"href":"https:\/\/brandss.com.py\/index\/wp-json\/wp\/v2\/media\/76480"}],"wp:attachment":[{"href":"https:\/\/brandss.com.py\/index\/wp-json\/wp\/v2\/media?parent=76479"}],"wp:term":[{"taxonomy":"product_brand","embeddable":true,"href":"https:\/\/brandss.com.py\/index\/wp-json\/wp\/v2\/product_brand?post=76479"},{"taxonomy":"product_cat","embeddable":true,"href":"https:\/\/brandss.com.py\/index\/wp-json\/wp\/v2\/product_cat?post=76479"},{"taxonomy":"product_tag","embeddable":true,"href":"https:\/\/brandss.com.py\/index\/wp-json\/wp\/v2\/product_tag?post=76479"}],"curies":[{"name":"wp","href":"https:\/\/api.w.org\/{rel}","templated":true}]}}