{"id":76497,"date":"2025-03-17T17:18:52","date_gmt":"2025-03-17T17:18:52","guid":{"rendered":"https:\/\/brandss.com.py\/index\/?post_type=product&#038;p=76497"},"modified":"2025-03-17T17:19:18","modified_gmt":"2025-03-17T17:19:18","slug":"calzado-deportivo-infantil-nike-air-max-90-gs-tunnel-walk","status":"publish","type":"product","link":"https:\/\/brandss.com.py\/index\/producto\/calzado-deportivo-infantil-nike-air-max-90-gs-tunnel-walk\/","title":{"rendered":"CALZADO DEPORTIVO INFANTIL NIKE AIR MAX 90 GS TUNNEL WALK"},"content":{"rendered":"<p><img loading=\"lazy\" decoding=\"async\" class=\"\" src=\"https:\/\/i0.wp.com\/www.vectorizando.com\/wp-content\/uploads\/2021\/05\/nike-logo-738b64ca.png?fit=500%2C500&amp;ssl=1\" alt=\"Nike logo 2025 | \u2713 Los mejores logos vectorizados\" width=\"87\" height=\"87\" \/><\/p>\n<h1>AIR MAX 90 GS TUNNEL WALK<\/h1>\n<p>Mejora el estilo y el rendimiento de tu hijo de primaria con las ic\u00f3nicas Nike Air Max 90 &#8220;Tunnel Walk&#8221;. Con una vibrante combinaci\u00f3n de colores &#8220;Tunnel Walk&#8221; inspirada en el ic\u00f3nico TD Garden, estas zapatillas ofrecen un look atrevido y elegante. La legendaria unidad Air Max visible proporciona una amortiguaci\u00f3n excepcional y una pisada reactiva, mientras que su construcci\u00f3n duradera garantiza una larga vida \u00fatil. Perfectas para la escuela, las quedadas de juegos o cualquier otra aventura, las Nike Air Max 90 &#8220;Tunnel Walk&#8221; mantendr\u00e1n a tu hijo c\u00f3modo y con un aspecto impecable.<\/p>\n<p>Color: <span data-qa=\"ProductColorway\">Mineral de hierro claro\/Rojo universitario\/Blanco cumbre\/Negro\/Blanco<\/span><\/p>\n<p>Modelo: DZ4844-001<\/p>\n","protected":false},"excerpt":{"rendered":"<p>AIR MAX 90 GS TUNNEL WALK Mejora el estilo y el rendimiento de tu hijo de primaria con las ic\u00f3nicas<\/p>\n","protected":false},"featured_media":76498,"comment_status":"open","ping_status":"closed","template":"","meta":{"nf_dc_page":""},"product_brand":[],"product_cat":[75],"product_tag":[],"class_list":{"0":"post-76497","1":"product","2":"type-product","3":"status-publish","4":"has-post-thumbnail","6":"product_cat-infantil","8":"first","9":"instock","10":"shipping-taxable","11":"purchasable","12":"product-type-simple"},"_links":{"self":[{"href":"https:\/\/brandss.com.py\/index\/wp-json\/wp\/v2\/product\/76497","targetHints":{"allow":["GET"]}}],"collection":[{"href":"https:\/\/brandss.com.py\/index\/wp-json\/wp\/v2\/product"}],"about":[{"href":"https:\/\/brandss.com.py\/index\/wp-json\/wp\/v2\/types\/product"}],"replies":[{"embeddable":true,"href":"https:\/\/brandss.com.py\/index\/wp-json\/wp\/v2\/comments?post=76497"}],"version-history":[{"count":1,"href":"https:\/\/brandss.com.py\/index\/wp-json\/wp\/v2\/product\/76497\/revisions"}],"predecessor-version":[{"id":76508,"href":"https:\/\/brandss.com.py\/index\/wp-json\/wp\/v2\/product\/76497\/revisions\/76508"}],"wp:featuredmedia":[{"embeddable":true,"href":"https:\/\/brandss.com.py\/index\/wp-json\/wp\/v2\/media\/76498"}],"wp:attachment":[{"href":"https:\/\/brandss.com.py\/index\/wp-json\/wp\/v2\/media?parent=76497"}],"wp:term":[{"taxonomy":"product_brand","embeddable":true,"href":"https:\/\/brandss.com.py\/index\/wp-json\/wp\/v2\/product_brand?post=76497"},{"taxonomy":"product_cat","embeddable":true,"href":"https:\/\/brandss.com.py\/index\/wp-json\/wp\/v2\/product_cat?post=76497"},{"taxonomy":"product_tag","embeddable":true,"href":"https:\/\/brandss.com.py\/index\/wp-json\/wp\/v2\/product_tag?post=76497"}],"curies":[{"name":"wp","href":"https:\/\/api.w.org\/{rel}","templated":true}]}}