{"id":76515,"date":"2025-03-17T17:41:20","date_gmt":"2025-03-17T17:41:20","guid":{"rendered":"https:\/\/brandss.com.py\/index\/?post_type=product&#038;p=76515"},"modified":"2025-03-17T17:41:52","modified_gmt":"2025-03-17T17:41:52","slug":"calzado-deportivo-infantil-nike-air-more-uptempo","status":"publish","type":"product","link":"https:\/\/brandss.com.py\/index\/producto\/calzado-deportivo-infantil-nike-air-more-uptempo\/","title":{"rendered":"CALZADO DEPORTIVO INFANTIL NIKE AIR MORE UPTEMPO"},"content":{"rendered":"<p><img loading=\"lazy\" decoding=\"async\" class=\"\" src=\"https:\/\/i0.wp.com\/www.vectorizando.com\/wp-content\/uploads\/2021\/05\/nike-logo-738b64ca.png?fit=500%2C500&amp;ssl=1\" alt=\"Nike logo 2025 | \u2713 Los mejores logos vectorizados\" width=\"104\" height=\"104\" \/><\/p>\n<h1>AIR MORE UPTEMPO<\/h1>\n<p><span>Nunca hay demasiado Air, y las Air More Uptempo lo tienen de sobra. Esta silueta de baloncesto de los 90 se ha convertido en una prenda de culto desde su lanzamiento gracias a su dise\u00f1o vanguardista. Los calzados Nike Air More Uptempo Court Purple (GS) de Nike son una opci\u00f3n elegante y c\u00f3moda para j\u00f3venes atletas. Con un elegante dise\u00f1o en color morado, estos calzados ofrecen amortiguaci\u00f3n y un rendimiento eficaz. Perfectos para el deporte y el d\u00eda a d\u00eda, estos calzados Nike son imprescindibles para cualquier ni\u00f1o activo.<\/span><\/p>\n<p>&nbsp;<\/p>\n<ul>\n<li><span>Parte superior de nobuk.<\/span><\/li>\n<li><span>Superposiciones de &#8220;aire&#8221; en los laterales.<\/span><\/li>\n<li><span>Perforaciones para transpirabilidad.<\/span><\/li>\n<li><span>Sistema de cordones tradicional<\/span><\/li>\n<li><span>Swoosh bordado en la puntera y el tal\u00f3n.<\/span><\/li>\n<li><span>Cuello de tobillo acolchado.<\/span><\/li>\n<li><span>Entresuela de espuma para mayor soporte.<\/span><\/li>\n<li><span>Unidad Max Air visible.<\/span><\/li>\n<li><span>Suela de goma para tracci\u00f3n.<\/span><\/li>\n<li>Color: Negro\/Morado.<\/li>\n<li>Modelo: DZ5278-001.<\/li>\n<\/ul>\n","protected":false},"excerpt":{"rendered":"<p>AIR MORE UPTEMPO Nunca hay demasiado Air, y las Air More Uptempo lo tienen de sobra. Esta silueta de baloncesto<\/p>\n","protected":false},"featured_media":76524,"comment_status":"open","ping_status":"closed","template":"","meta":{"nf_dc_page":""},"product_brand":[],"product_cat":[75],"product_tag":[],"class_list":{"0":"post-76515","1":"product","2":"type-product","3":"status-publish","4":"has-post-thumbnail","6":"product_cat-infantil","8":"first","9":"instock","10":"shipping-taxable","11":"purchasable","12":"product-type-simple"},"_links":{"self":[{"href":"https:\/\/brandss.com.py\/index\/wp-json\/wp\/v2\/product\/76515","targetHints":{"allow":["GET"]}}],"collection":[{"href":"https:\/\/brandss.com.py\/index\/wp-json\/wp\/v2\/product"}],"about":[{"href":"https:\/\/brandss.com.py\/index\/wp-json\/wp\/v2\/types\/product"}],"replies":[{"embeddable":true,"href":"https:\/\/brandss.com.py\/index\/wp-json\/wp\/v2\/comments?post=76515"}],"version-history":[{"count":1,"href":"https:\/\/brandss.com.py\/index\/wp-json\/wp\/v2\/product\/76515\/revisions"}],"predecessor-version":[{"id":76533,"href":"https:\/\/brandss.com.py\/index\/wp-json\/wp\/v2\/product\/76515\/revisions\/76533"}],"wp:featuredmedia":[{"embeddable":true,"href":"https:\/\/brandss.com.py\/index\/wp-json\/wp\/v2\/media\/76524"}],"wp:attachment":[{"href":"https:\/\/brandss.com.py\/index\/wp-json\/wp\/v2\/media?parent=76515"}],"wp:term":[{"taxonomy":"product_brand","embeddable":true,"href":"https:\/\/brandss.com.py\/index\/wp-json\/wp\/v2\/product_brand?post=76515"},{"taxonomy":"product_cat","embeddable":true,"href":"https:\/\/brandss.com.py\/index\/wp-json\/wp\/v2\/product_cat?post=76515"},{"taxonomy":"product_tag","embeddable":true,"href":"https:\/\/brandss.com.py\/index\/wp-json\/wp\/v2\/product_tag?post=76515"}],"curies":[{"name":"wp","href":"https:\/\/api.w.org\/{rel}","templated":true}]}}