{"id":76565,"date":"2025-03-17T18:46:46","date_gmt":"2025-03-17T18:46:46","guid":{"rendered":"https:\/\/brandss.com.py\/index\/?post_type=product&#038;p=76565"},"modified":"2026-01-26T11:40:36","modified_gmt":"2026-01-26T11:40:36","slug":"calzado-deportivo-masculino-nike-pegasus-40-nfl-new-orleans-saints","status":"publish","type":"product","link":"https:\/\/brandss.com.py\/index\/producto\/calzado-deportivo-masculino-nike-pegasus-40-nfl-new-orleans-saints\/","title":{"rendered":"CALZADO DEPORTIVO MASCULINO NIKE PEGASUS 40 NFL NEW ORLEANS SAINTS"},"content":{"rendered":"<p><img loading=\"lazy\" decoding=\"async\" class=\"\" src=\"https:\/\/i0.wp.com\/www.vectorizando.com\/wp-content\/uploads\/2021\/05\/nike-logo-738b64ca.png?fit=500%2C500&amp;ssl=1\" alt=\"Nike logo 2025 | \u2713 Los mejores logos vectorizados\" width=\"132\" height=\"132\" \/><\/p>\n<h1>PEGASUS 40 NFL NEW ORLEANS SAINTS<\/h1>\n<div>\n<p>Un paseo inspirador para cualquier carrera, la sensaci\u00f3n familiar y hecha para ti de Peg regresar\u00e1 para ayudarte a lograr tus objetivos. Esta versi\u00f3n tiene la misma capacidad de respuesta y el soporte neutral que tanto te gusta, pero mejora la comodidad en las \u00e1reas sensibles del pie, como el arco y los dedos.\u00a0\u00a0Esta versi\u00f3n ofrece la misma capacidad de respuesta y el soporte neutral que tanto te gustan, pero con mayor comodidad en las zonas sensibles del pie, como el arco y los dedos. Ya sea que recorras largos kil\u00f3metros en una marat\u00f3n, disfrutes de una sesi\u00f3n de velocidad antes del atardecer o te unas a una salida espont\u00e1nea en grupo, siguen siendo las zapatillas de running de referencia en las que puedes confiar, d\u00eda tras d\u00eda, carrera tras carrera. Estas Peg 40 especiales de los New Orleans Saints te permiten correr y representar a tu equipo favorito al mismo tiempo.<\/p>\n<\/div>\n<div>Pegasus 40 siempre est\u00e1 entre los calzados para correr m\u00e1s vendidas de Nike en el mundo. La calidad de Pegasus ha sido demostrada durante 40 a\u00f1os desde su primer lanzamiento. La l\u00ednea Pegasus es conocida por su versatilidad y es una de las favoritas entre muchos atletas. Ofrece una combinaci\u00f3n equilibrada de amortiguaci\u00f3n y capacidad de respuesta.<\/div>\n<div><\/div>\n<div class=\"content\"><b><span>Soporte: Neutral<\/span><\/b><span>Cuanto m\u00e1s soporte ofrezca el calzado, mayor estabilidad le brindar\u00e1 a tu pisada natural. Una combinaci\u00f3n de soporte ajustado y amortiguaci\u00f3n estrat\u00e9gicamente ubicada te ayuda a sentirte seguro en cada paso. La Peg 40 ofrece soporte neutro. Te proporciona equilibrio, ya sea que apoyes el tal\u00f3n o la puntera. Es ideal tanto para carreras largas como cortas, ya que proporciona una transici\u00f3n suave del tal\u00f3n a la punta.<\/span><\/p>\n<p><b><span>Amortiguaci\u00f3n: Media<\/span><\/b><span>Cuanta m\u00e1s amortiguaci\u00f3n tengas bajo los pies, m\u00e1s suave y c\u00f3moda ser\u00e1 tu experiencia al correr. La amortiguaci\u00f3n ayuda a suavizar el impacto al pisar el suelo. Si\u00e9ntete conectado con el suelo con la tecnolog\u00eda Nike React, una espuma ligera y duradera que ofrece una pisada c\u00f3moda y reactiva. Mantiene su forma carrera tras carrera para ofrecerte una sensaci\u00f3n constante.<\/span><\/p>\n<p><b><span>Capacidad de respuesta: alta<\/span><\/b><span>Cuanto m\u00e1s reactiva sea el calzado, mayor ser\u00e1 el retorno de energ\u00eda que recibir\u00e1s con cada paso. Ya sea que quieras correr un poco m\u00e1s r\u00e1pido o con menos esfuerzo, los calzados reactivas te dan un poco m\u00e1s de elasticidad en tus pasos para que disfrutes m\u00e1s de tu carrera. Combinamos la tecnolog\u00eda Nike React con dos unidades Zoom Air (una en el antepi\u00e9 y otra en el tal\u00f3n) para ofrecerte una sensaci\u00f3n de elasticidad y energ\u00eda al despegar.<\/span><\/p>\n<p><b><span>Ajuste y sensaci\u00f3n acogedores<\/span><\/b><span>Una malla de una sola capa, altamente ajustada, crea una sensaci\u00f3n y un ajuste c\u00f3modos. Redise\u00f1amos la correa del mediopi\u00e9 para un ajuste m\u00e1s moldeado, adapt\u00e1ndose a arcos de todos los tama\u00f1os.<\/span><\/p>\n<p><b><span>\u00bfQu\u00e9 novedades tiene el Peg 40?<\/span><\/b><span>Cuando nos sentamos a dise\u00f1ar el Peg 40, adoptamos un enfoque integral, comenzando con una banda en el mediopi\u00e9 para una sensaci\u00f3n m\u00e1s segura y flexible, como si el Peg le diera al arco un abrazo suave y acogedor. Quer\u00edamos que el interior del zapato fuera c\u00f3modo, transpirable y flexible en la puntera, el arco y el tal\u00f3n, donde los pies son m\u00e1s sensibles, con un patr\u00f3n circular dise\u00f1ado que permite que se adapte al pie.<\/span><\/p>\n<p><b><span>M\u00e1s beneficios<\/span><\/b><\/p>\n<ul>\n<li><span>La zona del tal\u00f3n optimiza el espacio de aterrizaje y mejora la transici\u00f3n y la durabilidad.<\/span><\/li>\n<li><span>El patr\u00f3n inspirado en gofres proporciona tracci\u00f3n en la carretera.<\/span><\/li>\n<li><span>Una ranura flexible adicional proporciona un despegue suave.<\/span><\/li>\n<\/ul>\n<p><b><span>Detalles del producto<\/span><\/b><\/p>\n<ul>\n<li><span>No est\u00e1 dise\u00f1ado para usarse como equipo de protecci\u00f3n personal (EPP).<\/span><\/li>\n<li><span>Color: Antracita\/Negro\/Oro del equipo\/Blanco.<\/span><\/li>\n<li><span>Modelo: DZ5996-001.<\/span><\/li>\n<\/ul>\n<\/div>\n","protected":false},"excerpt":{"rendered":"<p>PEGASUS 40 NFL NEW ORLEANS SAINTS Un paseo inspirador para cualquier carrera, la sensaci\u00f3n familiar y hecha para ti de<\/p>\n","protected":false},"featured_media":76566,"comment_status":"open","ping_status":"closed","template":"","meta":{"nf_dc_page":""},"product_brand":[],"product_cat":[76],"product_tag":[],"class_list":{"0":"post-76565","1":"product","2":"type-product","3":"status-publish","4":"has-post-thumbnail","6":"product_cat-masculino","8":"first","9":"outofstock","10":"shipping-taxable","11":"purchasable","12":"product-type-simple"},"_links":{"self":[{"href":"https:\/\/brandss.com.py\/index\/wp-json\/wp\/v2\/product\/76565","targetHints":{"allow":["GET"]}}],"collection":[{"href":"https:\/\/brandss.com.py\/index\/wp-json\/wp\/v2\/product"}],"about":[{"href":"https:\/\/brandss.com.py\/index\/wp-json\/wp\/v2\/types\/product"}],"replies":[{"embeddable":true,"href":"https:\/\/brandss.com.py\/index\/wp-json\/wp\/v2\/comments?post=76565"}],"version-history":[{"count":1,"href":"https:\/\/brandss.com.py\/index\/wp-json\/wp\/v2\/product\/76565\/revisions"}],"predecessor-version":[{"id":76576,"href":"https:\/\/brandss.com.py\/index\/wp-json\/wp\/v2\/product\/76565\/revisions\/76576"}],"wp:featuredmedia":[{"embeddable":true,"href":"https:\/\/brandss.com.py\/index\/wp-json\/wp\/v2\/media\/76566"}],"wp:attachment":[{"href":"https:\/\/brandss.com.py\/index\/wp-json\/wp\/v2\/media?parent=76565"}],"wp:term":[{"taxonomy":"product_brand","embeddable":true,"href":"https:\/\/brandss.com.py\/index\/wp-json\/wp\/v2\/product_brand?post=76565"},{"taxonomy":"product_cat","embeddable":true,"href":"https:\/\/brandss.com.py\/index\/wp-json\/wp\/v2\/product_cat?post=76565"},{"taxonomy":"product_tag","embeddable":true,"href":"https:\/\/brandss.com.py\/index\/wp-json\/wp\/v2\/product_tag?post=76565"}],"curies":[{"name":"wp","href":"https:\/\/api.w.org\/{rel}","templated":true}]}}