{"id":76584,"date":"2025-03-17T19:04:29","date_gmt":"2025-03-17T19:04:29","guid":{"rendered":"https:\/\/brandss.com.py\/index\/?post_type=product&#038;p=76584"},"modified":"2025-03-17T19:05:14","modified_gmt":"2025-03-17T19:05:14","slug":"calzado-deportivo-masculino-nike-giannis-immortality-3","status":"publish","type":"product","link":"https:\/\/brandss.com.py\/index\/producto\/calzado-deportivo-masculino-nike-giannis-immortality-3\/","title":{"rendered":"CALZADO DEPORTIVO MASCULINO NIKE GIANNIS IMMORTALITY 3"},"content":{"rendered":"<p><img loading=\"lazy\" decoding=\"async\" class=\"\" src=\"https:\/\/i0.wp.com\/www.vectorizando.com\/wp-content\/uploads\/2021\/05\/nike-logo-738b64ca.png?fit=500%2C500&amp;ssl=1\" alt=\"Nike logo 2025 | \u2713 Los mejores logos vectorizados\" width=\"125\" height=\"125\" \/><\/p>\n<h1>GIANNIS IMMORTALITY 3<\/h1>\n<p>\u00bfC\u00f3mo quieres que tu estilo de juego sea recordado? Conserva tu lugar entre los grandes, como Giannis, con el Giannis Immortality 3. Este calzado, hecho conscientemente para el juego actual de alto ritmo y sin posiciones, es m\u00e1s suave que la versi\u00f3n a.<\/p>\n<p>Pasea por Sepolia, donde todo empez\u00f3 para Giannis, donde encontr\u00f3 motivaci\u00f3n en las calles de la metr\u00f3poli. Este dise\u00f1o especial hace un gui\u00f1o a una de las canchas al aire libre de la ciudad, donde el Greek Freak forj\u00f3 su juego excepcional en la superficie tempestuosa y se abri\u00f3 camino al estrellato. Dise\u00f1ado espec\u00edficamente para el juego actual, din\u00e1mico y sin posiciones, es m\u00e1s suave que la versi\u00f3n anterior, con un patr\u00f3n de tracci\u00f3n espec\u00edfico, perfecto para lograr el paso perfecto de un jugador europeo en su camino hacia la gloria.<\/p>\n<p><strong>Caracter\u00edsticas:<\/strong><\/p>\n<ul>\n<li>\u00bfVes las ranuras que se abren por el centro de la suela? Te dan m\u00e1s flexibilidad para que los movimientos laterales, como el paso europeo, sean m\u00e1s f\u00e1ciles de realizar, ya sea en transici\u00f3n o girando alrededor de un defensa en el aro.<\/li>\n<li>La espuma de la entresuela es m\u00e1s suave que la de Giannis Immortality 2, para una experiencia m\u00e1s flexible bajo los pies al correr por la cancha y llenar los carriles.<\/li>\n<li>Una correa sint\u00e9tica en el mediopi\u00e9 ayuda a mantener el pie firme al moverse de lado a lado. La parte superior utiliza una malla ligera y transpirable para mantener el pie fresco.<\/li>\n<li>El lazo de gran tama\u00f1o en el tal\u00f3n te ayuda a ponerte el zapato de manera r\u00e1pida y f\u00e1cil.<\/li>\n<li>Color: Negro.<\/li>\n<li>Modelo: DZ7533-001 .<\/li>\n<\/ul>\n","protected":false},"excerpt":{"rendered":"<p>GIANNIS IMMORTALITY 3 \u00bfC\u00f3mo quieres que tu estilo de juego sea recordado? Conserva tu lugar entre los grandes, como Giannis,<\/p>\n","protected":false},"featured_media":76586,"comment_status":"open","ping_status":"closed","template":"","meta":{"nf_dc_page":""},"product_brand":[],"product_cat":[76],"product_tag":[],"class_list":{"0":"post-76584","1":"product","2":"type-product","3":"status-publish","4":"has-post-thumbnail","6":"product_cat-masculino","8":"first","9":"instock","10":"shipping-taxable","11":"purchasable","12":"product-type-simple"},"_links":{"self":[{"href":"https:\/\/brandss.com.py\/index\/wp-json\/wp\/v2\/product\/76584","targetHints":{"allow":["GET"]}}],"collection":[{"href":"https:\/\/brandss.com.py\/index\/wp-json\/wp\/v2\/product"}],"about":[{"href":"https:\/\/brandss.com.py\/index\/wp-json\/wp\/v2\/types\/product"}],"replies":[{"embeddable":true,"href":"https:\/\/brandss.com.py\/index\/wp-json\/wp\/v2\/comments?post=76584"}],"version-history":[{"count":2,"href":"https:\/\/brandss.com.py\/index\/wp-json\/wp\/v2\/product\/76584\/revisions"}],"predecessor-version":[{"id":76594,"href":"https:\/\/brandss.com.py\/index\/wp-json\/wp\/v2\/product\/76584\/revisions\/76594"}],"wp:featuredmedia":[{"embeddable":true,"href":"https:\/\/brandss.com.py\/index\/wp-json\/wp\/v2\/media\/76586"}],"wp:attachment":[{"href":"https:\/\/brandss.com.py\/index\/wp-json\/wp\/v2\/media?parent=76584"}],"wp:term":[{"taxonomy":"product_brand","embeddable":true,"href":"https:\/\/brandss.com.py\/index\/wp-json\/wp\/v2\/product_brand?post=76584"},{"taxonomy":"product_cat","embeddable":true,"href":"https:\/\/brandss.com.py\/index\/wp-json\/wp\/v2\/product_cat?post=76584"},{"taxonomy":"product_tag","embeddable":true,"href":"https:\/\/brandss.com.py\/index\/wp-json\/wp\/v2\/product_tag?post=76584"}],"curies":[{"name":"wp","href":"https:\/\/api.w.org\/{rel}","templated":true}]}}