{"id":76605,"date":"2025-03-18T13:03:29","date_gmt":"2025-03-18T13:03:29","guid":{"rendered":"https:\/\/brandss.com.py\/index\/?post_type=product&#038;p=76605"},"modified":"2026-02-13T10:59:53","modified_gmt":"2026-02-13T10:59:53","slug":"calzado-casual-femenino-nike-air-force-1-low","status":"publish","type":"product","link":"https:\/\/brandss.com.py\/index\/producto\/calzado-casual-femenino-nike-air-force-1-low\/","title":{"rendered":"CALZADO CASUAL FEMENINO NIKE AIR FORCE 1 LOW"},"content":{"rendered":"<p><img decoding=\"async\" src=\"https:\/\/encrypted-tbn0.gstatic.com\/images?q=tbn:ANd9GcSwxWjbiOX8rYuq720FgrIefCPVC-y-gHSUYg&amp;s\" alt=\"Logo Nike PNG transparente - StickPNG\" \/><\/p>\n<div class=\"flex flex-1 grow basis-auto flex-col overflow-hidden\">\n<div class=\"relative h-full\">\n<div class=\"flex h-full flex-col overflow-y-auto [scrollbar-gutter:stable]\">\n<div class=\"mt-1.5 flex flex-col text-sm @thread-xl\/thread:pt-header-height md:pb-9\">\n<article class=\"group\/turn w-full text-token-text-primary focus-visible:outline-2 focus-visible:outline-offset-[-4px]\" dir=\"auto\" data-testid=\"conversation-turn-4\" data-scroll-anchor=\"true\">\n<div class=\"text-base my-auto mx-auto py-[18px] px-6\">\n<div class=\"mx-auto flex flex-1 text-base gap-4 md:gap-5 lg:gap-6 md:max-w-3xl lg:max-w-[40rem] xl:max-w-[48rem]\">\n<div class=\"group\/conversation-turn relative flex w-full min-w-0 flex-col agent-turn @xs\/thread:px-0 @sm\/thread:px-1.5 @md\/thread:px-4\">\n<div class=\"flex-col gap-1 md:gap-3\">\n<div class=\"flex max-w-full flex-col flex-grow\">\n<div class=\"min-h-8 text-message relative flex w-full flex-col items-end gap-2 whitespace-normal break-words text-start [.text-message+&amp;]:mt-5\" dir=\"auto\" data-message-author-role=\"assistant\" data-message-id=\"b4d5ac70-fb60-4069-8e2c-389f0b4a6dd4\" data-message-model-slug=\"gpt-4o\">\n<div class=\"flex w-full flex-col gap-1 empty:hidden first:pt-[3px]\">\n<div class=\"markdown prose w-full break-words dark:prose-invert light\">\n<h1 data-start=\"0\" data-end=\"47\"><strong data-start=\"0\" data-end=\"45\"><span>Nike Air Force 1 &#8217;07 Low \u2013 Tenis Femenino<\/span><\/strong><\/h1>\n<p data-start=\"49\" data-end=\"414\"><span>El Nike Air Force 1 &#8217;07 Low es la fusi\u00f3n perfecta entre historia, estilo y comodidad. Este modelo ic\u00f3nico, nacido en las canchas de b\u00e1squetbol en 1982, se ha convertido en un referente de la moda urbana gracias a su dise\u00f1o atemporal y su versatilidad. Su estructura cl\u00e1sica se mantiene intacta, pero con un toque moderno que lo hace destacar en cualquier ocasi\u00f3n.<\/span><\/p>\n<h3 data-start=\"416\" data-end=\"441\"><strong data-start=\"420\" data-end=\"439\"><span>Dise\u00f1o y estilo<\/span><\/strong><\/h3>\n<p data-start=\"442\" data-end=\"931\"><span>Este modelo luce una silueta elegante y minimalista en un impecable color blanco, lo que lo convierte en un calzado ideal para combinar con cualquier atuendo. Su plataforma ofrece delgada la altura justa sin comprometer la comodidad, brindando un equilibrio perfecto entre sofisticaci\u00f3n y rendimiento. Los detalles sutiles en la parte superior, junto con el Swoosh de Nike, refuerzan su estilo cl\u00e1sico, mientras que las perforaciones en la puntera garantizan una \u00f3ptima transpirabilidad.<\/span><\/p>\n<h3 data-start=\"933\" data-end=\"966\"><strong data-start=\"937\" data-end=\"964\"><span>Comodidad y rendimiento<\/span><\/strong><\/h3>\n<p data-start=\"967\" data-end=\"1414\"><span>Fabricado con cuero premium, el Air Force 1 &#8217;07 Low no solo garantiza durabilidad, sino que tambi\u00e9n ofrece un ajuste c\u00f3modo y resistente. Su suela de goma con patr\u00f3n de tracci\u00f3n circular proporciona un agarre excepcional en diferentes superficies, asegurando estabilidad en cada paso. Adem\u00e1s, la ic\u00f3nica unidad Air en la entresuela brinda una amortiguaci\u00f3n ligera y eficaz, lo que permite una sensaci\u00f3n de suavidad y soporte durante todo el d\u00eda.<\/span><\/p>\n<h3 data-start=\"1416\" data-end=\"1448\"><strong data-start=\"1420\" data-end=\"1446\"><span>Detalles del producto:<\/span><\/strong><\/h3>\n<ul data-start=\"1449\" data-end=\"1835\">\n<li data-start=\"1449\" data-end=\"1491\"><strong data-start=\"1451\" data-end=\"1461\"><span>Color:<\/span><\/strong><span> Blanco\/Blanco\/Blanco\/Blanco<\/span><\/li>\n<li data-start=\"1492\" data-end=\"1563\"><strong data-start=\"1494\" data-end=\"1507\"><span>Material:<\/span><\/strong><span> Cuero de alta calidad para mayor resistencia y estilo.<\/span><\/li>\n<li data-start=\"1564\" data-end=\"1641\"><strong data-start=\"1566\" data-end=\"1584\"><span>Amortiguaci\u00f3n:<\/span><\/strong><span> Unidad de aire encapsulada para una pisada c\u00f3moda y ligera<\/span><\/li>\n<li data-start=\"1642\" data-end=\"1734\"><strong data-start=\"1644\" data-end=\"1663\"><span>Suela exterior:<\/span><\/strong><span> Goma con patr\u00f3n de tracci\u00f3n circular para mejor agarre y estabilidad.<\/span><\/li>\n<li data-start=\"1735\" data-end=\"1808\"><strong data-start=\"1737\" data-end=\"1748\"><span>Cierre:<\/span><\/strong><span> Cordones ajustables para un ajuste seguro y personalizado.<\/span><\/li>\n<li data-start=\"1809\" data-end=\"1835\"><strong data-start=\"1811\" data-end=\"1822\"><span>Estilo:<\/span><\/strong><span> DD8959-100<\/span><\/li>\n<\/ul>\n<h3 data-start=\"1837\" data-end=\"1880\"><strong data-start=\"1841\" data-end=\"1878\"><span>Un Cl\u00e1sico que Nunca Pasa de Moda<\/span><\/strong><\/h3>\n<p data-start=\"1881\" data-end=\"2245\" data-is-last-node=\"\" data-is-only-node=\"\"><span>El Nike Air Force 1 &#8217;07 Low sigue siendo un referente en el mundo del calzado deportivo y casual, combinando historia y modernidad en un dise\u00f1o que se adapta a cualquier estilo. Ya sea para un look relajado o para darle un toque urbano y c\u00f3modo a tu outfit, este modelo es una elecci\u00f3n infalible para quienes buscan comodidad, calidad y un estilo inigualable.<\/span><\/p>\n<\/div>\n<\/div>\n<\/div>\n<\/div>\n<\/div>\n<\/div>\n<\/div>\n<\/div>\n<\/article>\n<\/div>\n<\/div>\n<\/div>\n<\/div>\n","protected":false},"excerpt":{"rendered":"<p>Nike Air Force 1 &#8217;07 Low \u2013 Tenis Femenino El Nike Air Force 1 &#8217;07 Low es la fusi\u00f3n perfecta<\/p>\n","protected":false},"featured_media":76606,"comment_status":"open","ping_status":"closed","template":"","meta":{"nf_dc_page":""},"product_brand":[],"product_cat":[73],"product_tag":[],"class_list":{"0":"post-76605","1":"product","2":"type-product","3":"status-publish","4":"has-post-thumbnail","6":"product_cat-femenino","8":"first","9":"instock","10":"shipping-taxable","11":"purchasable","12":"product-type-simple"},"_links":{"self":[{"href":"https:\/\/brandss.com.py\/index\/wp-json\/wp\/v2\/product\/76605","targetHints":{"allow":["GET"]}}],"collection":[{"href":"https:\/\/brandss.com.py\/index\/wp-json\/wp\/v2\/product"}],"about":[{"href":"https:\/\/brandss.com.py\/index\/wp-json\/wp\/v2\/types\/product"}],"replies":[{"embeddable":true,"href":"https:\/\/brandss.com.py\/index\/wp-json\/wp\/v2\/comments?post=76605"}],"version-history":[{"count":1,"href":"https:\/\/brandss.com.py\/index\/wp-json\/wp\/v2\/product\/76605\/revisions"}],"predecessor-version":[{"id":76617,"href":"https:\/\/brandss.com.py\/index\/wp-json\/wp\/v2\/product\/76605\/revisions\/76617"}],"wp:featuredmedia":[{"embeddable":true,"href":"https:\/\/brandss.com.py\/index\/wp-json\/wp\/v2\/media\/76606"}],"wp:attachment":[{"href":"https:\/\/brandss.com.py\/index\/wp-json\/wp\/v2\/media?parent=76605"}],"wp:term":[{"taxonomy":"product_brand","embeddable":true,"href":"https:\/\/brandss.com.py\/index\/wp-json\/wp\/v2\/product_brand?post=76605"},{"taxonomy":"product_cat","embeddable":true,"href":"https:\/\/brandss.com.py\/index\/wp-json\/wp\/v2\/product_cat?post=76605"},{"taxonomy":"product_tag","embeddable":true,"href":"https:\/\/brandss.com.py\/index\/wp-json\/wp\/v2\/product_tag?post=76605"}],"curies":[{"name":"wp","href":"https:\/\/api.w.org\/{rel}","templated":true}]}}